{"id":96341,"date":"2025-03-11T09:37:20","date_gmt":"2025-03-11T09:37:20","guid":{"rendered":"https:\/\/moto-oprema.com\/Artikel\/alpinestars-sp-3-lederhandschuhe-schwarz\/"},"modified":"2025-03-11T09:37:20","modified_gmt":"2025-03-11T09:37:20","slug":"alpinestars-sp-3-lederhandschuhe-schwarz","status":"publish","type":"product","link":"https:\/\/moto-oprema.com\/de\/Artikel\/alpinestars-sp-3-lederhandschuhe-schwarz\/","title":{"rendered":"ALPINESTARS SP-3 LEDERHANDSCHUHE SCHWARZ"},"content":{"rendered":"<div id=\"tw-target-text-container\" class=\"tw-ta-container tw-nfl\">\n<p id=\"tw-target-text\" class=\"tw-data-text tw-text-large tw-ta\" dir=\"ltr\" style=\"text-align: left;\">Die SP-3 Handschuhe mit langer Stulpe wurden aus der Teilnahme an Spitzenrennen entwickelt und sind mit einer Vielzahl von rennsportinspirierten Leistungsmerkmalen ausgestattet. Akkordeon-Eins\u00e4tze an Daumen und Fingerr\u00fccken erh\u00f6hen die Flexibilit\u00e4t und Kontrolle, w\u00e4hrend die vorgeformte Konstruktion f\u00fcr eine nat\u00fcrliche, ergonomische Passform sorgt, die die Erm\u00fcdung der Hand reduziert und die Bewegungsfreiheit verbessert.  Diese Handschuhe aus vollnarbigem Ziegenleder mit gepolsterten Verst\u00e4rkungen bieten hervorragende Strapazierf\u00e4higkeit und Abriebfestigkeit und gew\u00e4hrleisten dauerhaften Komfort und Schutz auf der Stra\u00dfe.<\/p>\n<p dir=\"ltr\">Behaarung:<\/p>\n<ul>\n<li dir=\"ltr\">Die SP-3 Handschuhe mit langer Stulpe und einem doppelten Befestigungssystem, das eine Stulpenbefestigung und eine Handgelenkschlaufe umfasst, bieten eine erweiterte Abdeckung und einen sicheren Sitz, wodurch die Gefahr des Verrutschens oder Verrutschens w\u00e4hrend intensiver Fahrten verringert wird.<\/li>\n<li dir=\"ltr\">Die SP-3 Handschuhe haben griffige Eins\u00e4tze an Daumen und Handfl\u00e4che, die auch bei schwierigen Fahrbedingungen f\u00fcr besseren Halt und Kontrolle sorgen.<\/li>\n<\/ul>\n<p>Schutz:<\/p>\n<ul>\n<li>CE-zertifizierter Grad 1 Schl\u00fcsselbeinschutz. <\/li>\n<li>SP Kn\u00f6chelschutz mit PU-Beschichtung.<\/li>\n<li>Verst\u00e4rkte Polster an Fingern, Handfl\u00e4che, Manschette und Daumen.<\/li>\n<li>Sto\u00dfd\u00e4mpfender Schaumstoff an der Handfl\u00e4che.<\/li>\n<li>Griffverst\u00e4rkung aus Gummi.<\/li>\n<\/ul>\n<p>Zusammensetzung des Rohmaterials: 72 % PFERDESAMEN 20 % POLYURETHAN 8 % POLYAMID<\/p>\n<\/div>\n","protected":false},"excerpt":{"rendered":"<p>Farbe: Schwarz<\/p>\n","protected":false},"featured_media":96343,"comment_status":"open","ping_status":"closed","template":"","meta":{"_acf_changed":false},"brand":[2111],"gender":[2168],"product_brand":[],"product_cat":[1357,2086,2188],"product_tag":[],"class_list":{"0":"post-96341","1":"product","2":"type-product","3":"status-publish","4":"has-post-thumbnail","6":"brand-alpinestars-de","7":"gender-moski-de","8":"product_cat-ausrustung-fur-motorradfahrer","9":"product_cat-handschuhe","10":"product_cat-lederhandschuhe","11":"pa_velikost-st-2xl-de","12":"pa_velikost-st-3xl-de","13":"pa_velikost-st-l-de","14":"pa_velikost-st-m-de","15":"pa_velikost-st-s-de","16":"pa_velikost-st-xl-de","18":"first","19":"instock","20":"sale","21":"taxable","22":"shipping-taxable","23":"purchasable","24":"product-type-variable"},"acf":[],"_links":{"self":[{"href":"https:\/\/moto-oprema.com\/de\/wp-json\/wp\/v2\/product\/96341","targetHints":{"allow":["GET"]}}],"collection":[{"href":"https:\/\/moto-oprema.com\/de\/wp-json\/wp\/v2\/product"}],"about":[{"href":"https:\/\/moto-oprema.com\/de\/wp-json\/wp\/v2\/types\/product"}],"replies":[{"embeddable":true,"href":"https:\/\/moto-oprema.com\/de\/wp-json\/wp\/v2\/comments?post=96341"}],"wp:featuredmedia":[{"embeddable":true,"href":"https:\/\/moto-oprema.com\/de\/wp-json\/wp\/v2\/media\/96343"}],"wp:attachment":[{"href":"https:\/\/moto-oprema.com\/de\/wp-json\/wp\/v2\/media?parent=96341"}],"wp:term":[{"taxonomy":"brand","embeddable":true,"href":"https:\/\/moto-oprema.com\/de\/wp-json\/wp\/v2\/brand?post=96341"},{"taxonomy":"gender","embeddable":true,"href":"https:\/\/moto-oprema.com\/de\/wp-json\/wp\/v2\/gender?post=96341"},{"taxonomy":"product_brand","embeddable":true,"href":"https:\/\/moto-oprema.com\/de\/wp-json\/wp\/v2\/product_brand?post=96341"},{"taxonomy":"product_cat","embeddable":true,"href":"https:\/\/moto-oprema.com\/de\/wp-json\/wp\/v2\/product_cat?post=96341"},{"taxonomy":"product_tag","embeddable":true,"href":"https:\/\/moto-oprema.com\/de\/wp-json\/wp\/v2\/product_tag?post=96341"}],"curies":[{"name":"wp","href":"https:\/\/api.w.org\/{rel}","templated":true}]}}