{"id":96285,"date":"2025-03-10T10:03:42","date_gmt":"2025-03-10T10:03:42","guid":{"rendered":"https:\/\/moto-oprema.com\/Artikel\/spidi-4-saison-v3-h2out-jacke-schwarz-blau\/"},"modified":"2025-03-10T10:03:42","modified_gmt":"2025-03-10T10:03:42","slug":"spidi-4-saison-v3-h2out-jacke-schwarz-blau","status":"publish","type":"product","link":"https:\/\/moto-oprema.com\/de\/Artikel\/spidi-4-saison-v3-h2out-jacke-schwarz-blau\/","title":{"rendered":"SPIDI 4 SAISON V3 H2OUT JACKE SCHWARZ BLAU"},"content":{"rendered":"<p>Spidi 4 Saison V3 H2Out Wasserdicht Herren Textil Motorrad Jacke<\/p>\n<p>Die Spidi 4 Season V3 H2Out wurde speziell f\u00fcr Motorradreisende entwickelt und setzt seit \u00fcber einem Jahrzehnt Ma\u00dfst\u00e4be in Sachen Vielseitigkeit, Zuverl\u00e4ssigkeit und Modularit\u00e4t. Diese Jacke ist die perfekte Allwetter- und Abenteuerjacke, selbst auf den entlegensten Pfaden. <\/p>\n<p>Merkmale:<\/p>\n<ul>\n<li>3-in-1-System: Au\u00dfenjacke, wasserdichte H2Out-Membran und gestepptes Innenfutter<\/li>\n<li>InsideOut: wasserdichte H2Out-Membran, die auch au\u00dferhalb der Jacke getragen werden kann<\/li>\n<li>Bel\u00fcftungssystem mit verschlie\u00dfbaren Bel\u00fcftungs\u00f6ffnungen und innovativen Bel\u00fcftungsschlitzen von Hals zu Ellenbogen<\/li>\n<li>Rei\u00dfverschluss zum Verbinden mit der Hose<\/li>\n<li>Robustes Tenax-Polyamid-Gewebe f\u00fcr hervorragende Abriebfestigkeit<\/li>\n<li>Flexibles, hoch abriebfestes Nylon 6.6<\/li>\n<li>3M\u00ae Scotchlite\u00ae reflektierende Zonen f\u00fcr bessere Sichtbarkeit bei Nacht<\/li>\n<li>Verstellbare Taillenweite f\u00fcr eine perfekte Passform (ERGOFIT SYSTEM)<\/li>\n<li>Herausnehmbares, gestepptes Innenfutter (100 g Polsterung)<\/li>\n<li>Verstellbare Riemen zum Einstellen und Fixieren der Protektoren<\/li>\n<li>Hoch abriebfestes Polyamid und Nylon 6,6<\/li>\n<\/ul>\n<p>Spezifikationen:<\/p>\n<ul>\n<li>Schutzkleidung f\u00fcr Motorradfahrer, Schutzklasse AA (EN 17092-3:2020)<\/li>\n<li>Warrior Lite abnehmbare Schulter- und Ellbogenpolster, Stufe 2 (EN 1621-1)<\/li>\n<li>Kompatibel mit Step-In Wear f\u00fcr zus\u00e4tzliche Schichten<\/li>\n<li>Vorbereitet f\u00fcr Level 1 (Z64 Lady) und Level 2 (Z201 Lady) R\u00fcckenprotektoren (nicht im Lieferumfang enthalten)<\/li>\n<li>Vorbereitet f\u00fcr optionale Thermo Rain Chest X101, Rain Hoodie X99 (nicht im Lieferumfang enthalten)<\/li>\n<li>Wasserdichte, winddichte und atmungsaktive H2Out Technologie<\/li>\n<li>Festes Netzfutter f\u00fcr optimale Luftzirkulation<\/li>\n<\/ul>\n<p>Weitere Produktinformationen<br \/>\nMaterial Au\u00dfenschicht: 66% Polyester, 34% Polyamid \/ Innenschicht: 100% Polyester<\/p>\n","protected":false},"excerpt":{"rendered":"<p>Spidi 4 Saison V3 H2Out Wasserdicht Herren Textil Motorrad Jacke Jacke, die f\u00fcr das ganze Jahr&#8230;<\/p>\n","protected":false},"featured_media":96288,"comment_status":"open","ping_status":"closed","template":"","meta":{"_acf_changed":false},"brand":[2124],"gender":[2168],"product_brand":[],"product_cat":[1357,2045,2048],"product_tag":[],"class_list":{"0":"post-96285","1":"product","2":"type-product","3":"status-publish","4":"has-post-thumbnail","6":"brand-spidi-de","7":"gender-moski-de","8":"product_cat-ausrustung-fur-motorradfahrer","9":"product_cat-jakne-de","10":"product_cat-textil-jacken","11":"pa_size-2xl-de","12":"pa_size-3xl-de","13":"pa_size-4xl-de","14":"pa_size-l-de","15":"pa_size-m-de","16":"pa_size-s-de","17":"pa_size-xl-de","19":"first","20":"instock","21":"sale","22":"taxable","23":"shipping-taxable","24":"purchasable","25":"product-type-variable"},"acf":[],"_links":{"self":[{"href":"https:\/\/moto-oprema.com\/de\/wp-json\/wp\/v2\/product\/96285","targetHints":{"allow":["GET"]}}],"collection":[{"href":"https:\/\/moto-oprema.com\/de\/wp-json\/wp\/v2\/product"}],"about":[{"href":"https:\/\/moto-oprema.com\/de\/wp-json\/wp\/v2\/types\/product"}],"replies":[{"embeddable":true,"href":"https:\/\/moto-oprema.com\/de\/wp-json\/wp\/v2\/comments?post=96285"}],"wp:featuredmedia":[{"embeddable":true,"href":"https:\/\/moto-oprema.com\/de\/wp-json\/wp\/v2\/media\/96288"}],"wp:attachment":[{"href":"https:\/\/moto-oprema.com\/de\/wp-json\/wp\/v2\/media?parent=96285"}],"wp:term":[{"taxonomy":"brand","embeddable":true,"href":"https:\/\/moto-oprema.com\/de\/wp-json\/wp\/v2\/brand?post=96285"},{"taxonomy":"gender","embeddable":true,"href":"https:\/\/moto-oprema.com\/de\/wp-json\/wp\/v2\/gender?post=96285"},{"taxonomy":"product_brand","embeddable":true,"href":"https:\/\/moto-oprema.com\/de\/wp-json\/wp\/v2\/product_brand?post=96285"},{"taxonomy":"product_cat","embeddable":true,"href":"https:\/\/moto-oprema.com\/de\/wp-json\/wp\/v2\/product_cat?post=96285"},{"taxonomy":"product_tag","embeddable":true,"href":"https:\/\/moto-oprema.com\/de\/wp-json\/wp\/v2\/product_tag?post=96285"}],"curies":[{"name":"wp","href":"https:\/\/api.w.org\/{rel}","templated":true}]}}