{"id":96282,"date":"2025-03-11T08:23:17","date_gmt":"2025-03-11T08:23:17","guid":{"rendered":"https:\/\/moto-oprema.com\/Artikel\/spidi-4-saison-v3-h2out-dame-kurze-shorts-schwarz\/"},"modified":"2025-03-11T08:23:17","modified_gmt":"2025-03-11T08:23:17","slug":"spidi-4-saison-v3-h2out-dame-kurze-shorts-schwarz","status":"publish","type":"product","link":"https:\/\/moto-oprema.com\/de\/Artikel\/spidi-4-saison-v3-h2out-dame-kurze-shorts-schwarz\/","title":{"rendered":"SPIDI 4 SAISON V3 H2OUT DAME KURZE SHORTS SCHWARZ"},"content":{"rendered":"<p>Spidi 4 Saison V3 H2Out Frauen verk\u00fcrzte Textil wasserdichte Motorradhose<\/p>\n<p>Die Spidi 4 Season V3 H2Out Pants wurde speziell entwickelt, um Motorradfahrern Rundumschutz und maximalen Komfort bei allen Wetterbedingungen zu bieten. Mit einer herausnehmbaren H2Out-Membran und hochwertigem, extrem abriebfestem Material ist diese Hose perfekt f\u00fcr Langstreckenfahrten und Abenteuer in allen Jahreszeiten. <\/p>\n<p>Merkmale:<\/p>\n<ul>\n<li>Zwei Hosen in einer: Au\u00dfenhose und abnehmbare H2Out-Membran<\/li>\n<li>Kompatibel mit Step-In Wear Produkten<\/li>\n<li>Rei\u00dfverschluss zur Verbindung mit der Motorradjacke<\/li>\n<li>Bel\u00fcftungspaneele mit Rei\u00dfverschl\u00fcssen f\u00fcr optimale Luftzirkulation<\/li>\n<li>Verstellbare Beinmanschetten, geeignet f\u00fcr Motocross-Schuhe<\/li>\n<li>Tenax Polyamid-Gewebe, hoch abriebfest, f\u00fcr maximalen Schutz<\/li>\n<li>3M\u00ae Scotchlite\u00ae reflektierende Materialien f\u00fcr bessere Sichtbarkeit bei schlechten Lichtverh\u00e4ltnissen<\/li>\n<li>Zweilagiges wasserdichtes, atmungsaktives und winddichtes Laminat<\/li>\n<li>Reflektierende Zonen f\u00fcr bessere Sichtbarkeit beim Fahren in der Nacht<\/li>\n<li>Perforiertes Netzgewebe f\u00fcr zus\u00e4tzliche Atmungsaktivit\u00e4t<\/li>\n<li>Wasserdicht, winddicht und atmungsaktiv dank der H2Out-Technologie<\/li>\n<li>Herausnehmbare zweite Schicht: H2Out-Futter f\u00fcr zus\u00e4tzlichen Wetterschutz<\/li>\n<li>Festes Netzfutter f\u00fcr bessere Bel\u00fcftung<\/li>\n<li>Einstellbare Position der Kniepolster<\/li>\n<li>Mikrometrisches Stretch-System im Lendenbereich f\u00fcr eine ma\u00dfgeschneiderte Passform<\/li>\n<\/ul>\n<p>Spezifikationen:<\/p>\n<ul>\n<li>Schutzkleidung f\u00fcr Motorradfahrer, Schutzklasse AA (EN 17092-3:2020)<\/li>\n<li>Warrior Lite abnehmbare H\u00fcftprotektoren, Stufe 1 (EN 1621-1)<\/li>\n<li>Warrior Lite abnehmbare Knieschoner, Stufe 2 (EN 1621-1)<\/li>\n<li>H2Out wasserdichte Membran, die auch au\u00dferhalb der Hose getragen werden kann<\/li>\n<li>Verstellbare Knieschoner f\u00fcr optimalen SchutzZus\u00e4tzliche Produktinformationen<br \/>\nMaterial Au\u00dfenschicht: 50% Polyester, 45% Polyamid, 5% Elastan \/ 1. Schicht: 100% Polyester \/ 2. innere Schicht: 54% Polyamid, 46% Polyester. <\/li>\n<\/ul>\n","protected":false},"excerpt":{"rendered":"<p>Kurzes Modell Spidi 4 Season V3 H2Out wasserdichte Motorradhose aus Textil f\u00fcr Damen<\/p>\n","protected":false},"featured_media":96283,"comment_status":"open","ping_status":"closed","template":"","meta":{"_acf_changed":false},"brand":[2124],"gender":[2170],"product_brand":[],"product_cat":[1357,2189,2211],"product_tag":[],"class_list":{"0":"post-96282","1":"product","2":"type-product","3":"status-publish","4":"has-post-thumbnail","6":"brand-spidi-de","7":"gender-zenska-de","8":"product_cat-ausrustung-fur-motorradfahrer","9":"product_cat-hose","10":"product_cat-textil-hose","11":"pa_size-2xl-de","12":"pa_size-3xl-de","13":"pa_size-4xl-de","14":"pa_size-l-de","15":"pa_size-m-de","16":"pa_size-s-de","17":"pa_size-xl-de","18":"pa_size-xs-de","20":"first","21":"instock","22":"sale","23":"taxable","24":"shipping-taxable","25":"purchasable","26":"product-type-variable"},"acf":[],"_links":{"self":[{"href":"https:\/\/moto-oprema.com\/de\/wp-json\/wp\/v2\/product\/96282","targetHints":{"allow":["GET"]}}],"collection":[{"href":"https:\/\/moto-oprema.com\/de\/wp-json\/wp\/v2\/product"}],"about":[{"href":"https:\/\/moto-oprema.com\/de\/wp-json\/wp\/v2\/types\/product"}],"replies":[{"embeddable":true,"href":"https:\/\/moto-oprema.com\/de\/wp-json\/wp\/v2\/comments?post=96282"}],"wp:featuredmedia":[{"embeddable":true,"href":"https:\/\/moto-oprema.com\/de\/wp-json\/wp\/v2\/media\/96283"}],"wp:attachment":[{"href":"https:\/\/moto-oprema.com\/de\/wp-json\/wp\/v2\/media?parent=96282"}],"wp:term":[{"taxonomy":"brand","embeddable":true,"href":"https:\/\/moto-oprema.com\/de\/wp-json\/wp\/v2\/brand?post=96282"},{"taxonomy":"gender","embeddable":true,"href":"https:\/\/moto-oprema.com\/de\/wp-json\/wp\/v2\/gender?post=96282"},{"taxonomy":"product_brand","embeddable":true,"href":"https:\/\/moto-oprema.com\/de\/wp-json\/wp\/v2\/product_brand?post=96282"},{"taxonomy":"product_cat","embeddable":true,"href":"https:\/\/moto-oprema.com\/de\/wp-json\/wp\/v2\/product_cat?post=96282"},{"taxonomy":"product_tag","embeddable":true,"href":"https:\/\/moto-oprema.com\/de\/wp-json\/wp\/v2\/product_tag?post=96282"}],"curies":[{"name":"wp","href":"https:\/\/api.w.org\/{rel}","templated":true}]}}