{"id":96144,"date":"2025-02-28T11:22:07","date_gmt":"2025-02-28T11:22:07","guid":{"rendered":"https:\/\/moto-oprema.com\/Artikel\/alpinestars-tech-10-enduro-orange-fluo-schwarz-weiss\/"},"modified":"2025-02-28T11:22:07","modified_gmt":"2025-02-28T11:22:07","slug":"alpinestars-tech-10-enduro-orange-fluo-schwarz-weiss","status":"publish","type":"product","link":"https:\/\/moto-oprema.com\/de\/Artikel\/alpinestars-tech-10-enduro-orange-fluo-schwarz-weiss\/","title":{"rendered":"ALPINESTARS TECH 10 ENDURO ORANGE FLUO SCHWARZ WEISS"},"content":{"rendered":"<p>Der Alpinestars Tech 10 Enterprise ist der ultimative Motocross-Schuh, aber jetzt ist die Leistung und der Schutz mit dem Tech 10 Enduro noch h\u00f6her. Der Schuh hat eine v\u00f6llig neu gestaltete Au\u00dfensohle, die speziell entwickelt wurde, um die beste Traktion zu bieten und gleichzeitig Enduro-Fahrern das h\u00f6chste Ma\u00df an Schutz zu bieten.<br \/>\nDer CE-zertifizierte Tech 10 Enduro verf\u00fcgt \u00fcber eine propriet\u00e4re Dual-Compound-Au\u00dfensohle f\u00fcr die &#8222;Enduro&#8220;-Spezifikation, die nahtlos in die Struktur des Fu\u00dfbetts mit Multi-Density und integrierter Unterst\u00fctzung integriert ist. Sie sorgt f\u00fcr \u00fcberlegene Strapazierf\u00e4higkeit, Traktion und Gef\u00fchl w\u00e4hrend der Fahrt und verbesserte Leistung am Schalthebel.<br \/>\nDas Design des Tech 10 Enduro verbessert die Gesamtfunktionalit\u00e4t, Leistung und Sicherheit und reduziert gleichzeitig Gewicht und Materialvolumen.<br \/>\nEin wichtiges innovatives Merkmal des Tech 10 Enduro ist der patentierte Frontal Flexion Control Frame. In Kombination mit den beiden vorderen und hinteren Blattbefestigungen wirkt der Rahmen wie ein Sto\u00dfd\u00e4mpfer, der die Energie \u00fcber den gesamten Schuhrahmen verteilt und gleichzeitig die Vorw\u00e4rts- und R\u00fcckw\u00e4rtsflexion kontrolliert. Dadurch verf\u00fcgt der Tech 10 Enduro \u00fcber ein komplettes und nahtloses Flex-Kontrollsystem, das von der Sohle bis zur Schienbeinplatte reicht und eine leistungsstarke duale Bewegungskontrolle bietet, die \u00dcberkompression und \u00dcberstreckung verhindert.  <\/p>\n<p>Merkmale:<\/p>\n<ul>\n<li>Bequem zu tragen bei allen Wetterbedingungen<\/li>\n<li>Verwendung einzigartiger Alpinestars Technologien (Frontal Flexion Control Frame, asymmetrische Dual-Pivot-Arme, Dynamic Heel Compression Protection Shock Absorber)<\/li>\n<li>Reduziertes Gewicht<\/li>\n<li>Verwendung eines neu entwickelten Verbundmaterials, das leichter, aber haltbarer ist<\/li>\n<li>Reduzierte physische Form<\/li>\n<\/ul>\n","protected":false},"excerpt":{"rendered":"<p>Der Alpinestars Tech 10 Enterprise ist der ultimative Motocross-Schuh, aber jetzt ist die Leistung und der&#8230;<\/p>\n","protected":false},"featured_media":38214,"comment_status":"open","ping_status":"closed","template":"","meta":{"_acf_changed":false},"brand":[2111],"gender":[2168],"product_brand":[],"product_cat":[2028,2244],"product_tag":[],"class_list":{"0":"post-96144","1":"product","2":"type-product","3":"status-publish","4":"has-post-thumbnail","6":"brand-alpinestars-de","7":"gender-moski-de","8":"product_cat-motocross-ausrustung","9":"product_cat-mx-stiefel","10":"pa_size-10445-de","11":"pa_size-11455-de","12":"pa_size-1247-de","13":"pa_size-1348-de","14":"pa_size-14495-de","15":"pa_size-7405-de","16":"pa_size-842-de","17":"pa_size-943-de","19":"first","20":"instock","21":"sale","22":"taxable","23":"shipping-taxable","24":"purchasable","25":"product-type-variable"},"acf":[],"_links":{"self":[{"href":"https:\/\/moto-oprema.com\/de\/wp-json\/wp\/v2\/product\/96144","targetHints":{"allow":["GET"]}}],"collection":[{"href":"https:\/\/moto-oprema.com\/de\/wp-json\/wp\/v2\/product"}],"about":[{"href":"https:\/\/moto-oprema.com\/de\/wp-json\/wp\/v2\/types\/product"}],"replies":[{"embeddable":true,"href":"https:\/\/moto-oprema.com\/de\/wp-json\/wp\/v2\/comments?post=96144"}],"wp:featuredmedia":[{"embeddable":true,"href":"https:\/\/moto-oprema.com\/de\/wp-json\/wp\/v2\/media\/38214"}],"wp:attachment":[{"href":"https:\/\/moto-oprema.com\/de\/wp-json\/wp\/v2\/media?parent=96144"}],"wp:term":[{"taxonomy":"brand","embeddable":true,"href":"https:\/\/moto-oprema.com\/de\/wp-json\/wp\/v2\/brand?post=96144"},{"taxonomy":"gender","embeddable":true,"href":"https:\/\/moto-oprema.com\/de\/wp-json\/wp\/v2\/gender?post=96144"},{"taxonomy":"product_brand","embeddable":true,"href":"https:\/\/moto-oprema.com\/de\/wp-json\/wp\/v2\/product_brand?post=96144"},{"taxonomy":"product_cat","embeddable":true,"href":"https:\/\/moto-oprema.com\/de\/wp-json\/wp\/v2\/product_cat?post=96144"},{"taxonomy":"product_tag","embeddable":true,"href":"https:\/\/moto-oprema.com\/de\/wp-json\/wp\/v2\/product_tag?post=96144"}],"curies":[{"name":"wp","href":"https:\/\/api.w.org\/{rel}","templated":true}]}}