{"id":95833,"date":"2024-12-27T10:21:21","date_gmt":"2024-12-27T10:21:21","guid":{"rendered":"https:\/\/moto-oprema.com\/Artikel\/alpinestars-mx-jugend-sm3-ausfransen-hemlet-schwarz-orange-gelb-25\/"},"modified":"2024-12-27T10:21:21","modified_gmt":"2024-12-27T10:21:21","slug":"alpinestars-mx-jugend-sm3-ausfransen-hemlet-schwarz-orange-gelb-25","status":"publish","type":"product","link":"https:\/\/moto-oprema.com\/de\/Artikel\/alpinestars-mx-jugend-sm3-ausfransen-hemlet-schwarz-orange-gelb-25\/","title":{"rendered":"ALPINESTARS MX JUGEND SM3 AUSFRANSEN HEMLET SCHWARZ ORANGE GELB 25"},"content":{"rendered":"<p>Der brandneue SM3 Jugendhelm ist anatomisch geformt und speziell f\u00fcr Jugendliche und j\u00fcngere Fahrer profiliert. Er wurde f\u00fcr den Einsatz in MX-, Enduro- und Offroad-Klassen optimiert und enth\u00e4lt eine Reihe von Technologien und Innovationen aus dem Alpinestars-Helmsortiment f\u00fcr Erwachsene, um die optimale Kombination aus Leistung, Schutz und Komfort zu bieten.<\/p>\n<p>Der neue SM3 Jugendhelm wurde speziell f\u00fcr Jugendliche und j\u00fcngere Fahrer entwickelt. Er ist f\u00fcr den MX-, Enduro- und Offroad-Einsatz optimiert und verf\u00fcgt \u00fcber eine ganze Reihe von Technologien und Innovationen, die aus Alpinestars Helmen f\u00fcr Erwachsene \u00fcbernommen wurden, um die optimale Mischung aus Leistung, Schutz und Komfort zu bieten.<\/p>\n<p>Der neue SM3 Jugendhelm wurde speziell f\u00fcr Jugendliche und j\u00fcngere Fahrer entwickelt und profiliert. Er ist f\u00fcr den MX-, Enduro- und Offroad-Einsatz optimiert und verf\u00fcgt \u00fcber eine ganze Reihe von Technologien und Innovationen, die von Alpinestars Helmen f\u00fcr Erwachsene \u00fcbernommen wurden, um die optimale Mischung aus Leistung, Schutz und Komfort zu bieten. <\/p>\n<ul class=\"group\/features\">\n<li><span class=\"metafield-multi_line_text_field\">Dieser leichte Helm verf\u00fcgt \u00fcber eine thermisch gespritzte Schale mit einer speziellen Polymermischung, die durch unterschiedliche Dicken verbessert wurde, um die optimale Kombination aus Aufprallschutz und geringem Gewicht zu bieten.<\/span><\/li>\n<li>Die leichte Au\u00dfenschale besteht aus einem technologisch fortschrittlichen, schlagfesten Thermoplast und ist in drei Gr\u00f6\u00dfen (Youth Small, Youth Medium und Youth Large) erh\u00e4ltlich. Der SM3 Youth wiegt 1060 g (ECE) und 1170 g (DOT). <\/li>\n<li>Getrennte Versionen der Schalen f\u00fcr DOT- und ECE-Anforderungen. Die DOT-zertifizierte Version der Innenschale des Helms besteht aus einem Faserverbundwerkstoff, der zwischen der Au\u00dfenschale und dem EPS-Innenfutter angebracht ist, um maximalen Schutz vor St\u00f6\u00dfen zu bieten.<\/li>\n<li>Die Passform kann dank der Krone und der Wangenpolster des Helms, die als Ersatzteile in verschiedenen St\u00e4rken erh\u00e4ltlich sind, an den Kopf des Fahrers angepasst werden.<\/li>\n<li>Die Gr\u00f6\u00dfen Youth Medium (YM) und Youth Large (YL) haben dieselbe EPS-Gr\u00f6\u00dfe, so dass Fahrer mit einer YM-Gr\u00f6\u00dfe zun\u00e4chst einen YM-Helm kaufen und ihn dann mit Hilfe der Ersatzteile f\u00fcr Krone und Wangenpolster auf eine Youth Large-Gr\u00f6\u00dfe konfigurieren k\u00f6nnen, wenn sie wachsen.<\/li>\n<li>Der Youth Small (YS) hat eine kleinere EPS-Gr\u00f6\u00dfe und kann nur \u00fcber die Wangenpolster angepasst werden. Alpinestars umfangreiche Untersuchungen haben gezeigt, dass die Kinder, die eine YS-Gr\u00f6\u00dfe tragen, sehr klein sind, typischerweise 3 bis 4 Jahre alt, und dass sie daher eine spezielle Helmpassform ben\u00f6tigen. <\/li>\n<\/ul>\n<p>&nbsp;<\/p>\n","protected":false},"excerpt":{"rendered":"<p>Alpinestars MX Jugend SM3 Hemlet ECE06<\/p>\n","protected":false},"featured_media":33463,"comment_status":"open","ping_status":"open","template":"","meta":{"_acf_changed":false},"brand":[2111],"gender":[],"product_brand":[],"product_cat":[2028,2063,2217],"product_tag":[],"class_list":{"0":"post-95833","1":"product","2":"type-product","3":"status-publish","4":"has-post-thumbnail","6":"brand-alpinestars-de","7":"product_cat-motocross-ausrustung","8":"product_cat-mx-helme","9":"product_cat-mx-helme-de","10":"pa_size-yl-de","11":"pa_size-ym-de","12":"pa_size-ys-de","14":"first","15":"instock","16":"sale","17":"taxable","18":"shipping-taxable","19":"purchasable","20":"product-type-variable"},"acf":[],"_links":{"self":[{"href":"https:\/\/moto-oprema.com\/de\/wp-json\/wp\/v2\/product\/95833","targetHints":{"allow":["GET"]}}],"collection":[{"href":"https:\/\/moto-oprema.com\/de\/wp-json\/wp\/v2\/product"}],"about":[{"href":"https:\/\/moto-oprema.com\/de\/wp-json\/wp\/v2\/types\/product"}],"replies":[{"embeddable":true,"href":"https:\/\/moto-oprema.com\/de\/wp-json\/wp\/v2\/comments?post=95833"}],"wp:featuredmedia":[{"embeddable":true,"href":"https:\/\/moto-oprema.com\/de\/wp-json\/wp\/v2\/media\/33463"}],"wp:attachment":[{"href":"https:\/\/moto-oprema.com\/de\/wp-json\/wp\/v2\/media?parent=95833"}],"wp:term":[{"taxonomy":"brand","embeddable":true,"href":"https:\/\/moto-oprema.com\/de\/wp-json\/wp\/v2\/brand?post=95833"},{"taxonomy":"gender","embeddable":true,"href":"https:\/\/moto-oprema.com\/de\/wp-json\/wp\/v2\/gender?post=95833"},{"taxonomy":"product_brand","embeddable":true,"href":"https:\/\/moto-oprema.com\/de\/wp-json\/wp\/v2\/product_brand?post=95833"},{"taxonomy":"product_cat","embeddable":true,"href":"https:\/\/moto-oprema.com\/de\/wp-json\/wp\/v2\/product_cat?post=95833"},{"taxonomy":"product_tag","embeddable":true,"href":"https:\/\/moto-oprema.com\/de\/wp-json\/wp\/v2\/product_tag?post=95833"}],"curies":[{"name":"wp","href":"https:\/\/api.w.org\/{rel}","templated":true}]}}