{"id":95770,"date":"2024-12-27T09:16:51","date_gmt":"2024-12-27T09:16:51","guid":{"rendered":"https:\/\/moto-oprema.com\/Artikel\/alpinestars-mx-jugend-radar-handschuhe-nachtmarine-weiss-25\/"},"modified":"2024-12-27T09:16:51","modified_gmt":"2024-12-27T09:16:51","slug":"alpinestars-mx-jugend-radar-handschuhe-nachtmarine-weiss-25","status":"publish","type":"product","link":"https:\/\/moto-oprema.com\/de\/Artikel\/alpinestars-mx-jugend-radar-handschuhe-nachtmarine-weiss-25\/","title":{"rendered":"ALPINESTARS MX JUGEND RADAR HANDSCHUHE NACHTMARINE WEISS 25"},"content":{"rendered":"<p>Die Radar Jugend- und Kinderhandschuhe sind leicht und mit gro\u00dfartigen Komforteigenschaften ausgestattet. Sie verf\u00fcgen \u00fcber eine einlagige Konstruktion mit einem einlagigen Stretchr\u00fccken und eine Handfl\u00e4che aus synthetischem Wildleder f\u00fcr hohen Komfort und ein besseres Gef\u00fchl beim Umgang mit dem Motorrad. F\u00fcr die MX25-Linie sind die Youth &amp; Kids Radar Gloves mit leitf\u00e4higem Handfl\u00e4chen- und Fingermaterial und einem praktischen nahtlosen Verschlussband ausgestattet. <\/p>\n<p>Die leichten und komfortablen Youth &amp; Kids Radar Gloves sind rundum einlagig konstruiert, mit einer einlagigen Stretch-Oberhand und einer Handfl\u00e4che aus synthetischem Wildleder f\u00fcr hohen Komfort und ein besseres Gef\u00fchl f\u00fcr die Bedienelemente des Motorrads. F\u00fcr die MX25-Linie verf\u00fcgen die Youth &amp; Kids Radar Gloves \u00fcber leitf\u00e4higes Material f\u00fcr die Handfl\u00e4che und die Finger sowie einen praktischen nahtlosen Verschlussriemen. <\/p>\n<p>Die Radar-Handschuhe f\u00fcr Jugendliche und Kinder sind leicht und mit ausgezeichneten Komforteigenschaften ausgestattet. Sie verf\u00fcgen \u00fcber eine einlagige Konstruktion mit einer einlagigen Stretch-Oberhand und einer Handfl\u00e4che aus synthetischem Wildleder f\u00fcr hohen Komfort und ein besseres Gef\u00fchl f\u00fcr die Bedienelemente des Motorrads. F\u00fcr die MX25-Linie sind die Youth &amp; Kids Radar Gloves mit leitf\u00e4higem Material auf der Handfl\u00e4che und den Fingern sowie einem praktischen nahtlosen Verschlussband ausgestattet.  <\/p>\n<p>&nbsp;<\/p>\n","protected":false},"excerpt":{"rendered":"<p>Alpinestars MX Jugend Radar Handschuhe<\/p>\n","protected":false},"featured_media":33435,"comment_status":"open","ping_status":"open","template":"","meta":{"_acf_changed":false},"brand":[2111],"gender":[],"product_brand":[],"product_cat":[2028,2070,2248],"product_tag":[],"class_list":{"0":"post-95770","1":"product","2":"type-product","3":"status-publish","4":"has-post-thumbnail","6":"brand-alpinestars-de","7":"product_cat-motocross-ausrustung","8":"product_cat-mx-handschuhe","9":"product_cat-mx-handschuhe-de","10":"pa_size-l-de","11":"pa_size-m-de","12":"pa_size-s-de","13":"pa_size-xs-de","14":"pa_size-xxs-de","15":"pa_size-xxxs-de","17":"first","18":"instock","19":"sale","20":"taxable","21":"shipping-taxable","22":"purchasable","23":"product-type-variable"},"acf":[],"_links":{"self":[{"href":"https:\/\/moto-oprema.com\/de\/wp-json\/wp\/v2\/product\/95770","targetHints":{"allow":["GET"]}}],"collection":[{"href":"https:\/\/moto-oprema.com\/de\/wp-json\/wp\/v2\/product"}],"about":[{"href":"https:\/\/moto-oprema.com\/de\/wp-json\/wp\/v2\/types\/product"}],"replies":[{"embeddable":true,"href":"https:\/\/moto-oprema.com\/de\/wp-json\/wp\/v2\/comments?post=95770"}],"wp:featuredmedia":[{"embeddable":true,"href":"https:\/\/moto-oprema.com\/de\/wp-json\/wp\/v2\/media\/33435"}],"wp:attachment":[{"href":"https:\/\/moto-oprema.com\/de\/wp-json\/wp\/v2\/media?parent=95770"}],"wp:term":[{"taxonomy":"brand","embeddable":true,"href":"https:\/\/moto-oprema.com\/de\/wp-json\/wp\/v2\/brand?post=95770"},{"taxonomy":"gender","embeddable":true,"href":"https:\/\/moto-oprema.com\/de\/wp-json\/wp\/v2\/gender?post=95770"},{"taxonomy":"product_brand","embeddable":true,"href":"https:\/\/moto-oprema.com\/de\/wp-json\/wp\/v2\/product_brand?post=95770"},{"taxonomy":"product_cat","embeddable":true,"href":"https:\/\/moto-oprema.com\/de\/wp-json\/wp\/v2\/product_cat?post=95770"},{"taxonomy":"product_tag","embeddable":true,"href":"https:\/\/moto-oprema.com\/de\/wp-json\/wp\/v2\/product_tag?post=95770"}],"curies":[{"name":"wp","href":"https:\/\/api.w.org\/{rel}","templated":true}]}}