{"id":95751,"date":"2025-03-13T08:54:30","date_gmt":"2025-03-13T08:54:30","guid":{"rendered":"https:\/\/moto-oprema.com\/Artikel\/alpinestars-stella-dusk-lederjacke-schwarz-weiss\/"},"modified":"2025-03-13T08:54:30","modified_gmt":"2025-03-13T08:54:30","slug":"alpinestars-stella-dusk-lederjacke-schwarz-weiss","status":"publish","type":"product","link":"https:\/\/moto-oprema.com\/de\/Artikel\/alpinestars-stella-dusk-lederjacke-schwarz-weiss\/","title":{"rendered":"ALPINESTARS STELLA DUSK LEDERJACKE SCHWARZ WEISS"},"content":{"rendered":"<p>Die Stella Dusk Volllederjacke schlie\u00dft die L\u00fccke zwischen einer Rennsportjacke und einer traditionellen Lederjacke und wurde entwickelt, um maximalen Komfort und fortschrittlichen Schutz zu bieten. Ausgestattet mit der neuesten Generation der Alpinestars Nucleon PLASMA Panzerung f\u00fcr optimalen Schutz, ist diese Jacke ebenso vielseitig wie sch\u00fctzend. Die Jacke verf\u00fcgt \u00fcber ein herausnehmbares Thermofutter, so dass sie schnell und einfach an wechselnde Wetterbedingungen angepasst werden kann, was den Komfort bei einer Vielzahl von Fahrbedingungen gew\u00e4hrleistet.  <\/p>\n<p>Behaarung:<\/p>\n<ul>\n<li>Anatomisch geformt f\u00fcr eine optimale Passform f\u00fcr Frauen.<\/li>\n<li>Die Jacke ist f\u00fcr den Allwettereinsatz konzipiert und passt sich dank ihres vollst\u00e4ndigen Thermofutters (80 g Isolierung am K\u00f6rper, 60 g an den \u00c4rmeln) und der strategisch platzierten Bel\u00fcftungs\u00f6ffnungen zur Regulierung der K\u00f6rpertemperatur des Fahrers an die klimatischen Bedingungen an.<\/li>\n<li>Die Alpinestars Nucleon PLASMA Technologie bietet eine \u00fcberragende Sto\u00dfd\u00e4mpfung, Energieableitung und erh\u00f6hten Komfort dank ihres hochatmungsaktiven Designs, w\u00e4hrend sie gleichzeitig sehr anpassungsf\u00e4hig an den K\u00f6rper des Fahrers ist und eine \u00fcberragende, ma\u00dfgeschneiderte Passform bietet. Diese &#8222;ma\u00dfgeschneiderte&#8220; Passform verbessert die Gesamtwirksamkeit des Schutzes, indem sie L\u00fccken, die gef\u00e4hrdete Bereiche freilegen w\u00fcrden, minimiert und gleichzeitig die Bewegungsfreiheit f\u00f6rdert. <\/li>\n<\/ul>\n<p>Zusammensetzung des Rohmaterials: 76 % BIVOLE LEATHER 22 % POLYMID 2 % ELASTAN<\/p>\n","protected":false},"excerpt":{"rendered":"<p>Alpinestars Dusk Damen Lederjacke<\/p>\n","protected":false},"featured_media":95351,"comment_status":"open","ping_status":"closed","template":"","meta":{"_acf_changed":false},"brand":[2111],"gender":[2170],"product_brand":[],"product_cat":[1357,2045,2228],"product_tag":[],"class_list":{"0":"post-95751","1":"product","2":"type-product","3":"status-publish","4":"has-post-thumbnail","6":"brand-alpinestars-de","7":"gender-zenska-de","8":"product_cat-ausrustung-fur-motorradfahrer","9":"product_cat-jakne-de","10":"product_cat-lederjacken","11":"pa_size-38-de","12":"pa_size-40-de","13":"pa_size-42-de","14":"pa_size-44-de","15":"pa_size-46-de","16":"pa_size-48-de","17":"pa_size-50-de","18":"pa_size-52-de","20":"first","21":"instock","22":"sale","23":"taxable","24":"shipping-taxable","25":"purchasable","26":"product-type-variable"},"acf":[],"_links":{"self":[{"href":"https:\/\/moto-oprema.com\/de\/wp-json\/wp\/v2\/product\/95751","targetHints":{"allow":["GET"]}}],"collection":[{"href":"https:\/\/moto-oprema.com\/de\/wp-json\/wp\/v2\/product"}],"about":[{"href":"https:\/\/moto-oprema.com\/de\/wp-json\/wp\/v2\/types\/product"}],"replies":[{"embeddable":true,"href":"https:\/\/moto-oprema.com\/de\/wp-json\/wp\/v2\/comments?post=95751"}],"wp:featuredmedia":[{"embeddable":true,"href":"https:\/\/moto-oprema.com\/de\/wp-json\/wp\/v2\/media\/95351"}],"wp:attachment":[{"href":"https:\/\/moto-oprema.com\/de\/wp-json\/wp\/v2\/media?parent=95751"}],"wp:term":[{"taxonomy":"brand","embeddable":true,"href":"https:\/\/moto-oprema.com\/de\/wp-json\/wp\/v2\/brand?post=95751"},{"taxonomy":"gender","embeddable":true,"href":"https:\/\/moto-oprema.com\/de\/wp-json\/wp\/v2\/gender?post=95751"},{"taxonomy":"product_brand","embeddable":true,"href":"https:\/\/moto-oprema.com\/de\/wp-json\/wp\/v2\/product_brand?post=95751"},{"taxonomy":"product_cat","embeddable":true,"href":"https:\/\/moto-oprema.com\/de\/wp-json\/wp\/v2\/product_cat?post=95751"},{"taxonomy":"product_tag","embeddable":true,"href":"https:\/\/moto-oprema.com\/de\/wp-json\/wp\/v2\/product_tag?post=95751"}],"curies":[{"name":"wp","href":"https:\/\/api.w.org\/{rel}","templated":true}]}}