{"id":95735,"date":"2025-03-13T09:38:17","date_gmt":"2025-03-13T09:38:17","guid":{"rendered":"https:\/\/moto-oprema.com\/Artikel\/alpinestars-ramjet-air-hose-schwarz\/"},"modified":"2025-03-13T09:38:17","modified_gmt":"2025-03-13T09:38:17","slug":"alpinestars-ramjet-air-hose-schwarz","status":"publish","type":"product","link":"https:\/\/moto-oprema.com\/de\/Artikel\/alpinestars-ramjet-air-hose-schwarz\/","title":{"rendered":"ALPINESTARS RAMJET AIR HOSE SCHWARZ"},"content":{"rendered":"<p>Die Ramet Air Pant hat eine strapazierf\u00e4hige Mehrpaneel-Konstruktion mit strategisch platzierten PU-Verst\u00e4rkungen, um Abriebfestigkeit zu gew\u00e4hrleisten. Das Netzfutter und die Lufteinl\u00e4sse des Jet Ventilation Systems sorgen f\u00fcr einen k\u00fchlenden Luftstrom, w\u00e4hrend die Stretcheins\u00e4tze Mobilit\u00e4t und Komfort bieten. <\/p>\n<p>Eigenschaften<\/p>\n<ul>\n<li>Reflektierende Details f\u00fcr eine bessere Sichtbarkeit des Radfahrers.<\/li>\n<li>Die vorgew\u00f6lbte Form f\u00fcr eine nat\u00fcrliche Fahrposition reduziert Erm\u00fcdung und verbessert den Komfort.<\/li>\n<li>Verstellbarer Bund mit D-Ring f\u00fcr eine sichere und individuelle Passform.<\/li>\n<li>Rei\u00dfverschluss am Bund erm\u00f6glicht die Verbindung mit Alpinestars Leder- und Textiljacken<\/li>\n<\/ul>\n<p>Bauwesen<\/p>\n<ul>\n<li>Multi-Panel-Konstruktion mit 450\/600 Denier-Eins\u00e4tzen mit strategisch platziertem abriebfestem Air-Flow-Mesh f\u00fcr optimierten K\u00fchlkomfort.<\/li>\n<li>Die Au\u00dfenh\u00fclle ist mit einer PU-Beschichtung verst\u00e4rkt, um die Haltbarkeit zu erh\u00f6hen, und die Konstruktion der Hauptn\u00e4hte ist maximal rei\u00dffest.<\/li>\n<li>Chord-Textil-Stretcheins\u00e4tze am R\u00fccken und an den Knien f\u00fcr hervorragende Beweglichkeit und weniger Erm\u00fcdung.<\/li>\n<li>Der untere Saum mit Rei\u00dfverschluss und Klettverschluss sorgt f\u00fcr eine enge und ma\u00dfgeschneiderte Passform rund um den Schuh.<\/li>\n<li>Volles Mesh-Futter und 3D-Mesh an der Innenseite des Bunds f\u00fcr Komfort und Atmungsaktivit\u00e4t.<\/li>\n<li>Externe Rei\u00dfverschlusstaschen an den Oberschenkeln f\u00fcr sichere Aufbewahrung.<\/li>\n<li>Das Jet Ventilation System (JVS) verf\u00fcgt \u00fcber Bel\u00fcftungs\u00f6ffnungen mit Rei\u00dfverschluss und Netzgewebe, um den K\u00fchlluftstrom zu steuern.<\/li>\n<\/ul>\n<p>87 % POLYESTER 13 % POLYMID<\/p>\n","protected":false},"excerpt":{"rendered":"<p>Kurze Alpinestars Andes Air Hose<\/p>\n","protected":false},"featured_media":95738,"comment_status":"open","ping_status":"closed","template":"","meta":{"_acf_changed":false},"brand":[2111],"gender":[2168],"product_brand":[],"product_cat":[1357,2189,2211],"product_tag":[],"class_list":{"0":"post-95735","1":"product","2":"type-product","3":"status-publish","4":"has-post-thumbnail","6":"brand-alpinestars-de","7":"gender-moski-de","8":"product_cat-ausrustung-fur-motorradfahrer","9":"product_cat-hose","10":"product_cat-textil-hose","11":"pa_velikost-st-2xl-de","12":"pa_velikost-st-3xl-de","13":"pa_velikost-st-4xl-de","14":"pa_velikost-st-l-de","15":"pa_velikost-st-m-de","16":"pa_velikost-st-s-de","17":"pa_velikost-st-xl-de","19":"first","20":"instock","21":"sale","22":"taxable","23":"shipping-taxable","24":"purchasable","25":"product-type-variable"},"acf":[],"_links":{"self":[{"href":"https:\/\/moto-oprema.com\/de\/wp-json\/wp\/v2\/product\/95735","targetHints":{"allow":["GET"]}}],"collection":[{"href":"https:\/\/moto-oprema.com\/de\/wp-json\/wp\/v2\/product"}],"about":[{"href":"https:\/\/moto-oprema.com\/de\/wp-json\/wp\/v2\/types\/product"}],"replies":[{"embeddable":true,"href":"https:\/\/moto-oprema.com\/de\/wp-json\/wp\/v2\/comments?post=95735"}],"wp:featuredmedia":[{"embeddable":true,"href":"https:\/\/moto-oprema.com\/de\/wp-json\/wp\/v2\/media\/95738"}],"wp:attachment":[{"href":"https:\/\/moto-oprema.com\/de\/wp-json\/wp\/v2\/media?parent=95735"}],"wp:term":[{"taxonomy":"brand","embeddable":true,"href":"https:\/\/moto-oprema.com\/de\/wp-json\/wp\/v2\/brand?post=95735"},{"taxonomy":"gender","embeddable":true,"href":"https:\/\/moto-oprema.com\/de\/wp-json\/wp\/v2\/gender?post=95735"},{"taxonomy":"product_brand","embeddable":true,"href":"https:\/\/moto-oprema.com\/de\/wp-json\/wp\/v2\/product_brand?post=95735"},{"taxonomy":"product_cat","embeddable":true,"href":"https:\/\/moto-oprema.com\/de\/wp-json\/wp\/v2\/product_cat?post=95735"},{"taxonomy":"product_tag","embeddable":true,"href":"https:\/\/moto-oprema.com\/de\/wp-json\/wp\/v2\/product_tag?post=95735"}],"curies":[{"name":"wp","href":"https:\/\/api.w.org\/{rel}","templated":true}]}}