{"id":95660,"date":"2025-03-12T10:43:20","date_gmt":"2025-03-12T10:43:20","guid":{"rendered":"https:\/\/moto-oprema.com\/Artikel\/alpinestars-techdura-jacke-schwarz-falcon-braun\/"},"modified":"2025-03-12T10:43:20","modified_gmt":"2025-03-12T10:43:20","slug":"alpinestars-techdura-jacke-schwarz-falcon-braun","status":"publish","type":"product","link":"https:\/\/moto-oprema.com\/de\/Artikel\/alpinestars-techdura-jacke-schwarz-falcon-braun\/","title":{"rendered":"ALPINESTARS TECHDURA JACKE SCHWARZ FALCON BRAUN"},"content":{"rendered":"<p>Die Techdura Jacke ist hochgradig modular und hat technische Aspekte, die einzigartig f\u00fcr Alpinestars sind. Die Techdura-Jacke besteht aus einem strapazierf\u00e4higen und robusten Stretch-Polyamid-Gewebe mit abnehmbaren \u00c4rmeln und seitlichen Bel\u00fcftungs\u00f6ffnungen am Oberk\u00f6rper. Sie ist vollst\u00e4ndig an die klimatischen Bedingungen anpassbar, da sie f\u00fcr die Anforderungen von Enduro- und Offroad-Fahrten konzipiert wurde. Die Techdura-Jacke ist wasser- und winddicht und passt f\u00fcr alle Alpinestars Oberk\u00f6rperprotektoren. Die Jacke verf\u00fcgt au\u00dferdem \u00fcber eine integrierte Tasche f\u00fcr die nahtlose Anbringung eines Trinksystems. V\u00f6llig einzigartig ist der abnehmbare taktische Rucksack, der mit der Techdura Jacke geliefert wird. Das Tactical Pack wird separat am R\u00fccken und an der Brust befestigt und bietet 4 Brusttaschen mit Platz f\u00fcr die Luftzirkulation in der Mitte, auf der Vorderseite und ein hinteres Fach f\u00fcr einen separaten Trinksystembeh\u00e4lter oder andere Ausr\u00fcstung. Die Techdura Jacke mit dem Tactical Pack ist eine gro\u00dfartige Wahl, die es Endurofahrern erm\u00f6glicht, je nach den Bed\u00fcrfnissen der Fahrt verschiedene Gegenst\u00e4nde mitzuf\u00fchren. Die Techdura Jacke setzt mit ihrer robusten und doch dehnbaren Konstruktion einen einzigartigen neuen modernen Standard, der Enduro- und Offroad-Fahrern hilft, alle Arten von Gel\u00e4nde mit Komfort und Stil zu bew\u00e4ltigen.       <\/p>\n<p>&nbsp;<\/p>\n<p>Zusammensetzung des Rohmaterials: 66 % POLYAMID 34 % POLIESTER<\/p>\n","protected":false},"excerpt":{"rendered":"<p>Die Techdura Jacke ist hochgradig modular und hat technische Aspekte, die einzigartig f\u00fcr Alpinestars sind. Die&#8230;<\/p>\n","protected":false},"featured_media":95663,"comment_status":"open","ping_status":"closed","template":"","meta":{"_acf_changed":false},"brand":[2111],"gender":[2168],"product_brand":[],"product_cat":[1357,2045,2048],"product_tag":[],"class_list":{"0":"post-95660","1":"product","2":"type-product","3":"status-publish","4":"has-post-thumbnail","6":"brand-alpinestars-de","7":"gender-moski-de","8":"product_cat-ausrustung-fur-motorradfahrer","9":"product_cat-jakne-de","10":"product_cat-textil-jacken","11":"pa_size-2xl-de","12":"pa_size-3xl-de","13":"pa_size-l-de","14":"pa_size-m-de","15":"pa_size-s-de","16":"pa_size-xl-de","18":"first","19":"instock","20":"sale","21":"taxable","22":"shipping-taxable","23":"purchasable","24":"product-type-variable"},"acf":[],"_links":{"self":[{"href":"https:\/\/moto-oprema.com\/de\/wp-json\/wp\/v2\/product\/95660","targetHints":{"allow":["GET"]}}],"collection":[{"href":"https:\/\/moto-oprema.com\/de\/wp-json\/wp\/v2\/product"}],"about":[{"href":"https:\/\/moto-oprema.com\/de\/wp-json\/wp\/v2\/types\/product"}],"replies":[{"embeddable":true,"href":"https:\/\/moto-oprema.com\/de\/wp-json\/wp\/v2\/comments?post=95660"}],"wp:featuredmedia":[{"embeddable":true,"href":"https:\/\/moto-oprema.com\/de\/wp-json\/wp\/v2\/media\/95663"}],"wp:attachment":[{"href":"https:\/\/moto-oprema.com\/de\/wp-json\/wp\/v2\/media?parent=95660"}],"wp:term":[{"taxonomy":"brand","embeddable":true,"href":"https:\/\/moto-oprema.com\/de\/wp-json\/wp\/v2\/brand?post=95660"},{"taxonomy":"gender","embeddable":true,"href":"https:\/\/moto-oprema.com\/de\/wp-json\/wp\/v2\/gender?post=95660"},{"taxonomy":"product_brand","embeddable":true,"href":"https:\/\/moto-oprema.com\/de\/wp-json\/wp\/v2\/product_brand?post=95660"},{"taxonomy":"product_cat","embeddable":true,"href":"https:\/\/moto-oprema.com\/de\/wp-json\/wp\/v2\/product_cat?post=95660"},{"taxonomy":"product_tag","embeddable":true,"href":"https:\/\/moto-oprema.com\/de\/wp-json\/wp\/v2\/product_tag?post=95660"}],"curies":[{"name":"wp","href":"https:\/\/api.w.org\/{rel}","templated":true}]}}