{"id":95620,"date":"2025-03-13T08:55:52","date_gmt":"2025-03-13T08:55:52","guid":{"rendered":"https:\/\/moto-oprema.com\/Artikel\/alpinestars-dusk-lederjacke-schwarz\/"},"modified":"2025-03-13T08:55:52","modified_gmt":"2025-03-13T08:55:52","slug":"alpinestars-dusk-lederjacke-schwarz","status":"publish","type":"product","link":"https:\/\/moto-oprema.com\/de\/Artikel\/alpinestars-dusk-lederjacke-schwarz\/","title":{"rendered":"ALPINESTARS DUSK LEDERJACKE SCHWARZ"},"content":{"rendered":"<p>Die Dusk Volllederjacke schlie\u00dft die L\u00fccke zwischen einer Rennsportjacke und einer traditionellen Lederjacke und wurde entwickelt, um maximalen Komfort und fortschrittlichen Schutz zu bieten. Ausgestattet mit der neuesten Generation der Alpinestars Nucleon PLASMA Panzerung f\u00fcr optimalen Schutz, ist diese Jacke ebenso vielseitig wie sch\u00fctzend. Mit einem herausnehmbaren Thermofutter kann die Jacke schnell und einfach an wechselnde Witterungsbedingungen angepasst werden und sorgt so f\u00fcr Komfort bei einer Vielzahl von Fahrbedingungen.  <\/p>\n<p>Eigenschaften<\/p>\n<ul>\n<li>Die f\u00fcr den Allwettereinsatz konzipierte Jacke l\u00e4sst sich dank eines vollst\u00e4ndigen Thermofutters (80 g Isolierung am K\u00f6rper, 60 g an den \u00c4rmeln) und strategisch platzierter Bel\u00fcftungsl\u00f6cher zur Regulierung der K\u00f6rpertemperatur des Fahrers an die klimatischen Bedingungen w\u00e4hrend der Fahrt anpassen.<\/li>\n<li>Die Alpinestars Nucleon PLASMA Technologie bietet eine \u00fcberragende Sto\u00dfd\u00e4mpfung, Energieableitung und erh\u00f6hten Komfort dank der hohen Atmungsaktivit\u00e4t, w\u00e4hrend sie gleichzeitig sehr anpassungsf\u00e4hig an den K\u00f6rper des Fahrers ist und eine hervorragende, ma\u00dfgeschneiderte Passform bietet. Diese &#8222;ma\u00dfgeschneiderte&#8220; Passform verbessert die Gesamtwirksamkeit des Schutzes, indem sie L\u00fccken, die gef\u00e4hrdete Bereiche freilegen k\u00f6nnten, reduziert und gleichzeitig die Bewegungsfreiheit f\u00f6rdert. <\/li>\n<\/ul>\n<p>Zusammensetzung des Rohmaterials: 76 % BIVOLE LEATHER 22 % POLYMID 2 % ELASTAN<\/p>\n","protected":false},"excerpt":{"rendered":"<p>Alpinestars Dusk Herren Lederjacke<\/p>\n","protected":false},"featured_media":95621,"comment_status":"open","ping_status":"closed","template":"","meta":{"_acf_changed":false},"brand":[2111],"gender":[2168],"product_brand":[],"product_cat":[1357,2045,2228],"product_tag":[],"class_list":{"0":"post-95620","1":"product","2":"type-product","3":"status-publish","4":"has-post-thumbnail","6":"brand-alpinestars-de","7":"gender-moski-de","8":"product_cat-ausrustung-fur-motorradfahrer","9":"product_cat-jakne-de","10":"product_cat-lederjacken","11":"pa_size-44-de","12":"pa_size-46-de","13":"pa_size-48-de","14":"pa_size-50-de","15":"pa_size-52-de","16":"pa_size-54-de","17":"pa_size-56-de","18":"pa_size-58-de","19":"pa_size-60-de","20":"pa_size-62-de","22":"first","23":"instock","24":"sale","25":"taxable","26":"shipping-taxable","27":"purchasable","28":"product-type-variable"},"acf":[],"_links":{"self":[{"href":"https:\/\/moto-oprema.com\/de\/wp-json\/wp\/v2\/product\/95620","targetHints":{"allow":["GET"]}}],"collection":[{"href":"https:\/\/moto-oprema.com\/de\/wp-json\/wp\/v2\/product"}],"about":[{"href":"https:\/\/moto-oprema.com\/de\/wp-json\/wp\/v2\/types\/product"}],"replies":[{"embeddable":true,"href":"https:\/\/moto-oprema.com\/de\/wp-json\/wp\/v2\/comments?post=95620"}],"wp:featuredmedia":[{"embeddable":true,"href":"https:\/\/moto-oprema.com\/de\/wp-json\/wp\/v2\/media\/95621"}],"wp:attachment":[{"href":"https:\/\/moto-oprema.com\/de\/wp-json\/wp\/v2\/media?parent=95620"}],"wp:term":[{"taxonomy":"brand","embeddable":true,"href":"https:\/\/moto-oprema.com\/de\/wp-json\/wp\/v2\/brand?post=95620"},{"taxonomy":"gender","embeddable":true,"href":"https:\/\/moto-oprema.com\/de\/wp-json\/wp\/v2\/gender?post=95620"},{"taxonomy":"product_brand","embeddable":true,"href":"https:\/\/moto-oprema.com\/de\/wp-json\/wp\/v2\/product_brand?post=95620"},{"taxonomy":"product_cat","embeddable":true,"href":"https:\/\/moto-oprema.com\/de\/wp-json\/wp\/v2\/product_cat?post=95620"},{"taxonomy":"product_tag","embeddable":true,"href":"https:\/\/moto-oprema.com\/de\/wp-json\/wp\/v2\/product_tag?post=95620"}],"curies":[{"name":"wp","href":"https:\/\/api.w.org\/{rel}","templated":true}]}}