{"id":95541,"date":"2025-03-12T09:12:22","date_gmt":"2025-03-12T09:12:22","guid":{"rendered":"https:\/\/moto-oprema.com\/Artikel\/alpinestars-st-7-2l-gore-tex-hose-schwarz\/"},"modified":"2025-03-12T09:12:22","modified_gmt":"2025-03-12T09:12:22","slug":"alpinestars-st-7-2l-gore-tex-hose-schwarz","status":"publish","type":"product","link":"https:\/\/moto-oprema.com\/de\/Artikel\/alpinestars-st-7-2l-gore-tex-hose-schwarz\/","title":{"rendered":"ALPINESTARS ST-7 2L GORE-TEX HOSE SCHWARZ"},"content":{"rendered":"<p>Die ST-7 2L GORE-TEX Jacke wird durch die ST-7 2L GORE-TEX Hose erg\u00e4nzt. Sie ist die perfekte Wahl f\u00fcr Fahrer, die alle \u00fcberragenden Vorteile der Gore-Tex Laminatkonstruktion und der patentierten ergonomischen Beweglichkeit von Alpinestars nutzen m\u00f6chten, aber eine leichtere Option f\u00fcr den weniger intensiven Einsatz in anspruchsvollem Terrain suchen. Wie die Jacke ist auch die ST-7 2L GORE-TEX Hose 100% wasserdicht und atmungsaktiv und verf\u00fcgt \u00fcber einen CE Level 2 zertifizierten Nucleon Flex Pro Knieprotektor und ein verstellbares Passformsystem, das eine individuelle Passform und komfortable Bewegung erm\u00f6glicht. Die Konstruktion ist eine Mischung aus strapazierf\u00e4higen, leichten und flexiblen Materialien mit Polyfabric-Verst\u00e4rkungen an der Innenseite der Socken und technologischem Stretchmaterial im Schritt und der hinteren Passe. Die ST-7 Hose hat gro\u00dfe ergonomische Taschen mit direkter Bel\u00fcftung \u00fcber Rei\u00dfverschl\u00fcsse an den Oberschenkeln und einen vorgeformten Bund mit Magnetverschluss. Innen befindet sich ein herausnehmbares Thermofutter mit 80 g Isolierung an den Oberschenkeln und am Ges\u00e4\u00df, 60 g Isolierung an den Unterschenkeln und Stretchmaterial an den Knien und der hinteren Passe.    <\/p>\n<p>Die ST-7 2L GORE-TEX Allwetter-Adaptivhose mit AA-Bewertung ist die perfekte Wahl f\u00fcr jede Tour und das perfekte Accessoire in Kombination mit der ST-7 2L GORE-TEX Jacke. Gem\u00e4\u00df der europ\u00e4ischen Gesetzgebung ist die CE-Kennzeichnung eine Konformit\u00e4tsbedingung f\u00fcr die Vermarktung dieses Produkts. EN 17092-3:2020 &#8211; Klasse AA. CE Level 1, Kategorie II EN 1621-1:2012 Nucleon Flex Plus Knieprotektor. CE Level 1, Kategorie II EN 1621-1:2012 Bioflex H\u00fcftprotektor. \u00a9 2021 W. GORE-TEX, GORE-TEX GUARANTEED TO KEEP YOU DRY\u00ae, GORE-TEX und Designs sind Marken von W.L Gore &amp; Associates, Inc.<\/p>\n","protected":false},"excerpt":{"rendered":"<p>Die ST-7 2L GORE-TEX Jacke wird durch die ST-7 2L GORE-TEX Hose erg\u00e4nzt. Sie ist die&#8230;<\/p>\n","protected":false},"featured_media":95543,"comment_status":"open","ping_status":"closed","template":"","meta":{"_acf_changed":false},"brand":[2111],"gender":[2168],"product_brand":[],"product_cat":[1357,2045,2048],"product_tag":[],"class_list":{"0":"post-95541","1":"product","2":"type-product","3":"status-publish","4":"has-post-thumbnail","6":"brand-alpinestars-de","7":"gender-moski-de","8":"product_cat-ausrustung-fur-motorradfahrer","9":"product_cat-jakne-de","10":"product_cat-textil-jacken","11":"pa_size-2xl-de","12":"pa_size-3xl-de","13":"pa_size-4xl-de","14":"pa_size-l-de","15":"pa_size-m-de","16":"pa_size-s-de","17":"pa_size-xl-de","19":"first","20":"instock","21":"sale","22":"taxable","23":"shipping-taxable","24":"purchasable","25":"product-type-variable"},"acf":[],"_links":{"self":[{"href":"https:\/\/moto-oprema.com\/de\/wp-json\/wp\/v2\/product\/95541","targetHints":{"allow":["GET"]}}],"collection":[{"href":"https:\/\/moto-oprema.com\/de\/wp-json\/wp\/v2\/product"}],"about":[{"href":"https:\/\/moto-oprema.com\/de\/wp-json\/wp\/v2\/types\/product"}],"replies":[{"embeddable":true,"href":"https:\/\/moto-oprema.com\/de\/wp-json\/wp\/v2\/comments?post=95541"}],"wp:featuredmedia":[{"embeddable":true,"href":"https:\/\/moto-oprema.com\/de\/wp-json\/wp\/v2\/media\/95543"}],"wp:attachment":[{"href":"https:\/\/moto-oprema.com\/de\/wp-json\/wp\/v2\/media?parent=95541"}],"wp:term":[{"taxonomy":"brand","embeddable":true,"href":"https:\/\/moto-oprema.com\/de\/wp-json\/wp\/v2\/brand?post=95541"},{"taxonomy":"gender","embeddable":true,"href":"https:\/\/moto-oprema.com\/de\/wp-json\/wp\/v2\/gender?post=95541"},{"taxonomy":"product_brand","embeddable":true,"href":"https:\/\/moto-oprema.com\/de\/wp-json\/wp\/v2\/product_brand?post=95541"},{"taxonomy":"product_cat","embeddable":true,"href":"https:\/\/moto-oprema.com\/de\/wp-json\/wp\/v2\/product_cat?post=95541"},{"taxonomy":"product_tag","embeddable":true,"href":"https:\/\/moto-oprema.com\/de\/wp-json\/wp\/v2\/product_tag?post=95541"}],"curies":[{"name":"wp","href":"https:\/\/api.w.org\/{rel}","templated":true}]}}