{"id":95422,"date":"2025-01-08T11:03:03","date_gmt":"2025-01-08T11:03:03","guid":{"rendered":"https:\/\/moto-oprema.com\/Artikel\/agv-k-1-mit-puls-46\/"},"modified":"2025-01-08T11:03:03","modified_gmt":"2025-01-08T11:03:03","slug":"agv-k-1-mit-puls-46","status":"publish","type":"product","link":"https:\/\/moto-oprema.com\/de\/Artikel\/agv-k-1-mit-puls-46\/","title":{"rendered":"AGV K-1 MIT PULS 46"},"content":{"rendered":"<p>Der neue AGV-Helm weckt Ihren Rennfahrergeist, damit Sie die t\u00e4glichen Herausforderungen meistern k\u00f6nnen. Der K1 S ist ein Stra\u00dfenhelm, der auf der MotoGP-Erfahrung von AGV aufbaut und f\u00fcr den vielseitigen Einsatz auf allen Strecken geeignet ist.  Das aerodynamische Schalendesign aus hochfesten Thermoplasten, die aus dem Rennsport entwickelten vorderen Lufteinl\u00e4sse und der neue, im Windkanal entwickelte aerodynamische Spoiler erh\u00f6hen die Leistung und sorgen f\u00fcr Stabilit\u00e4t auch bei hohen Geschwindigkeiten im sportlichen Einsatz. Das kratzfeste Ultravision-Panoramavisier bietet eine breitere seitliche und vertikale Sicht f\u00fcr einen perfekten \u00dcberblick \u00fcber die Umgebung. Kompromissloser Komfort dank der weichen, herausnehmbaren und waschbaren Dry Comfort-Innenausstattung. Dank seines Designprotokolls \u00fcbertrifft der AGV Extreme Safety K1 S die Anforderungen der strengen ECE 22.06-Norm bei weitem.    <\/p>\n<p>Merkmale:<\/p>\n<p>Integrierter Spoiler<br \/>\nDry-Comfort-Gewebe<br \/>\nSpeziell entwickelte Passform f\u00fcr Brillentr\u00e4ger<br \/>\nVorbereitet f\u00fcr konventionelles Kommunikationssystem<br \/>\nHerausnehmbares und waschbares Innenfutter<br \/>\nHerausnehmbarer Nasenschutz und Windabweiser<br \/>\n2 hintere und 5 vordere Bel\u00fcftungs\u00f6ffnungen<br \/>\nEinstellbare Bel\u00fcftungsschlitze<br \/>\nVisier, Kratzfest, mit Mikro-\u00d6ffnungssystem und 190 Grad horizontalem Sichtfeld, vorinstalliertes Pinlock<br \/>\nMehrstufiger Visiermechanismus<br \/>\nPatentierter Mechanismus des Schnellverschlusses<br \/>\nSpezifikationen:<\/p>\n<p>ECE 22-06<br \/>\n2 Schalengr\u00f6\u00dfen<br \/>\nEPS mit 4 Dichten in 4 Gr\u00f6\u00dfen<br \/>\nSchale mit Profil zum Schutz des Schl\u00fcsselbeins<br \/>\nHochwiderstandsf\u00e4higer Thermoplast<br \/>\nDoppelter D-Ring-Verschluss<br \/>\n1500 g in der ersten Schalengr\u00f6\u00dfe<\/p>\n","protected":false},"excerpt":{"rendered":"<p>Der neue AGV-Helm weckt Ihren Rennfahrergeist, damit Sie die t\u00e4glichen Herausforderungen meistern k\u00f6nnen. Der K1 S&#8230;<\/p>\n","protected":false},"featured_media":95441,"comment_status":"open","ping_status":"closed","template":"","meta":{"_acf_changed":false},"brand":[2128],"gender":[2173],"product_brand":[],"product_cat":[1357,1360,1361],"product_tag":[],"class_list":{"0":"post-95422","1":"product","2":"type-product","3":"status-publish","4":"has-post-thumbnail","6":"brand-agv-de","7":"gender-unisex-de","8":"product_cat-ausrustung-fur-motorradfahrer","9":"product_cat-helme","10":"product_cat-integral","11":"pa_size-l-de","12":"pa_size-m-de","13":"pa_size-s-de","14":"pa_size-xl-de","15":"pa_size-xs-de","16":"pa_size-xxl-de","18":"first","19":"instock","20":"sale","21":"taxable","22":"shipping-taxable","23":"purchasable","24":"product-type-variable"},"acf":[],"_links":{"self":[{"href":"https:\/\/moto-oprema.com\/de\/wp-json\/wp\/v2\/product\/95422","targetHints":{"allow":["GET"]}}],"collection":[{"href":"https:\/\/moto-oprema.com\/de\/wp-json\/wp\/v2\/product"}],"about":[{"href":"https:\/\/moto-oprema.com\/de\/wp-json\/wp\/v2\/types\/product"}],"replies":[{"embeddable":true,"href":"https:\/\/moto-oprema.com\/de\/wp-json\/wp\/v2\/comments?post=95422"}],"wp:featuredmedia":[{"embeddable":true,"href":"https:\/\/moto-oprema.com\/de\/wp-json\/wp\/v2\/media\/95441"}],"wp:attachment":[{"href":"https:\/\/moto-oprema.com\/de\/wp-json\/wp\/v2\/media?parent=95422"}],"wp:term":[{"taxonomy":"brand","embeddable":true,"href":"https:\/\/moto-oprema.com\/de\/wp-json\/wp\/v2\/brand?post=95422"},{"taxonomy":"gender","embeddable":true,"href":"https:\/\/moto-oprema.com\/de\/wp-json\/wp\/v2\/gender?post=95422"},{"taxonomy":"product_brand","embeddable":true,"href":"https:\/\/moto-oprema.com\/de\/wp-json\/wp\/v2\/product_brand?post=95422"},{"taxonomy":"product_cat","embeddable":true,"href":"https:\/\/moto-oprema.com\/de\/wp-json\/wp\/v2\/product_cat?post=95422"},{"taxonomy":"product_tag","embeddable":true,"href":"https:\/\/moto-oprema.com\/de\/wp-json\/wp\/v2\/product_tag?post=95422"}],"curies":[{"name":"wp","href":"https:\/\/api.w.org\/{rel}","templated":true}]}}