{"id":95414,"date":"2025-02-19T09:21:50","date_gmt":"2025-02-19T09:21:50","guid":{"rendered":"https:\/\/moto-oprema.com\/Artikel\/alpinestars-1pc-gp-plus-v4-sprint-schwarz-weiss\/"},"modified":"2025-02-19T09:21:50","modified_gmt":"2025-02-19T09:21:50","slug":"alpinestars-1pc-gp-plus-v4-sprint-schwarz-weiss","status":"publish","type":"product","link":"https:\/\/moto-oprema.com\/de\/Artikel\/alpinestars-1pc-gp-plus-v4-sprint-schwarz-weiss\/","title":{"rendered":"ALPINESTARS 1PC GP PLUS V4 SPRINT SCHWARZ WEISS"},"content":{"rendered":"<p>Der GP Plus V4 Sprint 1PC Lightweight Leather 1-Piece Suit wurde auf der Grundlage von umfangreichem Feedback von der Rennstrecke entwickelt und mit dem Fokus auf Flexibilit\u00e4t, Komfort und Bewegungsfreiheit konzipiert. Er bietet Renntechnologie, Leistung, Schutz und Komfort. Der Anzug ist vollst\u00e4ndig Tech-Air\u00ae-f\u00e4hig und erm\u00f6glicht die nahtlose Installation des Tech-Air\u00ae 7x Airbagsystems. Er kann auch ein optionales Tech-Air\u00ae 7x Display am \u00c4rmel und ein drahtloses Tech-Air\u00ae 10 Display aufnehmen. <\/p>\n<p>Flex Plus Leder in &#8222;Rennqualit\u00e4t&#8220; hat zwei Schichten an exponierten Stellen f\u00fcr erh\u00f6hte Haltbarkeit. Dieses Premium-Rindsleder ist weich und geschmeidig, bietet eine au\u00dfergew\u00f6hnliche Abriebfestigkeit und ist gleichzeitig sehr flexibel und anpassungsf\u00e4hig.<br \/>\nDie Alpinestars Composite Stretch (A-CS\u00ae) Technologie auf der R\u00fcckseite bietet au\u00dfergew\u00f6hnliche Atmungsaktivit\u00e4t, Komfort und Bewegungsfreiheit. Die A-CS\u00ae Technologie ist nicht nur leichter und kompakter als herk\u00f6mmliche Leder-Akkordeon-Paneele &#8211; ca. 9 % leichter &#8211; sondern bietet auch eine hervorragende Dehnbarkeit mit 30 % Stretch. Dar\u00fcber hinaus bietet sie im Vergleich zu HRSF (Hyper Resistant Stretch Fibre) eine um 288% h\u00f6here Rei\u00dffestigkeit und im Vergleich zu Leder eine um 600% h\u00f6here Schnittfestigkeit.<br \/>\nVollst\u00e4ndig perforierte Ledereins\u00e4tze verbessern die Luftzirkulation und Atmungsaktivit\u00e4t weiter und sorgen f\u00fcr optimale K\u00fchlung.   <\/p>\n<p>SICHERHEIT:<\/p>\n<ul>\n<li>Die GP-R-Rennpanzerung bietet erweiterten Schutz an Ellbogen, Knie und Schienbein f\u00fcr zus\u00e4tzlichen Schutz in den wichtigsten Bereichen.<\/li>\n<li>Rennerprobte GP DFS-Slider mit abnehmbaren Ellbogensliders f\u00fcr effiziente Reibungskontrolle.<\/li>\n<li>Nucleon Race Schulterpanzer f\u00fcr hervorragenden Aufprallschutz und Abriebfestigkeit.<\/li>\n<li>Gem\u00e4\u00df der europ\u00e4ischen Gesetzgebung ist die CE-Kennzeichnung eine Konformit\u00e4tsbedingung f\u00fcr die Vermarktung dieses Produkts. Vollst\u00e4ndig CE-zertifizierte Reitbekleidung in \u00dcbereinstimmung mit den CE-Normen &#8211; Kategorie II EN17092 &#8211; Klasse AAA. <\/li>\n<\/ul>\n<p>Zusammensetzung des Rohmaterials: 63 % Rinderohren 25 % POLYAMID 8 % POLYURETHAN 4 % ELASTAN<\/p>\n<p>&nbsp;<\/p>\n","protected":false},"excerpt":{"rendered":"<p>Farbe: Schwarz &#8211; Wei\u00df<\/p>\n","protected":false},"featured_media":36676,"comment_status":"open","ping_status":"closed","template":"","meta":{"_acf_changed":false},"brand":[2111],"gender":[2168],"product_brand":[],"product_cat":[2220,1357,2176],"product_tag":[],"class_list":{"0":"post-95414","1":"product","2":"type-product","3":"status-publish","4":"has-post-thumbnail","6":"brand-alpinestars-de","7":"gender-moski-de","8":"product_cat-1-teilige-latzhose","9":"product_cat-ausrustung-fur-motorradfahrer","10":"product_cat-latzhose","11":"pa_size-44-de","12":"pa_size-46-de","13":"pa_size-48-de","14":"pa_size-50-de","15":"pa_size-52-de","16":"pa_size-54-de","17":"pa_size-56-de","18":"pa_size-58-de","19":"pa_size-60-de","21":"first","22":"instock","23":"sale","24":"taxable","25":"shipping-taxable","26":"purchasable","27":"product-type-variable"},"acf":[],"_links":{"self":[{"href":"https:\/\/moto-oprema.com\/de\/wp-json\/wp\/v2\/product\/95414","targetHints":{"allow":["GET"]}}],"collection":[{"href":"https:\/\/moto-oprema.com\/de\/wp-json\/wp\/v2\/product"}],"about":[{"href":"https:\/\/moto-oprema.com\/de\/wp-json\/wp\/v2\/types\/product"}],"replies":[{"embeddable":true,"href":"https:\/\/moto-oprema.com\/de\/wp-json\/wp\/v2\/comments?post=95414"}],"wp:featuredmedia":[{"embeddable":true,"href":"https:\/\/moto-oprema.com\/de\/wp-json\/wp\/v2\/media\/36676"}],"wp:attachment":[{"href":"https:\/\/moto-oprema.com\/de\/wp-json\/wp\/v2\/media?parent=95414"}],"wp:term":[{"taxonomy":"brand","embeddable":true,"href":"https:\/\/moto-oprema.com\/de\/wp-json\/wp\/v2\/brand?post=95414"},{"taxonomy":"gender","embeddable":true,"href":"https:\/\/moto-oprema.com\/de\/wp-json\/wp\/v2\/gender?post=95414"},{"taxonomy":"product_brand","embeddable":true,"href":"https:\/\/moto-oprema.com\/de\/wp-json\/wp\/v2\/product_brand?post=95414"},{"taxonomy":"product_cat","embeddable":true,"href":"https:\/\/moto-oprema.com\/de\/wp-json\/wp\/v2\/product_cat?post=95414"},{"taxonomy":"product_tag","embeddable":true,"href":"https:\/\/moto-oprema.com\/de\/wp-json\/wp\/v2\/product_tag?post=95414"}],"curies":[{"name":"wp","href":"https:\/\/api.w.org\/{rel}","templated":true}]}}