{"id":95220,"date":"2025-04-08T08:59:59","date_gmt":"2025-04-08T08:59:59","guid":{"rendered":"https:\/\/moto-oprema.com\/Artikel\/puig-frontstaender-6071n\/"},"modified":"2025-04-08T08:59:59","modified_gmt":"2025-04-08T08:59:59","slug":"puig-frontstaender-6071n","status":"publish","type":"product","link":"https:\/\/moto-oprema.com\/de\/Artikel\/puig-frontstaender-6071n\/","title":{"rendered":"PUIG FRONTST\u00c4NDER 6071N"},"content":{"rendered":"<p>Puig 6071N Fester Motorrad-Vorderradst\u00e4nder. Der Motorrad-Vorderradst\u00e4nder erm\u00f6glicht das einfache und sichere Anheben des Motorrads. Er ist das ideale Zubeh\u00f6r f\u00fcr den Motorradfahrer, der sich um sein Motorrad k\u00fcmmert, denn er erm\u00f6glicht es ihm nicht nur, das Motorrad in einem privaten Bereich abzustellen, sondern auch, es zu reinigen und die g\u00e4ngigsten Wartungsarbeiten ohne Unterbrechung durchzuf\u00fchren. Er eignet sich f\u00fcr alle Motorr\u00e4der zwischen 17 und 21 Zoll und ist aus lackiertem Stahl mit EPOXY-Beschichtung gefertigt.<\/p>\n","protected":false},"excerpt":{"rendered":"<p>Puig 6071N Fester Motorrad-Vorderradst\u00e4nder. Der Motorrad-Vorderradst\u00e4nder erm\u00f6glicht das einfache und sichere Anheben des Motorrads. Er ist&#8230;<\/p>\n","protected":false},"featured_media":81157,"comment_status":"open","ping_status":"closed","template":"","meta":{"_acf_changed":false},"brand":[2227],"gender":[],"product_brand":[],"product_cat":[2226,2024],"product_tag":[],"class_list":{"0":"post-95220","1":"product","2":"type-product","3":"status-publish","4":"has-post-thumbnail","6":"brand-puig-de","7":"product_cat-motorstander","8":"product_cat-zubehor","10":"first","11":"instock","12":"taxable","13":"shipping-taxable","14":"purchasable","15":"product-type-simple"},"acf":[],"_links":{"self":[{"href":"https:\/\/moto-oprema.com\/de\/wp-json\/wp\/v2\/product\/95220","targetHints":{"allow":["GET"]}}],"collection":[{"href":"https:\/\/moto-oprema.com\/de\/wp-json\/wp\/v2\/product"}],"about":[{"href":"https:\/\/moto-oprema.com\/de\/wp-json\/wp\/v2\/types\/product"}],"replies":[{"embeddable":true,"href":"https:\/\/moto-oprema.com\/de\/wp-json\/wp\/v2\/comments?post=95220"}],"wp:featuredmedia":[{"embeddable":true,"href":"https:\/\/moto-oprema.com\/de\/wp-json\/wp\/v2\/media\/81157"}],"wp:attachment":[{"href":"https:\/\/moto-oprema.com\/de\/wp-json\/wp\/v2\/media?parent=95220"}],"wp:term":[{"taxonomy":"brand","embeddable":true,"href":"https:\/\/moto-oprema.com\/de\/wp-json\/wp\/v2\/brand?post=95220"},{"taxonomy":"gender","embeddable":true,"href":"https:\/\/moto-oprema.com\/de\/wp-json\/wp\/v2\/gender?post=95220"},{"taxonomy":"product_brand","embeddable":true,"href":"https:\/\/moto-oprema.com\/de\/wp-json\/wp\/v2\/product_brand?post=95220"},{"taxonomy":"product_cat","embeddable":true,"href":"https:\/\/moto-oprema.com\/de\/wp-json\/wp\/v2\/product_cat?post=95220"},{"taxonomy":"product_tag","embeddable":true,"href":"https:\/\/moto-oprema.com\/de\/wp-json\/wp\/v2\/product_tag?post=95220"}],"curies":[{"name":"wp","href":"https:\/\/api.w.org\/{rel}","templated":true}]}}