{"id":95199,"date":"2025-03-31T08:48:28","date_gmt":"2025-03-31T08:48:28","guid":{"rendered":"https:\/\/moto-oprema.com\/Artikel\/hjc-helm-rpha71-cleta-mc3hsf\/"},"modified":"2025-03-31T08:48:28","modified_gmt":"2025-03-31T08:48:28","slug":"hjc-helm-rpha71-cleta-mc3hsf","status":"publish","type":"product","link":"https:\/\/moto-oprema.com\/de\/Artikel\/hjc-helm-rpha71-cleta-mc3hsf\/","title":{"rendered":"HJC Helm RPHA71 CLETA MC3HSF"},"content":{"rendered":"<p>Der HJC RPHA 71 ist die zweite Generation des Premium-Sporttouring-Helms von HJC und eignet sich f\u00fcr alles, vom Pendeln in der Stadt bis hin zum Reisen auf dem Land. Er bietet \u00fcberragende Leistung in einem kompakten, leichten Design und bietet dank der Premium Integrated Matrix Evo (PIM) Schale und dem EPS mit hoher Dichte eine verbesserte Aufprallresistenz und maximalen Schutz. Der RPHA 71 wurde nach umfangreichen Windkanaltests f\u00fcr eine ruhige, aerodynamische Fahrt entwickelt und verf\u00fcgt \u00fcber ein integriertes Sonnendach. Er verf\u00fcgt \u00fcber alle Funktionen seines beliebten Vorg\u00e4ngers und verbessert das gesamte Fahrerlebnis. Der RPHA 71 ist au\u00dferdem mit dem SMART HJC Bluetooth-Kommunikationssystem der zweiten Generation ausgestattet, das es dem Fahrer erm\u00f6glicht, in Verbindung zu bleiben und sich auf die Stra\u00dfe zu konzentrieren.    <\/p>\n<p>Merkmale:<\/p>\n<p>Neues Schalenmaterial mit Carbon-Aramid-Fasern, Karbonfasern, Glasfasern, organischen Vliesstoffen und nat\u00fcrlichen Flachsfasern f\u00fcr eine verbesserte Sto\u00dffestigkeit und einen komfortableren und leichteren Helm<br \/>\nEingebautes Visier: Die Anti-Rost-Abdeckung mit geschw\u00e4rztem Visier l\u00e4sst sich mit dem neuen Bediensystem schnell und einfach installieren. Der neue Mechanismus erm\u00f6glicht es Ihnen, die Tiefe in 3 verschiedenen Positionen entsprechend Ihrer Morphologie und Ihren Vorlieben einzustellen, um einen optimalen Sitz zu gew\u00e4hrleisten<br \/>\nPush &amp; Release System: Der neue Visierverschluss ist sicherer und gleichzeitig leichter zu l\u00f6sen<br \/>\nDas hochentwickelte Innenfutter sorgt f\u00fcr eine bessere Feuchtigkeitsdurchl\u00e4ssigkeit und schnelles Trocknen<br \/>\nF\u00fcr Brillentr\u00e4ger geeignet<br \/>\n3D-geformte Wangenpolster<br \/>\nReflektierendes Material f\u00fcr mehr Sicherheit<br \/>\nAustauschbare Wangenpolster in allen Gr\u00f6\u00dfen zur individuellen Anpassung<br \/>\nWaschbares Komfortfutter und Wangenpolster <\/p>\n<p>Technische Daten:<\/p>\n<ul>\n<li>  Material: PIM Evo Composite: Kohlefaser, Aramidfaser, Glasfaser und Vliesstoff<\/li>\n<li>  Standard: 22.06<\/li>\n<li>  Verschluss: Doppel-D<\/li>\n<li>  Visier Typ: HJ-40, rostschutzbeschichtet<\/li>\n<li>  Sonnenblende: HJ-V12<\/li>\n<\/ul>\n<p>Gr\u00f6\u00dfen:<\/p>\n<p>Helm\/Helm\/Kopfpolster Gr\u00f6\u00dfe:<br \/>\nXS (54-55cm)\/40mm\/9mm<br \/>\nS(55-56cm)\/35mm\/12mm<br \/>\nM(57-58cm)\/35mm\/9mm<br \/>\nL(58-59cm)\/35mm\/12mm<br \/>\nXL (60-61cm)\/35mm\/12mm<br \/>\nXXL (62-63cm)\/25mm\/7mm<\/p>\n","protected":false},"excerpt":{"rendered":"<p>Der HJC RPHA 71 ist die zweite Generation des Premium-Sporttouring-Helms von HJC und eignet sich f\u00fcr&#8230;<\/p>\n","protected":false},"featured_media":95182,"comment_status":"open","ping_status":"closed","template":"","meta":{"_acf_changed":false},"brand":[2131],"gender":[2173],"product_brand":[],"product_cat":[1357,1360,1361],"product_tag":[],"class_list":{"0":"post-95199","1":"product","2":"type-product","3":"status-publish","4":"has-post-thumbnail","6":"brand-hjc-de","7":"gender-unisex-de","8":"product_cat-ausrustung-fur-motorradfahrer","9":"product_cat-helme","10":"product_cat-integral","11":"pa_velikost-st-l-de","12":"pa_velikost-st-m-de","13":"pa_velikost-st-s-de","14":"pa_velikost-st-xl-de","15":"pa_velikost-st-xs-de","16":"pa_velikost-st-xxl-de","18":"first","19":"onbackorder","20":"sale","21":"taxable","22":"shipping-taxable","23":"purchasable","24":"product-type-variable"},"acf":[],"_links":{"self":[{"href":"https:\/\/moto-oprema.com\/de\/wp-json\/wp\/v2\/product\/95199","targetHints":{"allow":["GET"]}}],"collection":[{"href":"https:\/\/moto-oprema.com\/de\/wp-json\/wp\/v2\/product"}],"about":[{"href":"https:\/\/moto-oprema.com\/de\/wp-json\/wp\/v2\/types\/product"}],"replies":[{"embeddable":true,"href":"https:\/\/moto-oprema.com\/de\/wp-json\/wp\/v2\/comments?post=95199"}],"wp:featuredmedia":[{"embeddable":true,"href":"https:\/\/moto-oprema.com\/de\/wp-json\/wp\/v2\/media\/95182"}],"wp:attachment":[{"href":"https:\/\/moto-oprema.com\/de\/wp-json\/wp\/v2\/media?parent=95199"}],"wp:term":[{"taxonomy":"brand","embeddable":true,"href":"https:\/\/moto-oprema.com\/de\/wp-json\/wp\/v2\/brand?post=95199"},{"taxonomy":"gender","embeddable":true,"href":"https:\/\/moto-oprema.com\/de\/wp-json\/wp\/v2\/gender?post=95199"},{"taxonomy":"product_brand","embeddable":true,"href":"https:\/\/moto-oprema.com\/de\/wp-json\/wp\/v2\/product_brand?post=95199"},{"taxonomy":"product_cat","embeddable":true,"href":"https:\/\/moto-oprema.com\/de\/wp-json\/wp\/v2\/product_cat?post=95199"},{"taxonomy":"product_tag","embeddable":true,"href":"https:\/\/moto-oprema.com\/de\/wp-json\/wp\/v2\/product_tag?post=95199"}],"curies":[{"name":"wp","href":"https:\/\/api.w.org\/{rel}","templated":true}]}}