{"id":95171,"date":"2025-03-28T10:19:29","date_gmt":"2025-03-28T10:19:29","guid":{"rendered":"https:\/\/moto-oprema.com\/Artikel\/alpinestars-gp-force-lurv-smx-plus-v2-gp-pro-r4\/"},"modified":"2025-03-28T10:19:29","modified_gmt":"2025-03-28T10:19:29","slug":"alpinestars-gp-force-lurv-smx-plus-v2-gp-pro-r4","status":"publish","type":"product","link":"https:\/\/moto-oprema.com\/de\/Artikel\/alpinestars-gp-force-lurv-smx-plus-v2-gp-pro-r4\/","title":{"rendered":"ALPINESTARS GP FORCE Lurv + SMX Plus V2 + GP PRO R4"},"content":{"rendered":"<p>*1 Alpinestars GP FORCE LURV Tr\u00e4gerhose<br \/>\n*2 Alpinestars SMX Plus V2 Stiefel<br \/>\n*3 Alpinestars GP PRO R4 Handschuhe<\/p>\n<p>Geeignetes Kit f\u00fcr den normalen Stra\u00dfenverkehr. Nat\u00fcrlich kann es auch mit anderen Modellen kombiniert werden und der Preis wird dann entsprechend angepasst (mit Rabatt). <\/p>\n<p>*1<br \/>\nDer zweiteilige Alpinestars GP FORCE LURV Anzug ist vielseitig und bequem. Er ist aus hochwertigem Leder gefertigt und verf\u00fcgt \u00fcber eine Reihe von CE-zertifizierten Protektoren und anderen Funktionen, die Ihren Komfort und Ihre Sicherheit gew\u00e4hrleisten. Au\u00dferdem verf\u00fcgt er \u00fcber zahlreiche Stretcheins\u00e4tze f\u00fcr eine bessere Passform. Der Anzug eignet sich gut f\u00fcr Leistungsfahrer, ist aber auch vielseitig f\u00fcr normale Stra\u00dfenfahrten einsetzbar.   <\/p>\n<p>Zusammensetzung des Rohmaterials: 65 % BIVOLE LEATHER 31 % POLYMID 2 % ELASTAN 2 % POLYURETHANE<\/p>\n<p>*2<br \/>\nAlpinestars SMX Plus V2 Sportstiefel. <span lang=\"sl\">Hervorragender Schutz, maximale Flexibilit\u00e4t, verbesserte Abriebfestigkeit, Bewegungsfreiheit, Bel\u00fcftungsf\u00e4cher, austauschbarer Zehen- und Fersenschieber, CE zertifiziert.<\/span><\/p>\n<p>Zusammensetzung des Rohmaterials: 54% TPU 42%MICROFRAME 2%TERMOPLASTIC RUBBER 1%POLIESTER 1%DRY<\/p>\n<p>*3<br \/>\nDie GP Pro R4 Handschuhe sind Rennhandschuhe mit einem optimierten Design, das eine hervorragende Passform und Komfort sowie maximalen Schutz bietet. Die Handschuhe sind aus hochwertigen Materialien gefertigt und verf\u00fcgen \u00fcber Alpinestars Dynamic Friction Shield (DFS) Kn\u00f6chel- und Stulpenprotektoren mit fortschrittlicher Bel\u00fcftung und Aramid-Verst\u00e4rkungen, um sicherzustellen, dass die Handschuhe f\u00fcr Spitzenleistungen auf der Rennstrecke ausger\u00fcstet sind. <\/p>\n<p>Rohstoffzusammensetzung: 61% PFERDESAATEN 12%POLIAMID 12%POLIURETHAN 10% KENGURUY-SAATEN 5% SONSTIGE<\/p>\n","protected":false},"excerpt":{"rendered":"<p>*1 Alpinestars GP FORCE LURV Tr\u00e4gerhose *2 Alpinestars SMX Plus V2 Stiefel *3 Alpinestars GP PRO&#8230;<\/p>\n","protected":false},"featured_media":95176,"comment_status":"open","ping_status":"closed","template":"","meta":{"_acf_changed":false},"brand":[2111],"gender":[2168],"product_brand":[],"product_cat":[2175,1357,2176],"product_tag":[],"class_list":{"0":"post-95171","1":"product","2":"type-product","3":"status-publish","4":"has-post-thumbnail","6":"brand-alpinestars-de","7":"gender-moski-de","8":"product_cat-2-teilige-latzhose","9":"product_cat-ausrustung-fur-motorradfahrer","10":"product_cat-latzhose","12":"first","13":"instock","14":"sale","15":"taxable","16":"shipping-taxable","17":"purchasable","18":"product-type-yith-composite"},"acf":[],"_links":{"self":[{"href":"https:\/\/moto-oprema.com\/de\/wp-json\/wp\/v2\/product\/95171","targetHints":{"allow":["GET"]}}],"collection":[{"href":"https:\/\/moto-oprema.com\/de\/wp-json\/wp\/v2\/product"}],"about":[{"href":"https:\/\/moto-oprema.com\/de\/wp-json\/wp\/v2\/types\/product"}],"replies":[{"embeddable":true,"href":"https:\/\/moto-oprema.com\/de\/wp-json\/wp\/v2\/comments?post=95171"}],"wp:featuredmedia":[{"embeddable":true,"href":"https:\/\/moto-oprema.com\/de\/wp-json\/wp\/v2\/media\/95176"}],"wp:attachment":[{"href":"https:\/\/moto-oprema.com\/de\/wp-json\/wp\/v2\/media?parent=95171"}],"wp:term":[{"taxonomy":"brand","embeddable":true,"href":"https:\/\/moto-oprema.com\/de\/wp-json\/wp\/v2\/brand?post=95171"},{"taxonomy":"gender","embeddable":true,"href":"https:\/\/moto-oprema.com\/de\/wp-json\/wp\/v2\/gender?post=95171"},{"taxonomy":"product_brand","embeddable":true,"href":"https:\/\/moto-oprema.com\/de\/wp-json\/wp\/v2\/product_brand?post=95171"},{"taxonomy":"product_cat","embeddable":true,"href":"https:\/\/moto-oprema.com\/de\/wp-json\/wp\/v2\/product_cat?post=95171"},{"taxonomy":"product_tag","embeddable":true,"href":"https:\/\/moto-oprema.com\/de\/wp-json\/wp\/v2\/product_tag?post=95171"}],"curies":[{"name":"wp","href":"https:\/\/api.w.org\/{rel}","templated":true}]}}