{"id":95046,"date":"2025-03-19T10:08:28","date_gmt":"2025-03-19T10:08:28","guid":{"rendered":"https:\/\/moto-oprema.com\/Artikel\/alpinestars-viper-air-v4-jacke-rot-fluo-schwarz\/"},"modified":"2025-03-19T10:08:28","modified_gmt":"2025-03-19T10:08:28","slug":"alpinestars-viper-air-v4-jacke-rot-fluo-schwarz","status":"publish","type":"product","link":"https:\/\/moto-oprema.com\/de\/Artikel\/alpinestars-viper-air-v4-jacke-rot-fluo-schwarz\/","title":{"rendered":"ALPINESTARS VIPER AIR V4 JACKE ROT FLUO SCHWARZ"},"content":{"rendered":"<p>Die f\u00fcr warmes Wetter optimierte Viper Air v4 Jacke ist f\u00fcr hervorragende Luftzirkulation und Flexibilit\u00e4t ausgelegt. Mit einem herausnehmbaren Windfutter kann diese Jacke schnell und einfach in eine Jacke f\u00fcr k\u00fchlere Tage umgewandelt werden, um Komfort und Vielseitigkeit bei wechselnden Wetterbedingungen zu gew\u00e4hrleisten. <\/p>\n<p>Eigenschaften<\/p>\n<ul>\n<li>Die Viper Air V4 Jacke verf\u00fcgt \u00fcber eine 3D-Kontur, die sich dem K\u00f6rper des Fahrers anpasst und f\u00fcr eine hervorragende Passform, nat\u00fcrliche Bewegungen und ganzt\u00e4gigen Komfort sorgt.<\/li>\n<li>Dieses innovative Design verbessert nicht nur das \u00e4sthetische Erscheinungsbild der Jacke, sondern erh\u00f6ht auch die Bewegungsfreiheit f\u00fcr unvergleichlichen Komfort und Flexibilit\u00e4t.<\/li>\n<li>Strategisch positionierte, extragro\u00dfe Technologie-Mesh-Eins\u00e4tze sorgen f\u00fcr optimale Luftzirkulation und Atmungsaktivit\u00e4t<\/li>\n<li>Die Viper Air V4 Jacke ist mit Nucleon Flex Plus Level 1 Abschirmung an Schultern und Ellbogen ausgestattet, um maximale Sto\u00dfd\u00e4mpfung zu bieten und gleichzeitig au\u00dfergew\u00f6hnlichen Komfort, Flexibilit\u00e4t und Bel\u00fcftung zu gew\u00e4hrleisten. <\/li>\n<\/ul>\n<p>Schutz<\/p>\n<ul>\n<li>CE-Zertifizierung der Klasse A.<\/li>\n<li>Nucleon Flex Plus Level 1 Schulter- und Ellbogenschoner. <\/li>\n<li>Bereit f\u00fcr Tech-Air\u00ae.<\/li>\n<\/ul>\n<p>&nbsp;<\/p>\n","protected":false},"excerpt":{"rendered":"<p>Die f\u00fcr warmes Wetter optimierte Viper Air v4 Jacke ist f\u00fcr hervorragende Luftzirkulation und Flexibilit\u00e4t ausgelegt&#8230;.<\/p>\n","protected":false},"featured_media":95050,"comment_status":"open","ping_status":"closed","template":"","meta":{"_acf_changed":false},"brand":[2111],"gender":[2168],"product_brand":[],"product_cat":[1357,2045,2048],"product_tag":[],"class_list":{"0":"post-95046","1":"product","2":"type-product","3":"status-publish","4":"has-post-thumbnail","6":"brand-alpinestars-de","7":"gender-moski-de","8":"product_cat-ausrustung-fur-motorradfahrer","9":"product_cat-jakne-de","10":"product_cat-textil-jacken","11":"pa_size-2xl-de","12":"pa_size-3xl-de","13":"pa_size-4xl-de","14":"pa_size-l-de","15":"pa_size-m-de","16":"pa_size-s-de","17":"pa_size-xl-de","19":"first","20":"instock","21":"sale","22":"taxable","23":"shipping-taxable","24":"purchasable","25":"product-type-variable"},"acf":[],"_links":{"self":[{"href":"https:\/\/moto-oprema.com\/de\/wp-json\/wp\/v2\/product\/95046","targetHints":{"allow":["GET"]}}],"collection":[{"href":"https:\/\/moto-oprema.com\/de\/wp-json\/wp\/v2\/product"}],"about":[{"href":"https:\/\/moto-oprema.com\/de\/wp-json\/wp\/v2\/types\/product"}],"replies":[{"embeddable":true,"href":"https:\/\/moto-oprema.com\/de\/wp-json\/wp\/v2\/comments?post=95046"}],"wp:featuredmedia":[{"embeddable":true,"href":"https:\/\/moto-oprema.com\/de\/wp-json\/wp\/v2\/media\/95050"}],"wp:attachment":[{"href":"https:\/\/moto-oprema.com\/de\/wp-json\/wp\/v2\/media?parent=95046"}],"wp:term":[{"taxonomy":"brand","embeddable":true,"href":"https:\/\/moto-oprema.com\/de\/wp-json\/wp\/v2\/brand?post=95046"},{"taxonomy":"gender","embeddable":true,"href":"https:\/\/moto-oprema.com\/de\/wp-json\/wp\/v2\/gender?post=95046"},{"taxonomy":"product_brand","embeddable":true,"href":"https:\/\/moto-oprema.com\/de\/wp-json\/wp\/v2\/product_brand?post=95046"},{"taxonomy":"product_cat","embeddable":true,"href":"https:\/\/moto-oprema.com\/de\/wp-json\/wp\/v2\/product_cat?post=95046"},{"taxonomy":"product_tag","embeddable":true,"href":"https:\/\/moto-oprema.com\/de\/wp-json\/wp\/v2\/product_tag?post=95046"}],"curies":[{"name":"wp","href":"https:\/\/api.w.org\/{rel}","templated":true}]}}