{"id":95034,"date":"2025-03-13T11:43:14","date_gmt":"2025-03-13T11:43:14","guid":{"rendered":"https:\/\/moto-oprema.com\/Artikel\/alpinestars-chrom-v2-sport-hoodie-schwarz-grau-tuerkis\/"},"modified":"2025-03-13T11:43:14","modified_gmt":"2025-03-13T11:43:14","slug":"alpinestars-chrom-v2-sport-hoodie-schwarz-grau-tuerkis","status":"publish","type":"product","link":"https:\/\/moto-oprema.com\/de\/Artikel\/alpinestars-chrom-v2-sport-hoodie-schwarz-grau-tuerkis\/","title":{"rendered":"ALPINESTARS CHROM V2 SPORT HOODIE SCHWARZ GRAU T\u00dcRKIS"},"content":{"rendered":"<p>Das leichte Stella Chrome v2 Herren-Kapuzensweatshirt wurde f\u00fcr Fahrten in der Stadt und f\u00fcr Pendler entwickelt. Es verf\u00fcgt \u00fcber Aramid-Verst\u00e4rkungen an den Schultern und Ellbogen, die es widerstandsf\u00e4higer gegen Abnutzung machen und sowohl auf dem Rad als auch im Alltag gut aussehen lassen. Au\u00dferdem verf\u00fcgt es \u00fcber Nucleon Flex Plus Schutzvorrichtungen an den Schultern und Ellbogen f\u00fcr hervorragenden Aufprallschutz. <\/p>\n<p>Merkmale:<\/p>\n<ul>\n<li>Die Hauptkonstruktion aus technischem Fleece sorgt f\u00fcr eine optimale Kombination aus Strapazierf\u00e4higkeit, Komfort und geringem Gewicht.<\/li>\n<li>Aramid-Verst\u00e4rkungseins\u00e4tze an Ellbogen und Schultern f\u00fcr effektiven Schutz vor Abrieb und St\u00f6\u00dfen.<\/li>\n<li>Zwei Rei\u00dfverschlusstaschen an der Hand f\u00fcr die sichere Aufbewahrung von wichtigen Gegenst\u00e4nden.<\/li>\n<li>Eine wasserdichte Tasche f\u00fcr zus\u00e4tzlichen Schutz vor Feuchtigkeit und Regen.<\/li>\n<\/ul>\n<p>Schutz<\/p>\n<ul>\n<li>CE-Zertifizierung der Klasse A.<\/li>\n<li>Nucleon Flex Plus Level 1 Schulter- und Ellbogenschutz. <\/li>\n<li>Bereit f\u00fcr Tech-Air\u00ae.<\/li>\n<\/ul>\n<p>Zusammensetzung: 99% POLYESTER, 1% ELASTAN.<\/p>\n","protected":false},"excerpt":{"rendered":"<p>Das leichte Stella Chrome v2 Herren-Kapuzensweatshirt wurde f\u00fcr Fahrten in der Stadt und f\u00fcr Pendler entwickelt&#8230;.<\/p>\n","protected":false},"featured_media":95038,"comment_status":"open","ping_status":"closed","template":"","meta":{"_acf_changed":false},"brand":[2111],"gender":[2168],"product_brand":[],"product_cat":[1357,2045,2048],"product_tag":[],"class_list":{"0":"post-95034","1":"product","2":"type-product","3":"status-publish","4":"has-post-thumbnail","6":"brand-alpinestars-de","7":"gender-moski-de","8":"product_cat-ausrustung-fur-motorradfahrer","9":"product_cat-jakne-de","10":"product_cat-textil-jacken","11":"pa_size-2xl-de","12":"pa_size-3xl-de","13":"pa_size-4xl-de","14":"pa_size-5xl-de","15":"pa_size-l-de","16":"pa_size-m-de","17":"pa_size-s-de","18":"pa_size-xl-de","20":"first","21":"instock","22":"sale","23":"taxable","24":"shipping-taxable","25":"purchasable","26":"product-type-variable"},"acf":[],"_links":{"self":[{"href":"https:\/\/moto-oprema.com\/de\/wp-json\/wp\/v2\/product\/95034","targetHints":{"allow":["GET"]}}],"collection":[{"href":"https:\/\/moto-oprema.com\/de\/wp-json\/wp\/v2\/product"}],"about":[{"href":"https:\/\/moto-oprema.com\/de\/wp-json\/wp\/v2\/types\/product"}],"replies":[{"embeddable":true,"href":"https:\/\/moto-oprema.com\/de\/wp-json\/wp\/v2\/comments?post=95034"}],"wp:featuredmedia":[{"embeddable":true,"href":"https:\/\/moto-oprema.com\/de\/wp-json\/wp\/v2\/media\/95038"}],"wp:attachment":[{"href":"https:\/\/moto-oprema.com\/de\/wp-json\/wp\/v2\/media?parent=95034"}],"wp:term":[{"taxonomy":"brand","embeddable":true,"href":"https:\/\/moto-oprema.com\/de\/wp-json\/wp\/v2\/brand?post=95034"},{"taxonomy":"gender","embeddable":true,"href":"https:\/\/moto-oprema.com\/de\/wp-json\/wp\/v2\/gender?post=95034"},{"taxonomy":"product_brand","embeddable":true,"href":"https:\/\/moto-oprema.com\/de\/wp-json\/wp\/v2\/product_brand?post=95034"},{"taxonomy":"product_cat","embeddable":true,"href":"https:\/\/moto-oprema.com\/de\/wp-json\/wp\/v2\/product_cat?post=95034"},{"taxonomy":"product_tag","embeddable":true,"href":"https:\/\/moto-oprema.com\/de\/wp-json\/wp\/v2\/product_tag?post=95034"}],"curies":[{"name":"wp","href":"https:\/\/api.w.org\/{rel}","templated":true}]}}