{"id":94999,"date":"2025-03-13T11:35:41","date_gmt":"2025-03-13T11:35:41","guid":{"rendered":"https:\/\/moto-oprema.com\/Artikel\/alpinestars-chrome-air-sport-hoodie-grau-heather-schwarz\/"},"modified":"2025-03-13T11:35:41","modified_gmt":"2025-03-13T11:35:41","slug":"alpinestars-chrome-air-sport-hoodie-grau-heather-schwarz","status":"publish","type":"product","link":"https:\/\/moto-oprema.com\/de\/Artikel\/alpinestars-chrome-air-sport-hoodie-grau-heather-schwarz\/","title":{"rendered":"ALPINESTARS CHROME AIR SPORT HOODIE GRAU HEATHER SCHWARZ"},"content":{"rendered":"<p>Das leichte Chrome Air Kapuzensweatshirt wurde entwickelt, um maximale Luftzirkulation und K\u00fchlung zu gew\u00e4hrleisten, und eignet sich f\u00fcr den Stadtverkehr und das Pendeln. Mit Aramid-Verst\u00e4rkungen an den Schultern und Ellbogen ist die Jacke extrem abriebfest und bietet gleichzeitig einen schlanken, alltagstauglichen Stil, der nahtlos vom Fahrrad in den Alltag \u00fcbergeht. Die Chrome Air Sport Hoodies sind mit Nucleon Flex Plus Schutzvorrichtungen an den Schultern und Ellbogen ausgestattet, so dass sie \u00fcberragenden Aufprallschutz bieten, ohne dass der Komfort oder die Beweglichkeit beeintr\u00e4chtigt werden.  <\/p>\n<p>Eigenschaften<\/p>\n<ul>\n<li>Der Chrome Air Sport Hoodie verf\u00fcgt \u00fcber einen weiterentwickelten Schnitt, der f\u00fcr eine moderne, sportliche Silhouette entwickelt wurde und gleichzeitig ein hohes Ma\u00df an Komfort und Passform bietet.<\/li>\n<li>Optimiert f\u00fcr Komfort und Bewegungsfreiheit, ohne auf Stil oder Leistung zu verzichten.<\/li>\n<li>An den Seiten und unter den \u00c4rmeln befindet sich ein strategisch platziertes Netz, das die Luftzirkulation optimiert.<\/li>\n<li>Ausgestattet mit funktionellen Merkmalen, darunter eine nahtlose Kapuze mit einem Kragen mit Knopfverschluss, der die Kapuze w\u00e4hrend der Fahrt sicher um den Hals schlie\u00dft und zus\u00e4tzlichen Schutz vor dem Wetter bietet.<\/li>\n<li>Ein hinterer Kapuzenverschluss h\u00e4lt die Kapuze stabil, wenn sie nicht gebraucht wird, und verhindert, dass sie w\u00e4hrend der Fahrt im Wind flattert.<\/li>\n<\/ul>\n","protected":false},"excerpt":{"rendered":"<p>Das leichte Chrome Air Kapuzensweatshirt wurde entwickelt, um maximale Luftzirkulation und K\u00fchlung zu gew\u00e4hrleisten, und eignet&#8230;<\/p>\n","protected":false},"featured_media":94712,"comment_status":"open","ping_status":"closed","template":"","meta":{"_acf_changed":false},"brand":[2111],"gender":[2168],"product_brand":[],"product_cat":[1357,2045,2048],"product_tag":[],"class_list":{"0":"post-94999","1":"product","2":"type-product","3":"status-publish","4":"has-post-thumbnail","6":"brand-alpinestars-de","7":"gender-moski-de","8":"product_cat-ausrustung-fur-motorradfahrer","9":"product_cat-jakne-de","10":"product_cat-textil-jacken","11":"pa_size-2xl-de","12":"pa_size-3xl-de","13":"pa_size-4xl-de","14":"pa_size-l-de","15":"pa_size-m-de","16":"pa_size-s-de","17":"pa_size-xl-de","19":"first","20":"instock","21":"sale","22":"taxable","23":"shipping-taxable","24":"purchasable","25":"product-type-variable"},"acf":[],"_links":{"self":[{"href":"https:\/\/moto-oprema.com\/de\/wp-json\/wp\/v2\/product\/94999","targetHints":{"allow":["GET"]}}],"collection":[{"href":"https:\/\/moto-oprema.com\/de\/wp-json\/wp\/v2\/product"}],"about":[{"href":"https:\/\/moto-oprema.com\/de\/wp-json\/wp\/v2\/types\/product"}],"replies":[{"embeddable":true,"href":"https:\/\/moto-oprema.com\/de\/wp-json\/wp\/v2\/comments?post=94999"}],"wp:featuredmedia":[{"embeddable":true,"href":"https:\/\/moto-oprema.com\/de\/wp-json\/wp\/v2\/media\/94712"}],"wp:attachment":[{"href":"https:\/\/moto-oprema.com\/de\/wp-json\/wp\/v2\/media?parent=94999"}],"wp:term":[{"taxonomy":"brand","embeddable":true,"href":"https:\/\/moto-oprema.com\/de\/wp-json\/wp\/v2\/brand?post=94999"},{"taxonomy":"gender","embeddable":true,"href":"https:\/\/moto-oprema.com\/de\/wp-json\/wp\/v2\/gender?post=94999"},{"taxonomy":"product_brand","embeddable":true,"href":"https:\/\/moto-oprema.com\/de\/wp-json\/wp\/v2\/product_brand?post=94999"},{"taxonomy":"product_cat","embeddable":true,"href":"https:\/\/moto-oprema.com\/de\/wp-json\/wp\/v2\/product_cat?post=94999"},{"taxonomy":"product_tag","embeddable":true,"href":"https:\/\/moto-oprema.com\/de\/wp-json\/wp\/v2\/product_tag?post=94999"}],"curies":[{"name":"wp","href":"https:\/\/api.w.org\/{rel}","templated":true}]}}