{"id":94984,"date":"2025-04-18T08:22:16","date_gmt":"2025-04-18T08:22:16","guid":{"rendered":"https:\/\/moto-oprema.com\/Artikel\/leatt-reaflex-combinet-shielder\/"},"modified":"2025-04-18T08:22:16","modified_gmt":"2025-04-18T08:22:16","slug":"leatt-reaflex-combinet-shielder","status":"publish","type":"product","link":"https:\/\/moto-oprema.com\/de\/Artikel\/leatt-reaflex-combinet-shielder\/","title":{"rendered":"LEATT ReaFLEX COMBINET SHIELDER"},"content":{"rendered":"<p>Die leichte Konstruktion und die Silikon-Grip-Paneele sorgen f\u00fcr einen rutschfesten Sitz der Leatt Elbow Pads. Dank des MoistureColl- und AirMesh-Schutzes sorgt der ReaFlex-Schutz f\u00fcr erstklassigen Komfort. Getestet in \u00dcbereinstimmung mit EN1621-1.<\/p>\n","protected":false},"excerpt":{"rendered":"<p>Die leichte Konstruktion und die Silikon-Grip-Paneele sorgen f\u00fcr einen rutschfesten Sitz der Leatt Elbow Pads. Dank&#8230;<\/p>\n","protected":false},"featured_media":82503,"comment_status":"open","ping_status":"closed","template":"","meta":{"_acf_changed":false},"brand":[2121],"gender":[2173],"product_brand":[],"product_cat":[2075,2224,2076],"product_tag":[],"class_list":{"0":"post-94984","1":"product","2":"type-product","3":"status-publish","4":"has-post-thumbnail","6":"brand-leatt-de","7":"gender-unisex-de","8":"product_cat-mtb-radfahren-ausrustung","9":"product_cat-mtb-knieschoner","10":"product_cat-mtb-schilder","11":"pa_size-l-de","12":"pa_size-m-de","13":"pa_size-s-de","14":"pa_size-xl-de","16":"first","17":"instock","18":"sale","19":"taxable","20":"shipping-taxable","21":"purchasable","22":"product-type-variable"},"acf":[],"_links":{"self":[{"href":"https:\/\/moto-oprema.com\/de\/wp-json\/wp\/v2\/product\/94984","targetHints":{"allow":["GET"]}}],"collection":[{"href":"https:\/\/moto-oprema.com\/de\/wp-json\/wp\/v2\/product"}],"about":[{"href":"https:\/\/moto-oprema.com\/de\/wp-json\/wp\/v2\/types\/product"}],"replies":[{"embeddable":true,"href":"https:\/\/moto-oprema.com\/de\/wp-json\/wp\/v2\/comments?post=94984"}],"wp:featuredmedia":[{"embeddable":true,"href":"https:\/\/moto-oprema.com\/de\/wp-json\/wp\/v2\/media\/82503"}],"wp:attachment":[{"href":"https:\/\/moto-oprema.com\/de\/wp-json\/wp\/v2\/media?parent=94984"}],"wp:term":[{"taxonomy":"brand","embeddable":true,"href":"https:\/\/moto-oprema.com\/de\/wp-json\/wp\/v2\/brand?post=94984"},{"taxonomy":"gender","embeddable":true,"href":"https:\/\/moto-oprema.com\/de\/wp-json\/wp\/v2\/gender?post=94984"},{"taxonomy":"product_brand","embeddable":true,"href":"https:\/\/moto-oprema.com\/de\/wp-json\/wp\/v2\/product_brand?post=94984"},{"taxonomy":"product_cat","embeddable":true,"href":"https:\/\/moto-oprema.com\/de\/wp-json\/wp\/v2\/product_cat?post=94984"},{"taxonomy":"product_tag","embeddable":true,"href":"https:\/\/moto-oprema.com\/de\/wp-json\/wp\/v2\/product_tag?post=94984"}],"curies":[{"name":"wp","href":"https:\/\/api.w.org\/{rel}","templated":true}]}}