{"id":94962,"date":"2025-04-18T08:03:43","date_gmt":"2025-04-18T08:03:43","guid":{"rendered":"https:\/\/moto-oprema.com\/Artikel\/leatt-reaflex-schutzmaske\/"},"modified":"2025-04-18T08:03:43","modified_gmt":"2025-04-18T08:03:43","slug":"leatt-reaflex-schutzmaske","status":"publish","type":"product","link":"https:\/\/moto-oprema.com\/de\/Artikel\/leatt-reaflex-schutzmaske\/","title":{"rendered":"LEATT ReaFLEX SCHUTZMASKE"},"content":{"rendered":"<div id=\"tw-target-text-container\" class=\"tw-ta-container tw-nfl\">\n<p>Das Leatt ReaFlex-T-Shirt besteht aus zwei Teilen. Lang\u00e4rmeliges Kompressionsshirt mit Rei\u00dfverschluss und weichen Schulter- und Ellbogenpolstern. Dar\u00fcber wird ein Brust- und R\u00fcckenprotektor getragen. MoistureCool und AirMesh-Materialien halten den K\u00f6rper trocken und leiten den Schwei\u00df ab. Eine Halskrause kann mit dem BraceOn-System mitgeliefert werden. Brustschutz EN1621-3 Level 1, R\u00fcckenschutz EN1621-2 Level 1, Schulter- und Ellbogenschutz EN1621-1 Level 1, gepolsterte H\u00fcfte. FFM-Zertifikat      <\/p>\n<\/div>\n","protected":false},"excerpt":{"rendered":"<p>Das Leatt ReaFlex-T-Shirt besteht aus zwei Teilen. Lang\u00e4rmeliges Kompressionsshirt mit Rei\u00dfverschluss und weichen Schulter- und Ellbogenpolstern&#8230;.<\/p>\n","protected":false},"featured_media":82393,"comment_status":"open","ping_status":"closed","template":"","meta":{"_acf_changed":false},"brand":[2121],"gender":[2168],"product_brand":[],"product_cat":[2028,2075,2077,2076,2222,2079],"product_tag":[],"class_list":{"0":"post-94962","1":"product","2":"type-product","3":"status-publish","4":"has-post-thumbnail","6":"brand-leatt-de","7":"gender-moski-de","8":"product_cat-motocross-ausrustung","9":"product_cat-mtb-radfahren-ausrustung","10":"product_cat-mtb-korperprotektoren","11":"product_cat-mtb-schilder","12":"product_cat-mx-korperprotektoren","13":"product_cat-mx-schilder","14":"pa_size-l-de","15":"pa_size-m-de","16":"pa_size-s-de","17":"pa_size-xl-de","18":"pa_size-xxl-de","20":"first","21":"instock","22":"sale","23":"taxable","24":"shipping-taxable","25":"purchasable","26":"product-type-variable"},"acf":[],"_links":{"self":[{"href":"https:\/\/moto-oprema.com\/de\/wp-json\/wp\/v2\/product\/94962","targetHints":{"allow":["GET"]}}],"collection":[{"href":"https:\/\/moto-oprema.com\/de\/wp-json\/wp\/v2\/product"}],"about":[{"href":"https:\/\/moto-oprema.com\/de\/wp-json\/wp\/v2\/types\/product"}],"replies":[{"embeddable":true,"href":"https:\/\/moto-oprema.com\/de\/wp-json\/wp\/v2\/comments?post=94962"}],"wp:featuredmedia":[{"embeddable":true,"href":"https:\/\/moto-oprema.com\/de\/wp-json\/wp\/v2\/media\/82393"}],"wp:attachment":[{"href":"https:\/\/moto-oprema.com\/de\/wp-json\/wp\/v2\/media?parent=94962"}],"wp:term":[{"taxonomy":"brand","embeddable":true,"href":"https:\/\/moto-oprema.com\/de\/wp-json\/wp\/v2\/brand?post=94962"},{"taxonomy":"gender","embeddable":true,"href":"https:\/\/moto-oprema.com\/de\/wp-json\/wp\/v2\/gender?post=94962"},{"taxonomy":"product_brand","embeddable":true,"href":"https:\/\/moto-oprema.com\/de\/wp-json\/wp\/v2\/product_brand?post=94962"},{"taxonomy":"product_cat","embeddable":true,"href":"https:\/\/moto-oprema.com\/de\/wp-json\/wp\/v2\/product_cat?post=94962"},{"taxonomy":"product_tag","embeddable":true,"href":"https:\/\/moto-oprema.com\/de\/wp-json\/wp\/v2\/product_tag?post=94962"}],"curies":[{"name":"wp","href":"https:\/\/api.w.org\/{rel}","templated":true}]}}