{"id":94952,"date":"2025-04-18T07:52:20","date_gmt":"2025-04-18T07:52:20","guid":{"rendered":"https:\/\/moto-oprema.com\/Artikel\/leatt-reaflex-womens-front-shirt\/"},"modified":"2025-04-18T07:52:20","modified_gmt":"2025-04-18T07:52:20","slug":"leatt-reaflex-womens-front-shirt","status":"publish","type":"product","link":"https:\/\/moto-oprema.com\/de\/Artikel\/leatt-reaflex-womens-front-shirt\/","title":{"rendered":"LEATT ReaFLEX WOMEN&#8217;S FRONT SHIRT"},"content":{"rendered":"<div id=\"tw-target-text-container\" class=\"tw-ta-container tw-nfl\">\n<p>Der Leatt ReaFlex Women&#8217;s Chest Protector ist ein CE-zertifizierter Aufprallschutz mit gepolstertem H\u00fcftschutz. Die Kombination aus weichem Aufprallgel f\u00fcr den R\u00fcckenprotektor und I-Mesh im Brustbereich bietet hervorragenden Schutz und Komfort. Da der Brustprotektor auch f\u00fcr BraceOn vorbereitet ist, k\u00f6nnen Sie problemlos eine Halskrause anbringen. FFM-zertifiziert, Brustprotektor EN1621-3 Level 1, R\u00fcckenprotektor EN1621-2 Level 1, gepolsterte H\u00fcften.   <\/p>\n<\/div>\n","protected":false},"excerpt":{"rendered":"","protected":false},"featured_media":82357,"comment_status":"open","ping_status":"closed","template":"","meta":{"_acf_changed":false},"brand":[2121],"gender":[2170],"product_brand":[],"product_cat":[2075,2077,2076],"product_tag":[],"class_list":{"0":"post-94952","1":"product","2":"type-product","3":"status-publish","4":"has-post-thumbnail","6":"brand-leatt-de","7":"gender-zenska-de","8":"product_cat-mtb-radfahren-ausrustung","9":"product_cat-mtb-korperprotektoren","10":"product_cat-mtb-schilder","11":"pa_size-2xl-de","12":"pa_size-l-xl-de","13":"pa_size-s-m-de","15":"first","16":"instock","17":"sale","18":"taxable","19":"shipping-taxable","20":"purchasable","21":"product-type-variable"},"acf":[],"_links":{"self":[{"href":"https:\/\/moto-oprema.com\/de\/wp-json\/wp\/v2\/product\/94952","targetHints":{"allow":["GET"]}}],"collection":[{"href":"https:\/\/moto-oprema.com\/de\/wp-json\/wp\/v2\/product"}],"about":[{"href":"https:\/\/moto-oprema.com\/de\/wp-json\/wp\/v2\/types\/product"}],"replies":[{"embeddable":true,"href":"https:\/\/moto-oprema.com\/de\/wp-json\/wp\/v2\/comments?post=94952"}],"wp:featuredmedia":[{"embeddable":true,"href":"https:\/\/moto-oprema.com\/de\/wp-json\/wp\/v2\/media\/82357"}],"wp:attachment":[{"href":"https:\/\/moto-oprema.com\/de\/wp-json\/wp\/v2\/media?parent=94952"}],"wp:term":[{"taxonomy":"brand","embeddable":true,"href":"https:\/\/moto-oprema.com\/de\/wp-json\/wp\/v2\/brand?post=94952"},{"taxonomy":"gender","embeddable":true,"href":"https:\/\/moto-oprema.com\/de\/wp-json\/wp\/v2\/gender?post=94952"},{"taxonomy":"product_brand","embeddable":true,"href":"https:\/\/moto-oprema.com\/de\/wp-json\/wp\/v2\/product_brand?post=94952"},{"taxonomy":"product_cat","embeddable":true,"href":"https:\/\/moto-oprema.com\/de\/wp-json\/wp\/v2\/product_cat?post=94952"},{"taxonomy":"product_tag","embeddable":true,"href":"https:\/\/moto-oprema.com\/de\/wp-json\/wp\/v2\/product_tag?post=94952"}],"curies":[{"name":"wp","href":"https:\/\/api.w.org\/{rel}","templated":true}]}}