{"id":94927,"date":"2025-04-17T08:20:57","date_gmt":"2025-04-17T08:20:57","guid":{"rendered":"https:\/\/moto-oprema.com\/Artikel\/leatt-4-5-evo-brustprotektor\/"},"modified":"2025-04-17T08:20:57","modified_gmt":"2025-04-17T08:20:57","slug":"leatt-4-5-evo-brustprotektor","status":"publish","type":"product","link":"https:\/\/moto-oprema.com\/de\/Artikel\/leatt-4-5-evo-brustprotektor\/","title":{"rendered":"LEATT 4.5 EVO BRUSTPROTEKTOR"},"content":{"rendered":"<div id=\"tw-target-text-container\" class=\"tw-ta-container tw-nfl\">\n<p>Der LEATT 4.5 EVO Brustprotektor bietet hervorragenden Schutz f\u00fcr Brust und R\u00fccken. Er ist 22% leichter und 50% besser bel\u00fcftet als das Modell 2023 und bietet besten Komfort und maximale Atmungsaktivit\u00e4t auf l\u00e4ngeren Fahrten. <\/p>\n<p>Der 4.5 EVO besteht aus einer Kombination aus einer Hartschale und FlexMesh Pro und bietet nicht nur hervorragenden Schutz, sondern auch K\u00fchlung f\u00fcr den Oberk\u00f6rper. Das FlexMesh Pro Design nutzt flexible Gelenke und erm\u00f6glicht eine 3D-Flexion und eine au\u00dfergew\u00f6hnliche Passform. <\/p>\n<p>Das mehrteilige, gegliederte Design erh\u00f6ht den Komfort, indem es eine nat\u00fcrliche Bewegung erm\u00f6glicht, w\u00e4hrend die Seitenteile einen hervorragenden Schutz f\u00fcr die Rippen und Seiten bieten. F\u00fcr zus\u00e4tzliche Vielseitigkeit sind die Vorder- und R\u00fcckenteile abnehmbar und das BraceOn-System erm\u00f6glicht eine nahtlose Anpassung der Halskrause. <\/p>\n<p>&#8211; FlexMesh Pro Hartschale und bel\u00fcftete R\u00fcstung<br \/>\n&#8211; CE-gepr\u00fcft und zertifiziert f\u00fcr Aufprallschutz:<br \/>\n&#8211; EN1621-3, Level 2, Brust<br \/>\n&#8211; R\u00fccken: EN1621-2 Level 2<br \/>\n&#8211; 3D-Design sorgt f\u00fcr eine perfekte Passform<br \/>\n&#8211; Mehrlagiges, mehrteiliges, gegliedertes Design f\u00fcr erh\u00f6hten Komfort<br \/>\n&#8211; Mesh-\u00e4hnliche Panzerung, und die Ziegelkonstruktion erm\u00f6glichen eine maximale Bel\u00fcftung<br \/>\n&#8211; Seitliche Eins\u00e4tze bieten Schutz f\u00fcr Rippen und H\u00fcfte<br \/>\n&#8211; Verstellbare Schultergurte erm\u00f6glichen eine individuelle Passform<br \/>\n&#8211; Abnehmbare Front- und R\u00fcckenteile und das neue BraceOn\u2122-System erm\u00f6glichen es, die Leatt\u00ae Nackenst\u00fctze \u00fcber und unter dem Trikot zu tragen<br \/>\n&#8211; FFM &#8211; French Motorcycle Federation Certified<br \/>\n&#8211; Gewicht: 1,05 kg<\/p>\n<\/div>\n","protected":false},"excerpt":{"rendered":"<p>S\/M=160-172cm L\/XL=172-184cm 2XL=184-196cm &nbsp;<\/p>\n","protected":false},"featured_media":81955,"comment_status":"open","ping_status":"closed","template":"","meta":{"_acf_changed":false},"brand":[2121],"gender":[2168],"product_brand":[],"product_cat":[2028,2075,2077,2076,2222,2079],"product_tag":[],"class_list":{"0":"post-94927","1":"product","2":"type-product","3":"status-publish","4":"has-post-thumbnail","6":"brand-leatt-de","7":"gender-moski-de","8":"product_cat-motocross-ausrustung","9":"product_cat-mtb-radfahren-ausrustung","10":"product_cat-mtb-korperprotektoren","11":"product_cat-mtb-schilder","12":"product_cat-mx-korperprotektoren","13":"product_cat-mx-schilder","14":"pa_size-2xl-de","15":"pa_size-l-xl-de","16":"pa_size-s-m-de","18":"first","19":"instock","20":"sale","21":"taxable","22":"shipping-taxable","23":"purchasable","24":"product-type-variable"},"acf":[],"_links":{"self":[{"href":"https:\/\/moto-oprema.com\/de\/wp-json\/wp\/v2\/product\/94927","targetHints":{"allow":["GET"]}}],"collection":[{"href":"https:\/\/moto-oprema.com\/de\/wp-json\/wp\/v2\/product"}],"about":[{"href":"https:\/\/moto-oprema.com\/de\/wp-json\/wp\/v2\/types\/product"}],"replies":[{"embeddable":true,"href":"https:\/\/moto-oprema.com\/de\/wp-json\/wp\/v2\/comments?post=94927"}],"wp:featuredmedia":[{"embeddable":true,"href":"https:\/\/moto-oprema.com\/de\/wp-json\/wp\/v2\/media\/81955"}],"wp:attachment":[{"href":"https:\/\/moto-oprema.com\/de\/wp-json\/wp\/v2\/media?parent=94927"}],"wp:term":[{"taxonomy":"brand","embeddable":true,"href":"https:\/\/moto-oprema.com\/de\/wp-json\/wp\/v2\/brand?post=94927"},{"taxonomy":"gender","embeddable":true,"href":"https:\/\/moto-oprema.com\/de\/wp-json\/wp\/v2\/gender?post=94927"},{"taxonomy":"product_brand","embeddable":true,"href":"https:\/\/moto-oprema.com\/de\/wp-json\/wp\/v2\/product_brand?post=94927"},{"taxonomy":"product_cat","embeddable":true,"href":"https:\/\/moto-oprema.com\/de\/wp-json\/wp\/v2\/product_cat?post=94927"},{"taxonomy":"product_tag","embeddable":true,"href":"https:\/\/moto-oprema.com\/de\/wp-json\/wp\/v2\/product_tag?post=94927"}],"curies":[{"name":"wp","href":"https:\/\/api.w.org\/{rel}","templated":true}]}}