{"id":94907,"date":"2025-04-17T07:50:53","date_gmt":"2025-04-17T07:50:53","guid":{"rendered":"https:\/\/moto-oprema.com\/Artikel\/leatt-2-5-evo-koerperprotektor\/"},"modified":"2025-04-17T07:50:53","modified_gmt":"2025-04-17T07:50:53","slug":"leatt-2-5-evo-koerperprotektor","status":"publish","type":"product","link":"https:\/\/moto-oprema.com\/de\/Artikel\/leatt-2-5-evo-koerperprotektor\/","title":{"rendered":"LEATT 2.5 EVO K\u00d6RPERPROTEKTOR"},"content":{"rendered":"<div id=\"tw-target-text-container\" class=\"tw-ta-container tw-nfl\">\n<p>Der LEATT Body Protector 2.5 bietet hervorragenden Schutz f\u00fcr Brust, R\u00fccken, Schultern und Ellbogen.<\/p>\n<p>Sie besteht aus einer leichten Hardshell- und FlexMesh-Kombination mit optimaler Brustabdeckung. Das perforierte Design erm\u00f6glicht maximale Bel\u00fcftung und das flexible Design sorgt f\u00fcr eine gute und bequeme Passform. F\u00fcr mehr Vielseitigkeit ist das R\u00fcckenteil abnehmbar und das BraceOn-System erm\u00f6glicht eine nahtlose Anpassung der Halskrause.  <\/p>\n<p>&#8211; Starre Schale mit bel\u00fcfteter FlexMesh-Panzerung f\u00fcr maximale Bel\u00fcftung<br \/>\n&#8211; CE-gekennzeichnet und Aufprallschutz zertifiziert:<br \/>\n&#8211; EN1621-3 Level 1.<br \/>\n&#8211; zur\u00fcck EN1621-2 Stufe 1<br \/>\n&#8211; Ellbogen und Schulter: EN1621-1, Stufe 1<br \/>\n&#8211; Die flexible 3D-Konturierung sorgt f\u00fcr einen bequemen und flachen Sitz<br \/>\n&#8211; das Netzdesign der Paneele erm\u00f6glicht eine maximale Bel\u00fcftung<br \/>\n&#8211; Die abnehmbare R\u00fcckenplatte und das neue BraceOn\u2122-System erm\u00f6glichen es, die Leatt\u00ae Halskrause \u00fcber und unter dem Hemd zu tragen<br \/>\n&#8211; H\u00f6henverstellbarer H\u00fcftgurt f\u00fcr optimalen Sitz<br \/>\n&#8211; Solides Brustpaneel mit seitlichem Rei\u00dfverschluss f\u00fcr besseren Schutz bei St\u00f6\u00dfen auf die Brust<br \/>\n&#8211; MoistureCool und AirMesh-Basismaterial zur Vermeidung von Ger\u00fcchen durch Feuchtigkeitstransport<br \/>\n&#8211; FFM &#8211; Franz\u00f6sischer Motorradverband Zertifikat<\/p>\n<\/div>\n","protected":false},"excerpt":{"rendered":"<p>S\/M=160-172cm L\/XL=172-184cm 2XL=184-196cm &nbsp;<\/p>\n","protected":false},"featured_media":81784,"comment_status":"open","ping_status":"closed","template":"","meta":{"_acf_changed":false},"brand":[2121],"gender":[2168],"product_brand":[],"product_cat":[2028,2075,2077,2076,2222,2079],"product_tag":[],"class_list":{"0":"post-94907","1":"product","2":"type-product","3":"status-publish","4":"has-post-thumbnail","6":"brand-leatt-de","7":"gender-moski-de","8":"product_cat-motocross-ausrustung","9":"product_cat-mtb-radfahren-ausrustung","10":"product_cat-mtb-korperprotektoren","11":"product_cat-mtb-schilder","12":"product_cat-mx-korperprotektoren","13":"product_cat-mx-schilder","14":"pa_size-2xl-de","15":"pa_size-l-xl-de","16":"pa_size-s-m-de","18":"first","19":"instock","20":"sale","21":"taxable","22":"shipping-taxable","23":"purchasable","24":"product-type-variable"},"acf":[],"_links":{"self":[{"href":"https:\/\/moto-oprema.com\/de\/wp-json\/wp\/v2\/product\/94907","targetHints":{"allow":["GET"]}}],"collection":[{"href":"https:\/\/moto-oprema.com\/de\/wp-json\/wp\/v2\/product"}],"about":[{"href":"https:\/\/moto-oprema.com\/de\/wp-json\/wp\/v2\/types\/product"}],"replies":[{"embeddable":true,"href":"https:\/\/moto-oprema.com\/de\/wp-json\/wp\/v2\/comments?post=94907"}],"wp:featuredmedia":[{"embeddable":true,"href":"https:\/\/moto-oprema.com\/de\/wp-json\/wp\/v2\/media\/81784"}],"wp:attachment":[{"href":"https:\/\/moto-oprema.com\/de\/wp-json\/wp\/v2\/media?parent=94907"}],"wp:term":[{"taxonomy":"brand","embeddable":true,"href":"https:\/\/moto-oprema.com\/de\/wp-json\/wp\/v2\/brand?post=94907"},{"taxonomy":"gender","embeddable":true,"href":"https:\/\/moto-oprema.com\/de\/wp-json\/wp\/v2\/gender?post=94907"},{"taxonomy":"product_brand","embeddable":true,"href":"https:\/\/moto-oprema.com\/de\/wp-json\/wp\/v2\/product_brand?post=94907"},{"taxonomy":"product_cat","embeddable":true,"href":"https:\/\/moto-oprema.com\/de\/wp-json\/wp\/v2\/product_cat?post=94907"},{"taxonomy":"product_tag","embeddable":true,"href":"https:\/\/moto-oprema.com\/de\/wp-json\/wp\/v2\/product_tag?post=94907"}],"curies":[{"name":"wp","href":"https:\/\/api.w.org\/{rel}","templated":true}]}}