{"id":94877,"date":"2025-04-15T08:49:18","date_gmt":"2025-04-15T08:49:18","guid":{"rendered":"https:\/\/moto-oprema.com\/Artikel\/alpinestars-tech-air-3-v2-leder-airbag\/"},"modified":"2025-04-15T08:49:18","modified_gmt":"2025-04-15T08:49:18","slug":"alpinestars-tech-air-3-v2-leder-airbag","status":"publish","type":"product","link":"https:\/\/moto-oprema.com\/de\/Artikel\/alpinestars-tech-air-3-v2-leder-airbag\/","title":{"rendered":"ALPINESTARS TECH AIR 3 V2 LEDER AIRBAG"},"content":{"rendered":"<p>Das Tech-Air\u00ae 3 Airbag-System von Alpinestars wurde entwickelt, um \u00fcber einer Motorradjacke getragen zu werden, kann aber auch unter einer Jacke getragen werden. Es bietet effektiven und praktischen Schutz f\u00fcr V-Twin-Fahrer, Tourenfahrer, Stadtpendler und Wochenend-Krieger, die sicher fahren wollen. Der Algorithmus von Alpinestars zur Erkennung von Unf\u00e4llen wurde auf der Grundlage von Millionen von Kilometern an Fahrdaten und Tausenden von Unf\u00e4llen entwickelt und verfeinert, so dass das System genau beurteilen kann, wann der Airbag vor einem Unfall oder einer anderen gef\u00e4hrlichen Situation ausgel\u00f6st werden muss. Wenn Tech-Air\u00ae 3 den Beginn eines Aufpralls erkennt, bl\u00e4st es den Airbag innerhalb von Millisekunden auf und reduziert so bis zu 95% der Aufprallenergie, die auf den Fahrer \u00fcbertragen wird, wo immer der Airbag sch\u00fctzt, einschlie\u00dflich des gesamten Brust- und R\u00fcckenbereichs. Im Falle eines direkten Aufpralls des Fahrers auf ein anderes Fahrzeug oder ein Hindernis ist Tech-Air\u00ae 3 bei einem &#8218;ersten Aufprall&#8216; wirksam, d.h. das System bl\u00e4st sich auf, bevor der Fahrer auf das Fahrzeug oder das Hindernis trifft, das der direkte Gegenstand des Aufpralls ist. Das \u00c4u\u00dfere besteht aus hochwertigem, weichem Leder, und dank des wasserdichten Steuerger\u00e4ts und der Elektronik kann das schlanke, in sich geschlossene System unter einer Motorradjacke, einschlie\u00dflich der Alpinestars Tech-Air\u00ae Ready Jacke, oder einer beliebigen Leder- oder Textiljacke getragen werden, solange in der Jacke gen\u00fcgend Platz f\u00fcr die Entfaltung des Airbags vorhanden ist.     <\/p>\n<p>Der Tech-Air\u00ae 3 Leather ECU-Schutz sorgt f\u00fcr einen wetterunabh\u00e4ngigen Betrieb und ist f\u00fcr den Betrieb zwischen -20 \u00b0C und +40 \u00b0C zertifiziert. Die ECU wurde gem\u00e4\u00df verschiedener Vorschriften f\u00fcr elektronische, funktechnische und elektrische Sicherheit getestet und CE-zertifiziert. Die Gasf\u00fcllpatrone ist CE-zertifiziert gem\u00e4\u00df UNI EN 16263, was die Einhaltung der Sicherheitsnorm bescheinigt und best\u00e4tigt, dass die Patronen sicher gehandhabt und gewartet werden k\u00f6nnen. Im aufgeblasenen Zustand bietet das Tech-Air\u00ae 3 Leather-System einen vollst\u00e4ndigen Airbag-Schutz f\u00fcr Brust und R\u00fccken und ist als pers\u00f6nliche Schutzausr\u00fcstung der Kategorie II gem\u00e4\u00df der europ\u00e4ischen Verordnung (EU) 2016\/425 in \u00dcbereinstimmung mit dem entsprechenden Teil der Airbag-Zertifizierungsnorm EN1624-4:2013 (Motorradfahrer-Schutzkleidung gegen mechanische St\u00f6\u00dfe &#8211; 4. Teil 4: Aufblasbarer Schutz f\u00fcr Motorradfahrer &#8211; Anforderungen und Pr\u00fcfverfahren), die die Wirksamkeit des Aufprallschutzes f\u00fcr mindestens f\u00fcnf Sekunden nach der Aktivierung gew\u00e4hrleistet. Die Aufprallschutzleistung muss f\u00fcr die gesamte Brust und den gesamten R\u00fccken der Stufe 2 entsprechen.     <\/p>\n<p>Tech-Air\u00ae 3 Canvas ist ein v\u00f6llig autonomes, aktives Airbagsystem, das f\u00fcr seinen Betrieb keine externen Anschl\u00fcsse oder Sensoren am Motorrad ben\u00f6tigt. Das Tech-Air\u00ae 3 Canvas System verf\u00fcgt \u00fcber 6 integrierte Sensoren (3 Beschleunigungsmesser (1 triaxialer Beschleunigungsmesser) und 3 Gyroskope (1 triaxiales Gyroskop)), die in einer Vielzahl von dynamischen Fahrsituationen, sogar im Stillstand, die beste Unfall\u00fcberwachungsleistung bieten. Das Tech-Air\u00ae 3 Canvas Airbagsystem verwendet einen Unfallerkennungsalgorithmus, der mit Hilfe k\u00fcnstlicher Intelligenz genau \u00fcberwacht, wann sich der Airbag bei einem Unfall entfaltet, so dass der Airbag bei verschiedenen Stra\u00dfenszenarien und unterschiedlichen Fahrbedingungen auch im Stand aktiven Schutz bietet. Das Tech-Air\u00ae 3 Canvas Airbagsystem wird automatisch \u00fcber einen magnetischen Rei\u00dfverschluss aktiviert. Das System ist so konzipiert, dass es bei Nichtgebrauch leicht in einem Rucksack, einer Top- oder Seitentasche verstaut werden kann. Das Design des Tech-Air\u00ae Canvas-Systems umfasst zus\u00e4tzliche Funktionen wie eine eingebaute Sonnenbrillentasche auf der rechten Brustseite, eine G\u00fcrtelschlaufe zur Befestigung von Handschuhen und elastische Seitenteile f\u00fcr mehr Komfort, die Volumen zur Entfaltung der Airbags bieten. Die Weste hat 2 Handtaschen mit Rei\u00dfverschluss, 2 Brusttaschen mit Rei\u00dfverschluss und eine Innentasche zur praktischen Aufbewahrung. Die Konstruktion der Tech-Air\u00ae 3 Canvas Weste hat \u00d6ffnungen, durch die der Fahrer seine Weste auf Wunsch mit Aufn\u00e4hern oder Stickereien personalisieren kann. Eine LED-Anzeige, die teilweise in der linken Brusttasche verborgen ist, zeigt den Betriebsstatus des Airbags an. Die Tasche hat eine reflektierende Innenseite f\u00fcr optimale LED-Sichtbarkeit und enth\u00e4lt au\u00dferdem einen haptischen Alarm, der durch Vibration best\u00e4tigt, dass das System aktiviert ist und den Tr\u00e4ger bei niedrigem Batteriestand warnt. Eine integrierte R\u00fcckenschutztasche auf der R\u00fcckseite kann zus\u00e4tzlichen passiven R\u00fcckenschutz aufnehmen. Der Tech-Air\u00ae 3 Canvas enth\u00e4lt eine kompakte elektronische Steuereinheit (ECU) der zweiten Generation von Alpinestars Pro, die in der ECU-Tasche im oberen R\u00fccken des Tech-Air\u00ae 3 Canvas untergebracht ist. Die Bluetooth Low Energy (BLE 5.0) Konnektivit\u00e4t mit der Tech-Air\u00ae App erm\u00f6glicht es dem Fahrer, die Systemleistung und den Batteriestatus zu \u00fcberwachen und bietet eine detaillierte Karte der Motorradfahrten \u00fcber die MyRide App. Die aktualisierbare Software des Systems ist \u00fcber die Tech-Air\u00ae App zug\u00e4nglich, mit der die Fahrer schnell die Version der installierten Software \u00fcberpr\u00fcfen und einfach die neuesten Software-Updates durchf\u00fchren k\u00f6nnen. Tech-Air\u00ae 3 verwendet einen integrierten, zertifizierten Lithium-Ionen-Akku. Mit einem vollst\u00e4ndig geladenen Akku kann das System 40 Stunden lang aktiv fahren. Ein entladener Akku wird in ca. 4 Stunden wieder vollst\u00e4ndig aufgeladen; wenn der Akku ca. 1 Stunde lang aufgeladen wird, bietet er ca. 8-10 Stunden Fahrzeit. Der Gasgenerator, der das Gas zum Aufblasen der Airbags liefert, befindet sich im Inflatorgeh\u00e4use auf der linken Seite des unteren R\u00fcckens des Fahrers. Das Inflatorgeh\u00e4use, die elektronische Verkabelung und der Airbag m\u00fcssen leicht herausnehmbar sein. Die Gaspatronen des Inflators k\u00f6nnen von ausgew\u00e4hlten Alpinestars-H\u00e4ndlern und Tech-Air\u00ae-zertifizierten Servicezentren ausgetauscht werden.<\/p>\n","protected":false},"excerpt":{"rendered":"<p>Das Tech-Air\u00ae 3 Airbag-System von Alpinestars wurde entwickelt, um \u00fcber einer Motorradjacke getragen zu werden, kann&#8230;<\/p>\n","protected":false},"featured_media":81511,"comment_status":"open","ping_status":"closed","template":"","meta":{"_acf_changed":false},"brand":[2111],"gender":[2168],"product_brand":[],"product_cat":[2221,1357,2209],"product_tag":[],"class_list":{"0":"post-94877","1":"product","2":"type-product","3":"status-publish","4":"has-post-thumbnail","6":"brand-alpinestars-de","7":"gender-moski-de","8":"product_cat-airbags-de","9":"product_cat-ausrustung-fur-motorradfahrer","10":"product_cat-schutzschilde-und-airbags","11":"pa_size-2xl-de","12":"pa_size-3xl-de","13":"pa_size-4xl-de","14":"pa_size-l-de","15":"pa_size-m-de","16":"pa_size-s-de","17":"pa_size-xl-de","18":"pa_size-xs-de","20":"first","21":"instock","22":"taxable","23":"shipping-taxable","24":"purchasable","25":"product-type-variable"},"acf":[],"_links":{"self":[{"href":"https:\/\/moto-oprema.com\/de\/wp-json\/wp\/v2\/product\/94877","targetHints":{"allow":["GET"]}}],"collection":[{"href":"https:\/\/moto-oprema.com\/de\/wp-json\/wp\/v2\/product"}],"about":[{"href":"https:\/\/moto-oprema.com\/de\/wp-json\/wp\/v2\/types\/product"}],"replies":[{"embeddable":true,"href":"https:\/\/moto-oprema.com\/de\/wp-json\/wp\/v2\/comments?post=94877"}],"wp:featuredmedia":[{"embeddable":true,"href":"https:\/\/moto-oprema.com\/de\/wp-json\/wp\/v2\/media\/81511"}],"wp:attachment":[{"href":"https:\/\/moto-oprema.com\/de\/wp-json\/wp\/v2\/media?parent=94877"}],"wp:term":[{"taxonomy":"brand","embeddable":true,"href":"https:\/\/moto-oprema.com\/de\/wp-json\/wp\/v2\/brand?post=94877"},{"taxonomy":"gender","embeddable":true,"href":"https:\/\/moto-oprema.com\/de\/wp-json\/wp\/v2\/gender?post=94877"},{"taxonomy":"product_brand","embeddable":true,"href":"https:\/\/moto-oprema.com\/de\/wp-json\/wp\/v2\/product_brand?post=94877"},{"taxonomy":"product_cat","embeddable":true,"href":"https:\/\/moto-oprema.com\/de\/wp-json\/wp\/v2\/product_cat?post=94877"},{"taxonomy":"product_tag","embeddable":true,"href":"https:\/\/moto-oprema.com\/de\/wp-json\/wp\/v2\/product_tag?post=94877"}],"curies":[{"name":"wp","href":"https:\/\/api.w.org\/{rel}","templated":true}]}}