{"id":94876,"date":"2025-04-08T09:07:12","date_gmt":"2025-04-08T09:07:12","guid":{"rendered":"https:\/\/moto-oprema.com\/Artikel\/hjc-helm-i71-siehe-mc3sf\/"},"modified":"2025-04-08T09:07:12","modified_gmt":"2025-04-08T09:07:12","slug":"hjc-helm-i71-siehe-mc3sf","status":"publish","type":"product","link":"https:\/\/moto-oprema.com\/de\/Artikel\/hjc-helm-i71-siehe-mc3sf\/","title":{"rendered":"HJC HELM I71 SIEHE MC3SF"},"content":{"rendered":"<p>Der I71 setzt mit seinem neuen Schalen-Design neue Ma\u00dfst\u00e4be f\u00fcr das Sport-Reise-Modell. Der fortschrittliche Polycarbonat-Helm hat jetzt 3 Schalen in 6 Gr\u00f6\u00dfen zur Verf\u00fcgung, um Gewicht und Komfort f\u00fcr den Motorradfahrer zu optimieren. Ein \u00fcberarbeitetes oberes Bel\u00fcftungsventil mit vergr\u00f6\u00dferten Mund\u00f6ffnungen erm\u00f6glicht eine bessere Luftzirkulation und Bel\u00fcftung. Ebenfalls neu beim i71 sind Gesichtsschutzschilde und Visiere. Der HJ-38 Pinlock-Gesichtsschutz verf\u00fcgt \u00fcber ein neues PE-Verschlusssystem (Push\/Eject), das die Sicherheit erh\u00f6ht, aber auch mit Handschuhen leicht zu bedienen ist. Das neue Visier (HJ-V12) bietet dem Fahrer eine neue 3-Positionen-Option, um das Visier nach vorne zu verstellen (bis zu 10 mm) und bietet so einen idealen Visierschutz. Der I71 ist auch mit der zweiten Generation der Smart Hjc Bluetooth-Systeme kompatibel.      <\/p>\n<p>Erf\u00fcllt oder \u00fcbertrifft die genehmigte ECE 22.06. Die Tests umfassen Energieabsorption, Durchstichfestigkeit, strukturelle Integrit\u00e4t des Kinnriemens und Kennzeichnungsanforderungen f\u00fcr Helme f\u00fcr Stra\u00dfenmotorradfahrer. <\/p>\n<p>Integrierter Sonnenschirm: Der dunkel gef\u00e4rbte, mit Rostschutz beschichtete Sonnenschirm wird schnell und einfach durch einen neuen, unten angebrachten Schieber aktiviert. Sein neuer Mechanismus erm\u00f6glicht es Ihnen, die Tiefe in 3 verschiedenen Positionen entsprechend Ihrer Morphologie und Ihren Vorlieben einzustellen, um einen optimalen Sitz zu gew\u00e4hrleisten. <\/p>\n<p>4 Oberteile: XXS, XS-S, M-L, XL-2XL.<\/p>\n","protected":false},"excerpt":{"rendered":"<p>Farbe: MC3SF<\/p>\n","protected":false},"featured_media":81244,"comment_status":"open","ping_status":"closed","template":"","meta":{"_acf_changed":false},"brand":[2131],"gender":[2173],"product_brand":[],"product_cat":[1357,1360,1361],"product_tag":[],"class_list":{"0":"post-94876","1":"product","2":"type-product","3":"status-publish","4":"has-post-thumbnail","6":"brand-hjc-de","7":"gender-unisex-de","8":"product_cat-ausrustung-fur-motorradfahrer","9":"product_cat-helme","10":"product_cat-integral","11":"pa_size-l-de","12":"pa_size-m-de","13":"pa_size-s-de","14":"pa_size-xl-de","15":"pa_size-xs-de","16":"pa_size-xxl-de","18":"first","19":"instock","20":"sale","21":"taxable","22":"shipping-taxable","23":"purchasable","24":"product-type-variable"},"acf":[],"_links":{"self":[{"href":"https:\/\/moto-oprema.com\/de\/wp-json\/wp\/v2\/product\/94876","targetHints":{"allow":["GET"]}}],"collection":[{"href":"https:\/\/moto-oprema.com\/de\/wp-json\/wp\/v2\/product"}],"about":[{"href":"https:\/\/moto-oprema.com\/de\/wp-json\/wp\/v2\/types\/product"}],"replies":[{"embeddable":true,"href":"https:\/\/moto-oprema.com\/de\/wp-json\/wp\/v2\/comments?post=94876"}],"wp:featuredmedia":[{"embeddable":true,"href":"https:\/\/moto-oprema.com\/de\/wp-json\/wp\/v2\/media\/81244"}],"wp:attachment":[{"href":"https:\/\/moto-oprema.com\/de\/wp-json\/wp\/v2\/media?parent=94876"}],"wp:term":[{"taxonomy":"brand","embeddable":true,"href":"https:\/\/moto-oprema.com\/de\/wp-json\/wp\/v2\/brand?post=94876"},{"taxonomy":"gender","embeddable":true,"href":"https:\/\/moto-oprema.com\/de\/wp-json\/wp\/v2\/gender?post=94876"},{"taxonomy":"product_brand","embeddable":true,"href":"https:\/\/moto-oprema.com\/de\/wp-json\/wp\/v2\/product_brand?post=94876"},{"taxonomy":"product_cat","embeddable":true,"href":"https:\/\/moto-oprema.com\/de\/wp-json\/wp\/v2\/product_cat?post=94876"},{"taxonomy":"product_tag","embeddable":true,"href":"https:\/\/moto-oprema.com\/de\/wp-json\/wp\/v2\/product_tag?post=94876"}],"curies":[{"name":"wp","href":"https:\/\/api.w.org\/{rel}","templated":true}]}}