{"id":94820,"date":"2025-03-28T10:36:15","date_gmt":"2025-03-28T10:36:15","guid":{"rendered":"https:\/\/moto-oprema.com\/Artikel\/alpinestars-stella-raketesp-8-vr-stellasmx-6-v3\/"},"modified":"2025-03-28T10:36:15","modified_gmt":"2025-03-28T10:36:15","slug":"alpinestars-stella-raketesp-8-vr-stellasmx-6-v3","status":"publish","type":"product","link":"https:\/\/moto-oprema.com\/de\/Artikel\/alpinestars-stella-raketesp-8-vr-stellasmx-6-v3\/","title":{"rendered":"ALPINESTARS STELLA RAKETE+SP-8 VR STELLA+SMX-6 V3"},"content":{"rendered":"<p>Alpinestars Verbundwerkstoff-Kit:<\/p>\n<ul>\n<li>1 <strong>Alpinestars Stella Missile V2 2-teiliger Overall<\/strong> (schwarz und wei\u00df)<\/li>\n<li>2 <strong>Alpinestars SMX-6 V3 Stiefel<\/strong> (schwarz)<\/li>\n<li>3 <strong>Alpinestars SP-8 V3 Damen Handschuhe<\/strong> (Schwarz)<\/li>\n<\/ul>\n<p>Geeignetes Kit f\u00fcr den normalen Stra\u00dfenverkehr. Nat\u00fcrlich kann es auch mit anderen Modellen kombiniert werden und der Preis wird dann entsprechend angepasst (mit Rabatt). <\/p>\n<p>*1<br \/>\nAlpinestars zweiteiliger Stella Missile v2 bietet optimale Abriebfestigkeit und gleichzeitig ein hohes Ma\u00df an aktivem Schutz im Rennsport. Dieser Anzug ist mit der Tech-Air\u00ae Technologie kompatibel und kann das Tech-Air\u00ae 10 Airbagsystem aufnehmen, zusammen mit einem erweiterten H\u00fcftschutz.<\/p>\n<p>Zusammensetzung des Rohmaterials: 43 % KUHLLEGUMEN 36 % RINDERLEGUMEN 21 % POLYAMID<\/p>\n<p>*2<br \/>\nAlpinestars Stella (Damenmodell) Der SMX-6 v3, vollgepackt mit einer Vielzahl innovativer Sicherheits- und Schutzfunktionen, ist der ultimative Allrounder f\u00fcr die Rennstrecke und den Leistungssport. Er enth\u00e4lt von Rennfahrern entwickelte Technologien und Materialien, die dem Fahrer einen entscheidenden Leistungsvorteil auf der Strecke und auf der Stra\u00dfe verschaffen.<\/p>\n<p>37% TPU 35%MICROFRAME 11%POLYESTER 8%POLYURETHAN 8%TPR 1%ELASTISCH<\/p>\n<p>*3<br \/>\nAlpinestars SP-8 V3 Handschuhe sind aus hoch abriebfestem Leder gefertigt. Die Fingerkn\u00f6chel sind durch einen Polymerprotektor gesch\u00fctzt. Neben dem hohen Schutzniveau bieten die SP-8 V3 Handschuhe auch Bewegungsfreiheit und Sto\u00dffestigkeit. Die Finger sind vorgeformt und mit einem Klettverschluss versehen. Auf der Handfl\u00e4che und dem Daumen finden Sie einen neuen anatomisch geformten Einsatz f\u00fcr besseren Grip.    <\/p>\n<p>Zusammensetzung des Rohmaterials: 41%POLYURETHAN 40%SOXY SOFT 12%POLYAMID 7%POLYESTER<\/p>\n","protected":false},"excerpt":{"rendered":"<p>Alpinestars Verbundwerkstoff-Kit: 1 Alpinestars Stella Missile V2 2-teiliger Overall (schwarz und wei\u00df) 2 Alpinestars SMX-6 V3&#8230;<\/p>\n","protected":false},"featured_media":94821,"comment_status":"open","ping_status":"closed","template":"","meta":{"_acf_changed":false},"brand":[2111],"gender":[2170],"product_brand":[],"product_cat":[2175,1357,2176],"product_tag":[],"class_list":{"0":"post-94820","1":"product","2":"type-product","3":"status-publish","4":"has-post-thumbnail","6":"brand-alpinestars-de","7":"gender-zenska-de","8":"product_cat-2-teilige-latzhose","9":"product_cat-ausrustung-fur-motorradfahrer","10":"product_cat-latzhose","12":"first","13":"instock","14":"sale","15":"featured","16":"taxable","17":"shipping-taxable","18":"purchasable","19":"product-type-yith-composite"},"acf":[],"_links":{"self":[{"href":"https:\/\/moto-oprema.com\/de\/wp-json\/wp\/v2\/product\/94820","targetHints":{"allow":["GET"]}}],"collection":[{"href":"https:\/\/moto-oprema.com\/de\/wp-json\/wp\/v2\/product"}],"about":[{"href":"https:\/\/moto-oprema.com\/de\/wp-json\/wp\/v2\/types\/product"}],"replies":[{"embeddable":true,"href":"https:\/\/moto-oprema.com\/de\/wp-json\/wp\/v2\/comments?post=94820"}],"wp:featuredmedia":[{"embeddable":true,"href":"https:\/\/moto-oprema.com\/de\/wp-json\/wp\/v2\/media\/94821"}],"wp:attachment":[{"href":"https:\/\/moto-oprema.com\/de\/wp-json\/wp\/v2\/media?parent=94820"}],"wp:term":[{"taxonomy":"brand","embeddable":true,"href":"https:\/\/moto-oprema.com\/de\/wp-json\/wp\/v2\/brand?post=94820"},{"taxonomy":"gender","embeddable":true,"href":"https:\/\/moto-oprema.com\/de\/wp-json\/wp\/v2\/gender?post=94820"},{"taxonomy":"product_brand","embeddable":true,"href":"https:\/\/moto-oprema.com\/de\/wp-json\/wp\/v2\/product_brand?post=94820"},{"taxonomy":"product_cat","embeddable":true,"href":"https:\/\/moto-oprema.com\/de\/wp-json\/wp\/v2\/product_cat?post=94820"},{"taxonomy":"product_tag","embeddable":true,"href":"https:\/\/moto-oprema.com\/de\/wp-json\/wp\/v2\/product_tag?post=94820"}],"curies":[{"name":"wp","href":"https:\/\/api.w.org\/{rel}","templated":true}]}}