{"id":94765,"date":"2025-03-27T09:15:32","date_gmt":"2025-03-27T09:15:32","guid":{"rendered":"https:\/\/moto-oprema.com\/Artikel\/spidi-hard-track-3-eisjacke\/"},"modified":"2025-03-27T09:15:32","modified_gmt":"2025-03-27T09:15:32","slug":"spidi-hard-track-3-eisjacke","status":"publish","type":"product","link":"https:\/\/moto-oprema.com\/de\/Artikel\/spidi-hard-track-3-eisjacke\/","title":{"rendered":"SPIDI HARD TRACK 3 EISJACKE"},"content":{"rendered":"<p>Hard Track Spidis sind seit jeher ein Synonym f\u00fcr extreme Allwetterabenteuer, kompromisslos auf Asphalt oder auf physisch anspruchsvollen Trails, sogar auf solchen, die f\u00fcr Enduros geeignet sind.<\/p>\n<p>Die SPIDI Hard Track 3 Jacke wurde entwickelt, um die Modularit\u00e4t und die Leistungsma\u00dfst\u00e4be, die ihre Vorg\u00e4nger gesetzt haben, weiter zu optimieren: Das Cordura\u00ae 500 Au\u00dfenmaterial verf\u00fcgt \u00fcber 4-Wege-Stretcheins\u00e4tze aus laminiertem Nylon entlang der \u00c4rmel und unter den \u00c4rmeln, die hohe Elastizit\u00e4t und Abriebfestigkeit vereinen; es bietet ein hohes Ma\u00df an Komfort f\u00fcr Klasse AA-zertifizierte Kleidungsst\u00fccke und ist mit herausnehmbaren Warrior Lite Level 2 Schulter- und Ellbogenpolstern ausgestattet. Bei hohen Temperaturen k\u00f6nnen Sie die Bel\u00fcftungseffizienz mit verstellbaren 3D-Mesh-Eins\u00e4tzen und innovativen Bel\u00fcftungs\u00f6ffnungen vom Hals bis zu den Ellenbogen steuern, die zur Regulierung des Luftstroms ge\u00f6ffnet oder geschlossen und mit einer Hand bedient werden k\u00f6nnen. <\/p>\n<p>Das herausnehmbare H2OUT\u00ae InsideOut-Futter besteht aus 3-lagigem, laminiertem Mikro-Ripstop-Gewebe (10K\/10K) und kann je nach Regenintensit\u00e4t innen oder au\u00dfen verwendet werden. Dank des Zoom-Fit-Systems an der Unterseite der Jacke sitzt es immer perfekt. Ebenso kann das 100 g\/m\u00b2 starke Thermofutter mit anderen Schichten oder als eigenst\u00e4ndiges Kleidungsst\u00fcck verwendet werden. Die STEP-INWEAR Technologie erm\u00f6glicht eine nahtlose Integration mit allen kompatiblen Schichten, w\u00e4hrend sich die optionalen Protektoren der Warrior Series dank der Klettverschlusseins\u00e4tze leicht an R\u00fccken und Brust befestigen lassen.  <\/p>\n<p>Die SPIDI Hard Track 3 Jacke ist ein Kleidungsst\u00fcck voller fortschrittlicher Funktionen, die den Komfort und die Sicherheit auf Ihrer n\u00e4chsten Tour erh\u00f6hen: von den YKK\u00ae VISLON\u00ae Rei\u00dfverschl\u00fcssen und der M\u00f6glichkeit, das Hydroback Trinksystem zu integrieren, bis hin zu den 3M\u00ae reflektierenden Eins\u00e4tzen und dem E.S.T. Kragenverschluss &#8211; jedes Detail wurde sorgf\u00e4ltig entwickelt, um maximale Kontrolle bei jedem Abenteuer zu gew\u00e4hrleisten.<\/p>\n<p>&nbsp;<\/p>\n","protected":false},"excerpt":{"rendered":"<p>Hard Track Spidis sind seit jeher ein Synonym f\u00fcr extreme Allwetterabenteuer, kompromisslos auf Asphalt oder auf&#8230;<\/p>\n","protected":false},"featured_media":94768,"comment_status":"open","ping_status":"closed","template":"","meta":{"_acf_changed":false},"brand":[2124],"gender":[2168],"product_brand":[],"product_cat":[1357,2045,2048],"product_tag":[],"class_list":{"0":"post-94765","1":"product","2":"type-product","3":"status-publish","4":"has-post-thumbnail","6":"brand-spidi-de","7":"gender-moski-de","8":"product_cat-ausrustung-fur-motorradfahrer","9":"product_cat-jakne-de","10":"product_cat-textil-jacken","11":"pa_size-2xl-de","12":"pa_size-3xl-de","13":"pa_size-l-de","14":"pa_size-m-de","15":"pa_size-s-de","16":"pa_size-xl-de","18":"first","19":"instock","20":"sale","21":"taxable","22":"shipping-taxable","23":"purchasable","24":"product-type-variable"},"acf":[],"_links":{"self":[{"href":"https:\/\/moto-oprema.com\/de\/wp-json\/wp\/v2\/product\/94765","targetHints":{"allow":["GET"]}}],"collection":[{"href":"https:\/\/moto-oprema.com\/de\/wp-json\/wp\/v2\/product"}],"about":[{"href":"https:\/\/moto-oprema.com\/de\/wp-json\/wp\/v2\/types\/product"}],"replies":[{"embeddable":true,"href":"https:\/\/moto-oprema.com\/de\/wp-json\/wp\/v2\/comments?post=94765"}],"wp:featuredmedia":[{"embeddable":true,"href":"https:\/\/moto-oprema.com\/de\/wp-json\/wp\/v2\/media\/94768"}],"wp:attachment":[{"href":"https:\/\/moto-oprema.com\/de\/wp-json\/wp\/v2\/media?parent=94765"}],"wp:term":[{"taxonomy":"brand","embeddable":true,"href":"https:\/\/moto-oprema.com\/de\/wp-json\/wp\/v2\/brand?post=94765"},{"taxonomy":"gender","embeddable":true,"href":"https:\/\/moto-oprema.com\/de\/wp-json\/wp\/v2\/gender?post=94765"},{"taxonomy":"product_brand","embeddable":true,"href":"https:\/\/moto-oprema.com\/de\/wp-json\/wp\/v2\/product_brand?post=94765"},{"taxonomy":"product_cat","embeddable":true,"href":"https:\/\/moto-oprema.com\/de\/wp-json\/wp\/v2\/product_cat?post=94765"},{"taxonomy":"product_tag","embeddable":true,"href":"https:\/\/moto-oprema.com\/de\/wp-json\/wp\/v2\/product_tag?post=94765"}],"curies":[{"name":"wp","href":"https:\/\/api.w.org\/{rel}","templated":true}]}}