{"id":94749,"date":"2025-03-27T09:00:33","date_gmt":"2025-03-27T09:00:33","guid":{"rendered":"https:\/\/moto-oprema.com\/Artikel\/spidi-j-fit-superslim-shorts-blau-dunkel-gebraucht\/"},"modified":"2025-03-27T09:00:33","modified_gmt":"2025-03-27T09:00:33","slug":"spidi-j-fit-superslim-shorts-blau-dunkel-gebraucht","status":"publish","type":"product","link":"https:\/\/moto-oprema.com\/de\/Artikel\/spidi-j-fit-superslim-shorts-blau-dunkel-gebraucht\/","title":{"rendered":"SPIDI J-FIT SUPERSLIM SHORTS BLAU DUNKEL GEBRAUCHT"},"content":{"rendered":"<p>Die J-Fit Superslim ist eine Motorradjeans, die einen unvergleichlichen Komfort bietet. Die St\u00e4rke dieser Biker-Shorts liegt im verwendeten Material: Dieser Super-Stretch-Denim wird von SPIDI durch die Verflechtung von Baumwolle und Cordura\u00ae-Fasern und die Zugabe von 6 % Elastan hergestellt, was f\u00fcr ein ausgezeichnetes Ma\u00df an Flexibilit\u00e4t und Anpassungsf\u00e4higkeit sorgt. Das SPIDI R\u00fcckenetikett ist aus Leder gefertigt, w\u00e4hrend die Kn\u00f6pfe, Nieten und der Schl\u00fcsselring aus matter Bronze sind.  <\/p>\n<p>Slim FIT Modell, Standardl\u00e4nge (34 Zoll).<\/p>\n<p>Diese Jeans sind nach Klasse A gem\u00e4\u00df EN 17092-4:2020 zertifiziert und enthalten Warrior Lite Short Kniesch\u00fctzer, w\u00e4hrend Warrior Lite Level 2 H\u00fcftsch\u00fctzer als Option erh\u00e4ltlich sind.<\/p>\n","protected":false},"excerpt":{"rendered":"<p>Die J-Fit Superslim ist eine Motorradjeans, die einen unvergleichlichen Komfort bietet. Die St\u00e4rke dieser Biker-Shorts liegt&#8230;<\/p>\n","protected":false},"featured_media":94751,"comment_status":"open","ping_status":"closed","template":"","meta":{"_acf_changed":false},"brand":[2124],"gender":[2168],"product_brand":[],"product_cat":[1357,2189,2190],"product_tag":[],"class_list":{"0":"post-94749","1":"product","2":"type-product","3":"status-publish","4":"has-post-thumbnail","6":"brand-spidi-de","7":"gender-moski-de","8":"product_cat-ausrustung-fur-motorradfahrer","9":"product_cat-hose","10":"product_cat-jeans-hosen","11":"pa_size-31-de","12":"pa_size-32-de","13":"pa_size-33-de","14":"pa_size-34-de","15":"pa_size-36-de","16":"pa_size-38-de","17":"pa_size-40-de","19":"first","20":"instock","21":"sale","22":"taxable","23":"shipping-taxable","24":"purchasable","25":"product-type-variable"},"acf":[],"_links":{"self":[{"href":"https:\/\/moto-oprema.com\/de\/wp-json\/wp\/v2\/product\/94749","targetHints":{"allow":["GET"]}}],"collection":[{"href":"https:\/\/moto-oprema.com\/de\/wp-json\/wp\/v2\/product"}],"about":[{"href":"https:\/\/moto-oprema.com\/de\/wp-json\/wp\/v2\/types\/product"}],"replies":[{"embeddable":true,"href":"https:\/\/moto-oprema.com\/de\/wp-json\/wp\/v2\/comments?post=94749"}],"wp:featuredmedia":[{"embeddable":true,"href":"https:\/\/moto-oprema.com\/de\/wp-json\/wp\/v2\/media\/94751"}],"wp:attachment":[{"href":"https:\/\/moto-oprema.com\/de\/wp-json\/wp\/v2\/media?parent=94749"}],"wp:term":[{"taxonomy":"brand","embeddable":true,"href":"https:\/\/moto-oprema.com\/de\/wp-json\/wp\/v2\/brand?post=94749"},{"taxonomy":"gender","embeddable":true,"href":"https:\/\/moto-oprema.com\/de\/wp-json\/wp\/v2\/gender?post=94749"},{"taxonomy":"product_brand","embeddable":true,"href":"https:\/\/moto-oprema.com\/de\/wp-json\/wp\/v2\/product_brand?post=94749"},{"taxonomy":"product_cat","embeddable":true,"href":"https:\/\/moto-oprema.com\/de\/wp-json\/wp\/v2\/product_cat?post=94749"},{"taxonomy":"product_tag","embeddable":true,"href":"https:\/\/moto-oprema.com\/de\/wp-json\/wp\/v2\/product_tag?post=94749"}],"curies":[{"name":"wp","href":"https:\/\/api.w.org\/{rel}","templated":true}]}}