{"id":94717,"date":"2025-03-27T08:45:53","date_gmt":"2025-03-27T08:45:53","guid":{"rendered":"https:\/\/moto-oprema.com\/Artikel\/alpinestars-zaca-air-jacke-schwarz-schwarz\/"},"modified":"2025-03-27T08:45:53","modified_gmt":"2025-03-27T08:45:53","slug":"alpinestars-zaca-air-jacke-schwarz-schwarz","status":"publish","type":"product","link":"https:\/\/moto-oprema.com\/de\/Artikel\/alpinestars-zaca-air-jacke-schwarz-schwarz\/","title":{"rendered":"ALPINESTARS ZACA AIR JACKE SCHWARZ SCHWARZ"},"content":{"rendered":"<p>Die Alpinestars Zaca Air ist die ideale Textiljacke f\u00fcr Stra\u00dfen- und Sportfahrer, die eine stilvolle Jacke f\u00fcr warme Klimazonen mit Temperaturanpassungsf\u00e4higkeit suchen, die auch bei k\u00e4lteren und\/oder nassen Wetterbedingungen funktioniert. Sie kombiniert eine einzigartige Kombination aus 3D-Mesh mit mechanischem Stretch, 450D-Polypropylen-Verst\u00e4rkungen und Stretch-Softshell-Eins\u00e4tzen. Das 3D-Mesh sorgt f\u00fcr hervorragende Atmungsaktivit\u00e4t auf der Brust, dem R\u00fccken und der Innenseite der Arme. Das 3D-Netz wird an den Au\u00dfenarmen, Schultern und Seiten mit 450D-Polyamid kombiniert, um eine CE-zertifizierte Abriebfestigkeit zu gew\u00e4hrleisten. Die Stretch-Softshell-Eins\u00e4tze, die an Brust und R\u00fccken, an den Schulterbl\u00e4ttern und um den Kragen herum integriert sind, sorgen f\u00fcr eine perfekte Passform mit dem Tech-Air\u00ae 5-Airbagsystem und ein ausgezeichnetes Ma\u00df an Bewegungsfreiheit und Bewegungsfreiheit. F\u00fcr zus\u00e4tzlichen Schutz ist die Zaca Air Jacket mit externen DFS Lite Schultergleitern und Nucleon Flex Plus CE Level 1 Schulter-, Ellbogen- und Unterarmpolstern ausgestattet. Innen ist die Jacke mit einem herausnehmbaren wasserdichten 2L-Futter ausgestattet, das bei k\u00e4lterem Wetter als zus\u00e4tzliche Windjacke verwendet werden kann und besonders praktisch f\u00fcr Fahrer ist, die im Regen stehen. Die abnehmbare Kapuze verf\u00fcgt \u00fcber einen Bel\u00fcftungskanal an der Oberseite, um zu verhindern, dass sich die Jacke beim Radfahren mit Luft f\u00fcllt und herumflattert. Die Zaca Air ist eine vielseitige, gut bel\u00fcftete und sch\u00fctzende Reitjacke f\u00fcr sportliche Stra\u00dfenradfahrer, die an w\u00e4rmeren Tagen optimalen Komfort und volle K\u00f6rper- und Bewegungsfreiheit ben\u00f6tigen.        <\/p>\n<p>Eigenschaften<\/p>\n<ul>\n<li>Bereit f\u00fcr die Tech-Air\u00ae Technologie.<\/li>\n<li>Stetch Softshell-Eins\u00e4tze an den wichtigsten Stellen.<\/li>\n<li>Abnehmbare Kapuze mit einem Luftkanal, der die Luft entweichen l\u00e4sst und verhindert, dass sich die Kapuze w\u00e4hrend der Fahrt aufbl\u00e4st.<\/li>\n<li>Herausnehmbares wasserdichtes 2L-Futter.<\/li>\n<li>Wasserdichte Tasche.<\/li>\n<li>Gurtversteller.<\/li>\n<li>DFS lite externe Schulterpolster.<\/li>\n<li>Nucleon Flex Plus Level 1 Protektor. <\/li>\n<\/ul>\n<p>100% Polyester<\/p>\n","protected":false},"excerpt":{"rendered":"","protected":false},"featured_media":94720,"comment_status":"open","ping_status":"closed","template":"","meta":{"_acf_changed":false},"brand":[2111],"gender":[2168],"product_brand":[],"product_cat":[1357,2045,2048],"product_tag":[],"class_list":{"0":"post-94717","1":"product","2":"type-product","3":"status-publish","4":"has-post-thumbnail","6":"brand-alpinestars-de","7":"gender-moski-de","8":"product_cat-ausrustung-fur-motorradfahrer","9":"product_cat-jakne-de","10":"product_cat-textil-jacken","11":"pa_size-2xl-de","12":"pa_size-3xl-de","13":"pa_size-l-de","14":"pa_size-m-de","15":"pa_size-s-de","16":"pa_size-xl-de","18":"first","19":"instock","20":"sale","21":"taxable","22":"shipping-taxable","23":"purchasable","24":"product-type-variable"},"acf":[],"_links":{"self":[{"href":"https:\/\/moto-oprema.com\/de\/wp-json\/wp\/v2\/product\/94717","targetHints":{"allow":["GET"]}}],"collection":[{"href":"https:\/\/moto-oprema.com\/de\/wp-json\/wp\/v2\/product"}],"about":[{"href":"https:\/\/moto-oprema.com\/de\/wp-json\/wp\/v2\/types\/product"}],"replies":[{"embeddable":true,"href":"https:\/\/moto-oprema.com\/de\/wp-json\/wp\/v2\/comments?post=94717"}],"wp:featuredmedia":[{"embeddable":true,"href":"https:\/\/moto-oprema.com\/de\/wp-json\/wp\/v2\/media\/94720"}],"wp:attachment":[{"href":"https:\/\/moto-oprema.com\/de\/wp-json\/wp\/v2\/media?parent=94717"}],"wp:term":[{"taxonomy":"brand","embeddable":true,"href":"https:\/\/moto-oprema.com\/de\/wp-json\/wp\/v2\/brand?post=94717"},{"taxonomy":"gender","embeddable":true,"href":"https:\/\/moto-oprema.com\/de\/wp-json\/wp\/v2\/gender?post=94717"},{"taxonomy":"product_brand","embeddable":true,"href":"https:\/\/moto-oprema.com\/de\/wp-json\/wp\/v2\/product_brand?post=94717"},{"taxonomy":"product_cat","embeddable":true,"href":"https:\/\/moto-oprema.com\/de\/wp-json\/wp\/v2\/product_cat?post=94717"},{"taxonomy":"product_tag","embeddable":true,"href":"https:\/\/moto-oprema.com\/de\/wp-json\/wp\/v2\/product_tag?post=94717"}],"curies":[{"name":"wp","href":"https:\/\/api.w.org\/{rel}","templated":true}]}}