{"id":94690,"date":"2025-03-13T09:55:31","date_gmt":"2025-03-13T09:55:31","guid":{"rendered":"https:\/\/moto-oprema.com\/Artikel\/alpinestars-stella-t-sps-v2-air-jacke-schwarz-weiss\/"},"modified":"2025-03-13T09:55:31","modified_gmt":"2025-03-13T09:55:31","slug":"alpinestars-stella-t-sps-v2-air-jacke-schwarz-weiss","status":"publish","type":"product","link":"https:\/\/moto-oprema.com\/de\/Artikel\/alpinestars-stella-t-sps-v2-air-jacke-schwarz-weiss\/","title":{"rendered":"ALPINESTARS STELLA T-SPS V2 AIR JACKE SCHWARZ WEISS"},"content":{"rendered":"<div id=\"tw-target-text-container\" class=\"tw-ta-container tw-nfl\">\n<p>Die vielseitige Stella T-SPS Air v2 Air Jacket verf\u00fcgt \u00fcber Bel\u00fcftungs\u00f6ffnungen und gro\u00dfe Mesh-Eins\u00e4tze auf der Brust, dem R\u00fccken und den Armen, wodurch sie sich ideal f\u00fcr eine Vielzahl von Wetterbedingungen eignet. Mit ihrem leistungsorientierten Design und dem \u00fcberragenden Nucleon Flex Plus Schutz an den Schultern und Ellbogen ist die Stella T-SPS Air v2 Jacke ideal f\u00fcr den Einsatz in der Stadt. <\/p>\n<p>Eigenschaften<\/p>\n<ul>\n<li>Anatomisch geformt f\u00fcr eine optimale Passform, ma\u00dfgeschneidert f\u00fcr Frauen.<\/li>\n<li>Die strategisch perforierte, zonale 600D-Polsterung l\u00e4sst Luft durch die Hauptschale str\u00f6men und f\u00f6rdert Atmungsaktivit\u00e4t und Bel\u00fcftung.<\/li>\n<li>Das technologische Mesh-Futter wurde entwickelt, um eine maximale Luftzirkulation im oberen Bereich des K\u00f6rpers zu gew\u00e4hrleisten und eine optimale K\u00fchlung zu gew\u00e4hrleisten, insbesondere bei nackten Motoren.<\/li>\n<li>Die internen Verst\u00e4rkungen sind strategisch an den am st\u00e4rksten beanspruchten Stellen angebracht, um maximale Haltbarkeit und Schutz vor Abnutzung zu gew\u00e4hrleisten.<\/li>\n<li>Sportlicher Schnitt mit ergonomischen Eins\u00e4tzen und 2D-Mesh-Konstruktion f\u00fcr mehr Komfort und Beweglichkeit.<\/li>\n<\/ul>\n<p>&#8211; Klasse A.<\/p>\n<p>Zusammensetzung des Rohmaterials<\/p>\n<p>100% Polyester<\/p>\n<\/div>\n<div id=\"z6maec\" class=\"tw-ta-container tw-nfl\"><\/div>\n","protected":false},"excerpt":{"rendered":"<p>Farbe: Schwarz &#8211; Wei\u00df<\/p>\n","protected":false},"featured_media":94689,"comment_status":"open","ping_status":"closed","template":"","meta":{"_acf_changed":false},"brand":[2111],"gender":[2170],"product_brand":[],"product_cat":[1357,2045,2048],"product_tag":[],"class_list":{"0":"post-94690","1":"product","2":"type-product","3":"status-publish","4":"has-post-thumbnail","6":"brand-alpinestars-de","7":"gender-zenska-de","8":"product_cat-ausrustung-fur-motorradfahrer","9":"product_cat-jakne-de","10":"product_cat-textil-jacken","11":"pa_size-2xl-de","12":"pa_size-3xl-de","13":"pa_size-l-de","14":"pa_size-m-de","15":"pa_size-s-de","16":"pa_size-xl-de","17":"pa_size-xs-de","19":"first","20":"instock","21":"sale","22":"taxable","23":"shipping-taxable","24":"purchasable","25":"product-type-variable"},"acf":[],"_links":{"self":[{"href":"https:\/\/moto-oprema.com\/de\/wp-json\/wp\/v2\/product\/94690","targetHints":{"allow":["GET"]}}],"collection":[{"href":"https:\/\/moto-oprema.com\/de\/wp-json\/wp\/v2\/product"}],"about":[{"href":"https:\/\/moto-oprema.com\/de\/wp-json\/wp\/v2\/types\/product"}],"replies":[{"embeddable":true,"href":"https:\/\/moto-oprema.com\/de\/wp-json\/wp\/v2\/comments?post=94690"}],"wp:featuredmedia":[{"embeddable":true,"href":"https:\/\/moto-oprema.com\/de\/wp-json\/wp\/v2\/media\/94689"}],"wp:attachment":[{"href":"https:\/\/moto-oprema.com\/de\/wp-json\/wp\/v2\/media?parent=94690"}],"wp:term":[{"taxonomy":"brand","embeddable":true,"href":"https:\/\/moto-oprema.com\/de\/wp-json\/wp\/v2\/brand?post=94690"},{"taxonomy":"gender","embeddable":true,"href":"https:\/\/moto-oprema.com\/de\/wp-json\/wp\/v2\/gender?post=94690"},{"taxonomy":"product_brand","embeddable":true,"href":"https:\/\/moto-oprema.com\/de\/wp-json\/wp\/v2\/product_brand?post=94690"},{"taxonomy":"product_cat","embeddable":true,"href":"https:\/\/moto-oprema.com\/de\/wp-json\/wp\/v2\/product_cat?post=94690"},{"taxonomy":"product_tag","embeddable":true,"href":"https:\/\/moto-oprema.com\/de\/wp-json\/wp\/v2\/product_tag?post=94690"}],"curies":[{"name":"wp","href":"https:\/\/api.w.org\/{rel}","templated":true}]}}