{"id":94687,"date":"2025-03-13T11:16:05","date_gmt":"2025-03-13T11:16:05","guid":{"rendered":"https:\/\/moto-oprema.com\/Artikel\/alpinestars-city-hunter-v2-rucksack-rot-schwarz\/"},"modified":"2025-03-13T11:16:05","modified_gmt":"2025-03-13T11:16:05","slug":"alpinestars-city-hunter-v2-rucksack-rot-schwarz","status":"publish","type":"product","link":"https:\/\/moto-oprema.com\/de\/Artikel\/alpinestars-city-hunter-v2-rucksack-rot-schwarz\/","title":{"rendered":"ALPINESTARS CITY HUNTER V2 RUCKSACK ROT SCHWARZ"},"content":{"rendered":"<p>Der City Hunter v2 Rucksack wurde f\u00fcr ultimativen Komfort und eine ausgewogene Lastverteilung entwickelt und ist der ideale Begleiter f\u00fcr Stadtpendler. Sein verj\u00fcngtes Profil arbeitet mit der Schwerkraft und h\u00e4lt den Rucksack dicht am R\u00fccken des Fahrers f\u00fcr optimale Stabilit\u00e4t und Balance w\u00e4hrend der Fahrt. <\/p>\n<p>Eigenschaften<\/p>\n<p>Die neue R\u00fcckenpolsterung und die Schultergurte aus atmungsaktivem 3D-Netz sorgen f\u00fcr eine optimale Luftzirkulation und Bel\u00fcftung und damit f\u00fcr mehr Komfort.<br \/>\nGro\u00dfe externe Seitentaschen und interne Organizerf\u00e4cher bieten reichlich Stauraum, um unterwegs leicht auf wichtige Dinge zugreifen zu k\u00f6nnen.<br \/>\nDas Befestigungssystem f\u00fcr die Regenh\u00fclle erh\u00f6ht die Wasserdichtigkeit.<br \/>\nDas Schnellverschluss-System sorgt f\u00fcr einen sicheren Verschluss und einfache Handhabung.<\/p>\n<p>64% Polyamid, 36% Polyester<\/p>\n","protected":false},"excerpt":{"rendered":"<p>Der Alpinestars City Hunter Rucksack hat ein aerodynamisches Profil und ein neues innovatives Lastentr\u00e4gersystem.<\/p>\n","protected":false},"featured_media":94678,"comment_status":"open","ping_status":"closed","template":"","meta":{"_acf_changed":false},"brand":[2111],"gender":[2173],"product_brand":[],"product_cat":[2093,2024],"product_tag":[],"class_list":{"0":"post-94687","1":"product","2":"type-product","3":"status-publish","4":"has-post-thumbnail","6":"brand-alpinestars-de","7":"gender-unisex-de","8":"product_cat-rucksacke-und-beinbeutel","9":"product_cat-zubehor","11":"first","12":"instock","13":"sale","14":"taxable","15":"shipping-taxable","16":"purchasable","17":"product-type-simple"},"acf":[],"_links":{"self":[{"href":"https:\/\/moto-oprema.com\/de\/wp-json\/wp\/v2\/product\/94687","targetHints":{"allow":["GET"]}}],"collection":[{"href":"https:\/\/moto-oprema.com\/de\/wp-json\/wp\/v2\/product"}],"about":[{"href":"https:\/\/moto-oprema.com\/de\/wp-json\/wp\/v2\/types\/product"}],"replies":[{"embeddable":true,"href":"https:\/\/moto-oprema.com\/de\/wp-json\/wp\/v2\/comments?post=94687"}],"wp:featuredmedia":[{"embeddable":true,"href":"https:\/\/moto-oprema.com\/de\/wp-json\/wp\/v2\/media\/94678"}],"wp:attachment":[{"href":"https:\/\/moto-oprema.com\/de\/wp-json\/wp\/v2\/media?parent=94687"}],"wp:term":[{"taxonomy":"brand","embeddable":true,"href":"https:\/\/moto-oprema.com\/de\/wp-json\/wp\/v2\/brand?post=94687"},{"taxonomy":"gender","embeddable":true,"href":"https:\/\/moto-oprema.com\/de\/wp-json\/wp\/v2\/gender?post=94687"},{"taxonomy":"product_brand","embeddable":true,"href":"https:\/\/moto-oprema.com\/de\/wp-json\/wp\/v2\/product_brand?post=94687"},{"taxonomy":"product_cat","embeddable":true,"href":"https:\/\/moto-oprema.com\/de\/wp-json\/wp\/v2\/product_cat?post=94687"},{"taxonomy":"product_tag","embeddable":true,"href":"https:\/\/moto-oprema.com\/de\/wp-json\/wp\/v2\/product_tag?post=94687"}],"curies":[{"name":"wp","href":"https:\/\/api.w.org\/{rel}","templated":true}]}}