{"id":94665,"date":"2025-04-18T10:17:52","date_gmt":"2025-04-18T10:17:52","guid":{"rendered":"https:\/\/moto-oprema.com\/Artikel\/oneal-mx-helm-1srs-massiv-matt-schwarz\/"},"modified":"2025-04-18T10:17:52","modified_gmt":"2025-04-18T10:17:52","slug":"oneal-mx-helm-1srs-massiv-matt-schwarz","status":"publish","type":"product","link":"https:\/\/moto-oprema.com\/de\/Artikel\/oneal-mx-helm-1srs-massiv-matt-schwarz\/","title":{"rendered":"ONEAL MX HELM 1SRS MASSIV MATT SCHWARZ"},"content":{"rendered":"<p>Der 1SRS Helm ist aus hochwertigen Materialien und mit der neuesten Technologie gefertigt, um maximalen Schutz und Bel\u00fcftung zu gew\u00e4hrleisten.<\/p>\n<p>&#8211; 2 Au\u00dfenschalen und 2 EPS f\u00fcr erh\u00f6hte Sicherheit und eine perfekte Passform<br \/>\n&#8211; Au\u00dfenschale aus hochwertigem ABS<br \/>\n&#8211; Verschiedene Bel\u00fcftungs\u00f6ffnungen und interne Bel\u00fcftungskan\u00e4le f\u00fcr eine optimale Luftzirkulation<br \/>\n&#8211; Kompatibel mit Airflaps\u2122<br \/>\n&#8211; Doppel-D-Sicherheitsschnalle mit einfacher Gurtverstellung f\u00fcr eine perfekte Passform<br \/>\n&#8211; Gepolstertes komfortables Innenfutter, Herausnehmbar, schwei\u00dfabsorbierend und waschbar<br \/>\n&#8211; Sichere Brillenbandf\u00fchrung durch vorgeformte Schale<br \/>\n&#8211; Entspricht der neuen ECE 22 Pr\u00fcfnorm.06 f\u00fcr mehr Sicherheit<\/p>\n<p>Gewicht: Gr\u00f6\u00dfe M 1 330 g \/ Gr\u00f6\u00dfe L 1 430 g<\/p>\n","protected":false},"excerpt":{"rendered":"<p>Der 1SRS Helm ist aus hochwertigen Materialien und mit der neuesten Technologie gefertigt, um maximalen Schutz&#8230;<\/p>\n","protected":false},"featured_media":82762,"comment_status":"open","ping_status":"closed","template":"","meta":{"_acf_changed":false},"brand":[2177],"gender":[2173],"product_brand":[],"product_cat":[2028,2063],"product_tag":[],"class_list":{"0":"post-94665","1":"product","2":"type-product","3":"status-publish","4":"has-post-thumbnail","6":"brand-oneal-de","7":"gender-unisex-de","8":"product_cat-motocross-ausrustung","9":"product_cat-mx-helme","10":"pa_size-2xl-de","11":"pa_size-l-de","12":"pa_size-m-de","13":"pa_size-s-de","14":"pa_size-xl-de","15":"pa_size-xs-de","17":"first","18":"instock","19":"taxable","20":"shipping-taxable","21":"purchasable","22":"product-type-variable"},"acf":[],"_links":{"self":[{"href":"https:\/\/moto-oprema.com\/de\/wp-json\/wp\/v2\/product\/94665","targetHints":{"allow":["GET"]}}],"collection":[{"href":"https:\/\/moto-oprema.com\/de\/wp-json\/wp\/v2\/product"}],"about":[{"href":"https:\/\/moto-oprema.com\/de\/wp-json\/wp\/v2\/types\/product"}],"replies":[{"embeddable":true,"href":"https:\/\/moto-oprema.com\/de\/wp-json\/wp\/v2\/comments?post=94665"}],"wp:featuredmedia":[{"embeddable":true,"href":"https:\/\/moto-oprema.com\/de\/wp-json\/wp\/v2\/media\/82762"}],"wp:attachment":[{"href":"https:\/\/moto-oprema.com\/de\/wp-json\/wp\/v2\/media?parent=94665"}],"wp:term":[{"taxonomy":"brand","embeddable":true,"href":"https:\/\/moto-oprema.com\/de\/wp-json\/wp\/v2\/brand?post=94665"},{"taxonomy":"gender","embeddable":true,"href":"https:\/\/moto-oprema.com\/de\/wp-json\/wp\/v2\/gender?post=94665"},{"taxonomy":"product_brand","embeddable":true,"href":"https:\/\/moto-oprema.com\/de\/wp-json\/wp\/v2\/product_brand?post=94665"},{"taxonomy":"product_cat","embeddable":true,"href":"https:\/\/moto-oprema.com\/de\/wp-json\/wp\/v2\/product_cat?post=94665"},{"taxonomy":"product_tag","embeddable":true,"href":"https:\/\/moto-oprema.com\/de\/wp-json\/wp\/v2\/product_tag?post=94665"}],"curies":[{"name":"wp","href":"https:\/\/api.w.org\/{rel}","templated":true}]}}