{"id":94661,"date":"2025-04-18T10:00:40","date_gmt":"2025-04-18T10:00:40","guid":{"rendered":"https:\/\/moto-oprema.com\/Artikel\/oneal-mx-kinderhelm-1srs-solid-v-25-mattschwarz\/"},"modified":"2025-04-18T10:00:40","modified_gmt":"2025-04-18T10:00:40","slug":"oneal-mx-kinderhelm-1srs-solid-v-25-mattschwarz","status":"publish","type":"product","link":"https:\/\/moto-oprema.com\/de\/Artikel\/oneal-mx-kinderhelm-1srs-solid-v-25-mattschwarz\/","title":{"rendered":"ONEAL MX KINDERHELM 1SRS SOLID V.25 MATTSCHWARZ"},"content":{"rendered":"<p>Der neue O&#8217;NEAL 1SRS V.25 Jugend-Motocross-Helm bietet ein unschlagbares Preis-\/Leistungsverh\u00e4ltnis und sch\u00fctzt die K\u00f6pfe junger, wilder Athleten zuverl\u00e4ssig beim Klettern.<\/p>\n<p>&#8211; Spezielle Jugendhelmschale mit Comfort Fit<br \/>\n&#8211; 5 Lufteinlassventile und 4 Luftauslassventile<br \/>\n&#8211; Doppel-D-Sicherheitsverschluss<br \/>\n&#8211; Feuchtigkeitsableitendes Innenmaterial<br \/>\n&#8211; Herausnehmbares und waschbares Komfort-Innenfutter<br \/>\n&#8211; H\u00f6henverstellbares Helmvisier<br \/>\n&#8211; Kompatibel mit Airflaps\u2122<\/p>\n<p>Erf\u00fcllt die neuen ECE 22.06 und DOT Normen.<\/p>\n","protected":false},"excerpt":{"rendered":"<p>Der neue O&#8217;NEAL 1SRS V.25 Jugend-Motocross-Helm bietet ein unschlagbares Preis-\/Leistungsverh\u00e4ltnis und sch\u00fctzt die K\u00f6pfe junger, wilder&#8230;<\/p>\n","protected":false},"featured_media":82710,"comment_status":"open","ping_status":"closed","template":"","meta":{"_acf_changed":false},"brand":[2177],"gender":[],"product_brand":[],"product_cat":[2216,2028,2217],"product_tag":[],"class_list":{"0":"post-94661","1":"product","2":"type-product","3":"status-publish","4":"has-post-thumbnail","6":"brand-oneal-de","7":"product_cat-fur-die-jungsten-de","8":"product_cat-motocross-ausrustung","9":"product_cat-mx-helme-de","10":"pa_size-l-de","11":"pa_size-m-de","12":"pa_size-s-de","14":"first","15":"instock","16":"taxable","17":"shipping-taxable","18":"purchasable","19":"product-type-variable"},"acf":[],"_links":{"self":[{"href":"https:\/\/moto-oprema.com\/de\/wp-json\/wp\/v2\/product\/94661","targetHints":{"allow":["GET"]}}],"collection":[{"href":"https:\/\/moto-oprema.com\/de\/wp-json\/wp\/v2\/product"}],"about":[{"href":"https:\/\/moto-oprema.com\/de\/wp-json\/wp\/v2\/types\/product"}],"replies":[{"embeddable":true,"href":"https:\/\/moto-oprema.com\/de\/wp-json\/wp\/v2\/comments?post=94661"}],"wp:featuredmedia":[{"embeddable":true,"href":"https:\/\/moto-oprema.com\/de\/wp-json\/wp\/v2\/media\/82710"}],"wp:attachment":[{"href":"https:\/\/moto-oprema.com\/de\/wp-json\/wp\/v2\/media?parent=94661"}],"wp:term":[{"taxonomy":"brand","embeddable":true,"href":"https:\/\/moto-oprema.com\/de\/wp-json\/wp\/v2\/brand?post=94661"},{"taxonomy":"gender","embeddable":true,"href":"https:\/\/moto-oprema.com\/de\/wp-json\/wp\/v2\/gender?post=94661"},{"taxonomy":"product_brand","embeddable":true,"href":"https:\/\/moto-oprema.com\/de\/wp-json\/wp\/v2\/product_brand?post=94661"},{"taxonomy":"product_cat","embeddable":true,"href":"https:\/\/moto-oprema.com\/de\/wp-json\/wp\/v2\/product_cat?post=94661"},{"taxonomy":"product_tag","embeddable":true,"href":"https:\/\/moto-oprema.com\/de\/wp-json\/wp\/v2\/product_tag?post=94661"}],"curies":[{"name":"wp","href":"https:\/\/api.w.org\/{rel}","templated":true}]}}