{"id":94594,"date":"2025-03-27T10:03:40","date_gmt":"2025-03-27T10:03:40","guid":{"rendered":"https:\/\/moto-oprema.com\/Artikel\/just-1-j-gpr-de-rosa-replik-saum\/"},"modified":"2025-03-27T10:03:40","modified_gmt":"2025-03-27T10:03:40","slug":"just-1-j-gpr-de-rosa-replik-saum","status":"publish","type":"product","link":"https:\/\/moto-oprema.com\/de\/Artikel\/just-1-j-gpr-de-rosa-replik-saum\/","title":{"rendered":"JUST-1 J-GPR DE ROSA REPLIK SAUM"},"content":{"rendered":"<p>Der Just-1 J-Gpr Helm wurde mit dem Hauptziel entworfen und entwickelt, den sichersten und komfortabelsten Stra\u00dfenhelm f\u00fcr Fahrer zu schaffen.<\/p>\n<p>F\u00fcr die Herstellung des J-Gpr Helms wurden die besten und technologisch fortschrittlichsten Materialien verwendet.<\/p>\n<p>Die \u00e4u\u00dfere H\u00fclle besteht vollst\u00e4ndig aus Kohlefaser.<\/p>\n<p>Das macht den Helm extrem steif und unglaublich leicht.<\/p>\n<p>4 Gr\u00f6\u00dfen 12k carbon shell 4 Gr\u00f6\u00dfen, eps shell4 Gr\u00f6\u00dfen, ep shell.<\/p>\n<p>Double D R\u00fcckhaltesystem, vollst\u00e4ndig herausnehmbare und waschbare Innenausstattung, neue Innenausstattung mit antibakterieller protx2\u2122 Technologie.<\/p>\n<p>Im Lieferumfang enthalten: Nasenkappe, Pinlock 70, dunkles Visier.<\/p>\n<p>ECE 2206 Zertifikat.<\/p>\n<p>4 Schalen XS\/S: 1300\u00b150g, M: 1320\u00b150g, L: 1410\u00b150g, XL-XXL: 1450\u00b150g.<\/p>\n","protected":false},"excerpt":{"rendered":"<p>Der Just-1 J-Gpr Helm wurde mit dem Hauptziel entworfen und entwickelt, den sichersten und komfortabelsten Stra\u00dfenhelm&#8230;<\/p>\n","protected":false},"featured_media":94597,"comment_status":"open","ping_status":"closed","template":"","meta":{"_acf_changed":false},"brand":[2215],"gender":[2173],"product_brand":[],"product_cat":[1357,1360,1361],"product_tag":[],"class_list":{"0":"post-94594","1":"product","2":"type-product","3":"status-publish","4":"has-post-thumbnail","6":"brand-just1-de","7":"gender-unisex-de","8":"product_cat-ausrustung-fur-motorradfahrer","9":"product_cat-helme","10":"product_cat-integral","11":"pa_size-l-de","12":"pa_size-m-de","13":"pa_size-s-de","14":"pa_size-xl-de","15":"pa_size-xs-de","16":"pa_size-xxl-de","18":"first","19":"instock","20":"sale","21":"taxable","22":"shipping-taxable","23":"purchasable","24":"product-type-variable"},"acf":[],"_links":{"self":[{"href":"https:\/\/moto-oprema.com\/de\/wp-json\/wp\/v2\/product\/94594","targetHints":{"allow":["GET"]}}],"collection":[{"href":"https:\/\/moto-oprema.com\/de\/wp-json\/wp\/v2\/product"}],"about":[{"href":"https:\/\/moto-oprema.com\/de\/wp-json\/wp\/v2\/types\/product"}],"replies":[{"embeddable":true,"href":"https:\/\/moto-oprema.com\/de\/wp-json\/wp\/v2\/comments?post=94594"}],"wp:featuredmedia":[{"embeddable":true,"href":"https:\/\/moto-oprema.com\/de\/wp-json\/wp\/v2\/media\/94597"}],"wp:attachment":[{"href":"https:\/\/moto-oprema.com\/de\/wp-json\/wp\/v2\/media?parent=94594"}],"wp:term":[{"taxonomy":"brand","embeddable":true,"href":"https:\/\/moto-oprema.com\/de\/wp-json\/wp\/v2\/brand?post=94594"},{"taxonomy":"gender","embeddable":true,"href":"https:\/\/moto-oprema.com\/de\/wp-json\/wp\/v2\/gender?post=94594"},{"taxonomy":"product_brand","embeddable":true,"href":"https:\/\/moto-oprema.com\/de\/wp-json\/wp\/v2\/product_brand?post=94594"},{"taxonomy":"product_cat","embeddable":true,"href":"https:\/\/moto-oprema.com\/de\/wp-json\/wp\/v2\/product_cat?post=94594"},{"taxonomy":"product_tag","embeddable":true,"href":"https:\/\/moto-oprema.com\/de\/wp-json\/wp\/v2\/product_tag?post=94594"}],"curies":[{"name":"wp","href":"https:\/\/api.w.org\/{rel}","templated":true}]}}