{"id":94593,"date":"2025-03-27T10:39:28","date_gmt":"2025-03-27T10:39:28","guid":{"rendered":"https:\/\/moto-oprema.com\/Artikel\/spidi-rainwarrior-2-handschuhe-schwarz\/"},"modified":"2025-03-27T10:39:28","modified_gmt":"2025-03-27T10:39:28","slug":"spidi-rainwarrior-2-handschuhe-schwarz","status":"publish","type":"product","link":"https:\/\/moto-oprema.com\/de\/Artikel\/spidi-rainwarrior-2-handschuhe-schwarz\/","title":{"rendered":"SPIDI RAINWARRIOR 2 HANDSCHUHE SCHWARZ"},"content":{"rendered":"<p>Die SPIDI Rain Warrior 2 Handschuhe wurden entwickelt, um maximale Wasserdichtigkeit mit extremer Leichtigkeit zu kombinieren, ideal f\u00fcr lange Fahrten bei m\u00e4\u00dfigem Regen. Das Ergebnis wurde durch ein Laminierungsverfahren erreicht, das die Dicke der Handschuhschale reduziert und die Flexibilit\u00e4t der H\u00e4nde erh\u00f6ht.<br \/>\nDank des Warrior Kn\u00f6chelschutzes sind die SPIDI Rain Warrior H2Out Handschuhe CE-zertifiziert nach EN 13594:2015 Lev.1.<\/p>\n","protected":false},"excerpt":{"rendered":"<p>Die SPIDI Rain Warrior 2 Handschuhe wurden entwickelt, um maximale Wasserdichtigkeit mit extremer Leichtigkeit zu kombinieren,&#8230;<\/p>\n","protected":false},"featured_media":94595,"comment_status":"open","ping_status":"closed","template":"","meta":{"_acf_changed":false},"brand":[2124],"gender":[2168],"product_brand":[],"product_cat":[1357,2086,2092],"product_tag":[],"class_list":{"0":"post-94593","1":"product","2":"type-product","3":"status-publish","4":"has-post-thumbnail","6":"brand-spidi-de","7":"gender-moski-de","8":"product_cat-ausrustung-fur-motorradfahrer","9":"product_cat-handschuhe","10":"product_cat-textil-handschuhe","11":"pa_velikost-rokovice-l-de","12":"pa_velikost-rokovice-m-de","13":"pa_velikost-rokovice-s-de","14":"pa_velikost-rokovice-xl-de","15":"pa_velikost-rokovice-xxl-de","16":"pa_velikost-rokovice-xxxl-de","18":"first","19":"instock","20":"sale","21":"taxable","22":"shipping-taxable","23":"purchasable","24":"product-type-variable"},"acf":[],"_links":{"self":[{"href":"https:\/\/moto-oprema.com\/de\/wp-json\/wp\/v2\/product\/94593","targetHints":{"allow":["GET"]}}],"collection":[{"href":"https:\/\/moto-oprema.com\/de\/wp-json\/wp\/v2\/product"}],"about":[{"href":"https:\/\/moto-oprema.com\/de\/wp-json\/wp\/v2\/types\/product"}],"replies":[{"embeddable":true,"href":"https:\/\/moto-oprema.com\/de\/wp-json\/wp\/v2\/comments?post=94593"}],"wp:featuredmedia":[{"embeddable":true,"href":"https:\/\/moto-oprema.com\/de\/wp-json\/wp\/v2\/media\/94595"}],"wp:attachment":[{"href":"https:\/\/moto-oprema.com\/de\/wp-json\/wp\/v2\/media?parent=94593"}],"wp:term":[{"taxonomy":"brand","embeddable":true,"href":"https:\/\/moto-oprema.com\/de\/wp-json\/wp\/v2\/brand?post=94593"},{"taxonomy":"gender","embeddable":true,"href":"https:\/\/moto-oprema.com\/de\/wp-json\/wp\/v2\/gender?post=94593"},{"taxonomy":"product_brand","embeddable":true,"href":"https:\/\/moto-oprema.com\/de\/wp-json\/wp\/v2\/product_brand?post=94593"},{"taxonomy":"product_cat","embeddable":true,"href":"https:\/\/moto-oprema.com\/de\/wp-json\/wp\/v2\/product_cat?post=94593"},{"taxonomy":"product_tag","embeddable":true,"href":"https:\/\/moto-oprema.com\/de\/wp-json\/wp\/v2\/product_tag?post=94593"}],"curies":[{"name":"wp","href":"https:\/\/api.w.org\/{rel}","templated":true}]}}