{"id":94582,"date":"2025-03-27T09:46:03","date_gmt":"2025-03-27T09:46:03","guid":{"rendered":"https:\/\/moto-oprema.com\/Artikel\/spidi-nahtlose-hose-schwarz-grau\/"},"modified":"2025-03-27T09:46:03","modified_gmt":"2025-03-27T09:46:03","slug":"spidi-nahtlose-hose-schwarz-grau","status":"publish","type":"product","link":"https:\/\/moto-oprema.com\/de\/Artikel\/spidi-nahtlose-hose-schwarz-grau\/","title":{"rendered":"SPIDI NAHTLOSE HOSE SCHWARZ GRAU"},"content":{"rendered":"<p>Die nahtlose Funktionshose von SPIDI wurde f\u00fcr den Rennsport entwickelt und besteht aus einer Polyester\/Polyamid-Mischung, die die Transpiration erh\u00f6ht und den K\u00f6rper weniger belastet. Die gestrickte Konstruktion in Kombination mit einem gestreiften Muster erh\u00f6ht den Komfort des Rennfahrers den ganzen Tag \u00fcber.<\/p>\n","protected":false},"excerpt":{"rendered":"<p>Die nahtlose Funktionshose von SPIDI wurde f\u00fcr den Rennsport entwickelt und besteht aus einer Polyester\/Polyamid-Mischung, die&#8230;<\/p>\n","protected":false},"featured_media":94585,"comment_status":"open","ping_status":"closed","template":"","meta":{"_acf_changed":false},"brand":[2124],"gender":[2168],"product_brand":[],"product_cat":[1357,2208,2212],"product_tag":[],"class_list":{"0":"post-94582","1":"product","2":"type-product","3":"status-publish","4":"has-post-thumbnail","6":"brand-spidi-de","7":"gender-moski-de","8":"product_cat-ausrustung-fur-motorradfahrer","9":"product_cat-funktionskleidung-und-unterwasche","10":"product_cat-unterkappen","11":"pa_size-l-xl-de","12":"pa_size-s-m-de","13":"pa_size-2xl-3xl-de","15":"first","16":"instock","17":"sale","18":"taxable","19":"shipping-taxable","20":"purchasable","21":"product-type-variable"},"acf":[],"_links":{"self":[{"href":"https:\/\/moto-oprema.com\/de\/wp-json\/wp\/v2\/product\/94582","targetHints":{"allow":["GET"]}}],"collection":[{"href":"https:\/\/moto-oprema.com\/de\/wp-json\/wp\/v2\/product"}],"about":[{"href":"https:\/\/moto-oprema.com\/de\/wp-json\/wp\/v2\/types\/product"}],"replies":[{"embeddable":true,"href":"https:\/\/moto-oprema.com\/de\/wp-json\/wp\/v2\/comments?post=94582"}],"wp:featuredmedia":[{"embeddable":true,"href":"https:\/\/moto-oprema.com\/de\/wp-json\/wp\/v2\/media\/94585"}],"wp:attachment":[{"href":"https:\/\/moto-oprema.com\/de\/wp-json\/wp\/v2\/media?parent=94582"}],"wp:term":[{"taxonomy":"brand","embeddable":true,"href":"https:\/\/moto-oprema.com\/de\/wp-json\/wp\/v2\/brand?post=94582"},{"taxonomy":"gender","embeddable":true,"href":"https:\/\/moto-oprema.com\/de\/wp-json\/wp\/v2\/gender?post=94582"},{"taxonomy":"product_brand","embeddable":true,"href":"https:\/\/moto-oprema.com\/de\/wp-json\/wp\/v2\/product_brand?post=94582"},{"taxonomy":"product_cat","embeddable":true,"href":"https:\/\/moto-oprema.com\/de\/wp-json\/wp\/v2\/product_cat?post=94582"},{"taxonomy":"product_tag","embeddable":true,"href":"https:\/\/moto-oprema.com\/de\/wp-json\/wp\/v2\/product_tag?post=94582"}],"curies":[{"name":"wp","href":"https:\/\/api.w.org\/{rel}","templated":true}]}}