{"id":94578,"date":"2025-03-27T10:34:25","date_gmt":"2025-03-27T10:34:25","guid":{"rendered":"https:\/\/moto-oprema.com\/Artikel\/spidi-underground-kp-lady-handschuhe-schwarz\/"},"modified":"2025-03-27T10:34:25","modified_gmt":"2025-03-27T10:34:25","slug":"spidi-underground-kp-lady-handschuhe-schwarz","status":"publish","type":"product","link":"https:\/\/moto-oprema.com\/de\/Artikel\/spidi-underground-kp-lady-handschuhe-schwarz\/","title":{"rendered":"SPIDI UNDERGROUND-KP LADY HANDSCHUHE SCHWARZ"},"content":{"rendered":"<p>SPIDI Underground-KP: vielseitige, wasserdichte Motorradhandschuhe f\u00fcr die kalte Jahreszeit, ideal f\u00fcr Fahrten in der Stadt. Ausgestattet mit hochabriebfesten Materialien und Powertech Innenkn\u00f6chelprotektoren sind sie KP Level 1 zertifiziert.<br \/>\nElastische Eins\u00e4tze auf dem R\u00fccken und Klettverschluss erh\u00f6hen den Komfort, w\u00e4hrend 3M\u00ae reflektierende Eins\u00e4tze die Nachtsichtbarkeit erh\u00f6hen. Das H2OUT\u00ae-Futter macht sie wasserdicht, winddicht und atmungsaktiv. Die Underground-KP Handschuhe sind Touchscreen-kompatibel.<\/p>\n","protected":false},"excerpt":{"rendered":"<p>SPIDI Underground-KP: vielseitige, wasserdichte Motorradhandschuhe f\u00fcr die kalte Jahreszeit, ideal f\u00fcr Fahrten in der Stadt. Ausgestattet&#8230;<\/p>\n","protected":false},"featured_media":94579,"comment_status":"open","ping_status":"closed","template":"","meta":{"_acf_changed":false},"brand":[2124],"gender":[2170],"product_brand":[],"product_cat":[1357,2086,2092],"product_tag":[],"class_list":{"0":"post-94578","1":"product","2":"type-product","3":"status-publish","4":"has-post-thumbnail","6":"brand-spidi-de","7":"gender-zenska-de","8":"product_cat-ausrustung-fur-motorradfahrer","9":"product_cat-handschuhe","10":"product_cat-textil-handschuhe","11":"pa_velikost-rokovice-l-de","12":"pa_velikost-rokovice-m-de","13":"pa_velikost-rokovice-s-de","14":"pa_velikost-rokovice-xl-de","15":"pa_velikost-rokovice-xs-de","17":"first","18":"instock","19":"sale","20":"taxable","21":"shipping-taxable","22":"purchasable","23":"product-type-variable"},"acf":[],"_links":{"self":[{"href":"https:\/\/moto-oprema.com\/de\/wp-json\/wp\/v2\/product\/94578","targetHints":{"allow":["GET"]}}],"collection":[{"href":"https:\/\/moto-oprema.com\/de\/wp-json\/wp\/v2\/product"}],"about":[{"href":"https:\/\/moto-oprema.com\/de\/wp-json\/wp\/v2\/types\/product"}],"replies":[{"embeddable":true,"href":"https:\/\/moto-oprema.com\/de\/wp-json\/wp\/v2\/comments?post=94578"}],"wp:featuredmedia":[{"embeddable":true,"href":"https:\/\/moto-oprema.com\/de\/wp-json\/wp\/v2\/media\/94579"}],"wp:attachment":[{"href":"https:\/\/moto-oprema.com\/de\/wp-json\/wp\/v2\/media?parent=94578"}],"wp:term":[{"taxonomy":"brand","embeddable":true,"href":"https:\/\/moto-oprema.com\/de\/wp-json\/wp\/v2\/brand?post=94578"},{"taxonomy":"gender","embeddable":true,"href":"https:\/\/moto-oprema.com\/de\/wp-json\/wp\/v2\/gender?post=94578"},{"taxonomy":"product_brand","embeddable":true,"href":"https:\/\/moto-oprema.com\/de\/wp-json\/wp\/v2\/product_brand?post=94578"},{"taxonomy":"product_cat","embeddable":true,"href":"https:\/\/moto-oprema.com\/de\/wp-json\/wp\/v2\/product_cat?post=94578"},{"taxonomy":"product_tag","embeddable":true,"href":"https:\/\/moto-oprema.com\/de\/wp-json\/wp\/v2\/product_tag?post=94578"}],"curies":[{"name":"wp","href":"https:\/\/api.w.org\/{rel}","templated":true}]}}