{"id":94551,"date":"2025-05-15T10:11:22","date_gmt":"2025-05-15T10:11:22","guid":{"rendered":"https:\/\/moto-oprema.com\/Artikel\/alpinestars-troop-air-pro-hose-schwarz\/"},"modified":"2025-05-15T10:11:22","modified_gmt":"2025-05-15T10:11:22","slug":"alpinestars-troop-air-pro-hose-schwarz","status":"publish","type":"product","link":"https:\/\/moto-oprema.com\/de\/Artikel\/alpinestars-troop-air-pro-hose-schwarz\/","title":{"rendered":"ALPINESTARS TROOP-AIR PRO HOSE SCHWARZ"},"content":{"rendered":"<p>Die Alpinestars Troop AIR PRO Textilhose ist aus Stretchmaterial gefertigt, das eine flexible und eng anliegende Passform bietet. Diese sportlich geschnittene Hose wurde f\u00fcr ultimative Vielseitigkeit entwickelt und ist vollst\u00e4ndig bel\u00fcftet f\u00fcr maximale Luftzirkulation bei warmen Fahrbedingungen. Die Troop-Air Pro Textilhose verf\u00fcgt \u00fcber Nucleon Flex Pro Level 2 Kniepolster und Nucleon Bio Flex Level 1 H\u00fcftpolster. CE-zertifiziert nach Klasse AA.     <\/p>\n<p>48 % POLYAMID 48 % POLIESTER 4 % ELASTAN<\/p>\n<p>&nbsp;<\/p>\n","protected":false},"excerpt":{"rendered":"<p>Die Alpinestars Troop AIR PRO Textilhose ist aus Stretchmaterial gefertigt, das eine flexible und eng anliegende&#8230;<\/p>\n","protected":false},"featured_media":87454,"comment_status":"open","ping_status":"closed","template":"","meta":{"_acf_changed":false},"brand":[2111],"gender":[2168],"product_brand":[],"product_cat":[1357,2189,2211],"product_tag":[],"class_list":{"0":"post-94551","1":"product","2":"type-product","3":"status-publish","4":"has-post-thumbnail","6":"brand-alpinestars-de","7":"gender-moski-de","8":"product_cat-ausrustung-fur-motorradfahrer","9":"product_cat-hose","10":"product_cat-textil-hose","11":"pa_size-2xl-de","12":"pa_size-3xl-de","13":"pa_size-4xl-de","14":"pa_size-l-de","15":"pa_size-m-de","16":"pa_size-s-de","17":"pa_size-xl-de","19":"first","20":"instock","21":"sale","22":"taxable","23":"shipping-taxable","24":"purchasable","25":"product-type-variable"},"acf":[],"_links":{"self":[{"href":"https:\/\/moto-oprema.com\/de\/wp-json\/wp\/v2\/product\/94551","targetHints":{"allow":["GET"]}}],"collection":[{"href":"https:\/\/moto-oprema.com\/de\/wp-json\/wp\/v2\/product"}],"about":[{"href":"https:\/\/moto-oprema.com\/de\/wp-json\/wp\/v2\/types\/product"}],"replies":[{"embeddable":true,"href":"https:\/\/moto-oprema.com\/de\/wp-json\/wp\/v2\/comments?post=94551"}],"wp:featuredmedia":[{"embeddable":true,"href":"https:\/\/moto-oprema.com\/de\/wp-json\/wp\/v2\/media\/87454"}],"wp:attachment":[{"href":"https:\/\/moto-oprema.com\/de\/wp-json\/wp\/v2\/media?parent=94551"}],"wp:term":[{"taxonomy":"brand","embeddable":true,"href":"https:\/\/moto-oprema.com\/de\/wp-json\/wp\/v2\/brand?post=94551"},{"taxonomy":"gender","embeddable":true,"href":"https:\/\/moto-oprema.com\/de\/wp-json\/wp\/v2\/gender?post=94551"},{"taxonomy":"product_brand","embeddable":true,"href":"https:\/\/moto-oprema.com\/de\/wp-json\/wp\/v2\/product_brand?post=94551"},{"taxonomy":"product_cat","embeddable":true,"href":"https:\/\/moto-oprema.com\/de\/wp-json\/wp\/v2\/product_cat?post=94551"},{"taxonomy":"product_tag","embeddable":true,"href":"https:\/\/moto-oprema.com\/de\/wp-json\/wp\/v2\/product_tag?post=94551"}],"curies":[{"name":"wp","href":"https:\/\/api.w.org\/{rel}","templated":true}]}}