{"id":94511,"date":"2025-05-15T09:55:07","date_gmt":"2025-05-15T09:55:07","guid":{"rendered":"https:\/\/moto-oprema.com\/Artikel\/alpinestars-st-2-air-jacke-grau-rot-schwarz\/"},"modified":"2025-05-15T09:55:07","modified_gmt":"2025-05-15T09:55:07","slug":"alpinestars-st-2-air-jacke-grau-rot-schwarz","status":"publish","type":"product","link":"https:\/\/moto-oprema.com\/de\/Artikel\/alpinestars-st-2-air-jacke-grau-rot-schwarz\/","title":{"rendered":"ALPINESTARS ST-2 AIR JACKE GRAU ROT SCHWARZ"},"content":{"rendered":"<p>Die Alpinestars ST-2 Air Jacket ist die L\u00f6sung f\u00fcr sommerliche Tourenabenteuer. Sie wurde entwickelt, um hervorragende Luftzirkulation und Schutz in einem schlanken und modernen Design zu bieten. Fahren Sie mit Zuversicht. Die ST-2 Air Jacket wurde sorgf\u00e4ltig entwickelt, um Sie unterwegs k\u00fchl und komfortabel zu halten, besonders an warmen Tagen. Die moderne \u00c4sthetik und die flexible Passform der Jacke sorgen daf\u00fcr, dass Sie bei Ihrer n\u00e4chsten Sommertour mit der ST-2 Air Jacket die Blicke auf sich ziehen werden &#8211; hier vereinen sich Stil, Komfort und Leistung zu einem unvergesslichen Fahrerlebnis.  <\/p>\n<p>Zusammensetzung des Rohmaterials: 99% POLYESTER, 1% ELASTAN<\/p>\n<p>&nbsp;<\/p>\n","protected":false},"excerpt":{"rendered":"<p>Die Alpinestars ST-2 Air Jacket ist die L\u00f6sung f\u00fcr sommerliche Tourenabenteuer. Sie wurde entwickelt, um hervorragende&#8230;<\/p>\n","protected":false},"featured_media":87159,"comment_status":"open","ping_status":"closed","template":"","meta":{"_acf_changed":false},"brand":[2111],"gender":[2168],"product_brand":[],"product_cat":[1357,2045,2048],"product_tag":[],"class_list":{"0":"post-94511","1":"product","2":"type-product","3":"status-publish","4":"has-post-thumbnail","6":"brand-alpinestars-de","7":"gender-moski-de","8":"product_cat-ausrustung-fur-motorradfahrer","9":"product_cat-jakne-de","10":"product_cat-textil-jacken","11":"pa_size-2xl-de","12":"pa_size-3xl-de","13":"pa_size-4xl-de","14":"pa_size-l-de","15":"pa_size-m-de","16":"pa_size-s-de","17":"pa_size-xl-de","19":"first","20":"instock","21":"sale","22":"taxable","23":"shipping-taxable","24":"purchasable","25":"product-type-variable"},"acf":[],"_links":{"self":[{"href":"https:\/\/moto-oprema.com\/de\/wp-json\/wp\/v2\/product\/94511","targetHints":{"allow":["GET"]}}],"collection":[{"href":"https:\/\/moto-oprema.com\/de\/wp-json\/wp\/v2\/product"}],"about":[{"href":"https:\/\/moto-oprema.com\/de\/wp-json\/wp\/v2\/types\/product"}],"replies":[{"embeddable":true,"href":"https:\/\/moto-oprema.com\/de\/wp-json\/wp\/v2\/comments?post=94511"}],"wp:featuredmedia":[{"embeddable":true,"href":"https:\/\/moto-oprema.com\/de\/wp-json\/wp\/v2\/media\/87159"}],"wp:attachment":[{"href":"https:\/\/moto-oprema.com\/de\/wp-json\/wp\/v2\/media?parent=94511"}],"wp:term":[{"taxonomy":"brand","embeddable":true,"href":"https:\/\/moto-oprema.com\/de\/wp-json\/wp\/v2\/brand?post=94511"},{"taxonomy":"gender","embeddable":true,"href":"https:\/\/moto-oprema.com\/de\/wp-json\/wp\/v2\/gender?post=94511"},{"taxonomy":"product_brand","embeddable":true,"href":"https:\/\/moto-oprema.com\/de\/wp-json\/wp\/v2\/product_brand?post=94511"},{"taxonomy":"product_cat","embeddable":true,"href":"https:\/\/moto-oprema.com\/de\/wp-json\/wp\/v2\/product_cat?post=94511"},{"taxonomy":"product_tag","embeddable":true,"href":"https:\/\/moto-oprema.com\/de\/wp-json\/wp\/v2\/product_tag?post=94511"}],"curies":[{"name":"wp","href":"https:\/\/api.w.org\/{rel}","templated":true}]}}