{"id":94510,"date":"2025-05-14T08:11:12","date_gmt":"2025-05-14T08:11:12","guid":{"rendered":"https:\/\/moto-oprema.com\/Artikel\/oneal-mtb-kinderhelm-sonus-riot-v-25-multi\/"},"modified":"2025-05-14T08:11:12","modified_gmt":"2025-05-14T08:11:12","slug":"oneal-mtb-kinderhelm-sonus-riot-v-25-multi","status":"publish","type":"product","link":"https:\/\/moto-oprema.com\/de\/Artikel\/oneal-mtb-kinderhelm-sonus-riot-v-25-multi\/","title":{"rendered":"ONEAL MTB KINDERHELM SONUS RIOT V.25 MULTI"},"content":{"rendered":"<p>Seit \u00fcber 50 Jahren stellt O&#8217;NEAL die beste Ausr\u00fcstung und den sichersten Schutz f\u00fcr Kinder her. Ob sie nur zum Spa\u00df fahren oder kleine Profis sind. <\/p>\n<p>Die Au\u00dfenschale des O&#8217;NEAL Sonus Riot Kinder-MTB-Helms ist aus stabilem und leichtem ABS gefertigt. Zahlreiche Bel\u00fcftungsl\u00f6cher f\u00fcr optimale Ventilation sorgen f\u00fcr einen k\u00fchlen Kopf auch bei langen Fahrten. Die mehrfarbigen Grafiken verleihen diesem O&#8217;NEAL Helm einen sportlichen Look und halten dank bester Technologie lange.  <\/p>\n<p>&#8211; Gewicht: 1060 g (Gr\u00f6\u00dfe M), 1050 g (Gr\u00f6\u00dfe L)<br \/>\n&#8211; Entspricht den Normen EN1078, ASTM Downhill  <\/p>\n<pre>M=48-50cm\nL=51-52cm<\/pre>\n","protected":false},"excerpt":{"rendered":"<p>Seit \u00fcber 50 Jahren stellt O&#8217;NEAL die beste Ausr\u00fcstung und den sichersten Schutz f\u00fcr Kinder her&#8230;.<\/p>\n","protected":false},"featured_media":86740,"comment_status":"open","ping_status":"closed","template":"","meta":{"_acf_changed":false},"brand":[2177],"gender":[],"product_brand":[],"product_cat":[2204,2075,2205],"product_tag":[],"class_list":{"0":"post-94510","1":"product","2":"type-product","3":"status-publish","4":"has-post-thumbnail","6":"brand-oneal-de","7":"product_cat-fur-die-jungsten","8":"product_cat-mtb-radfahren-ausrustung","9":"product_cat-mtb-helme-de","10":"pa_size-l-de","11":"pa_size-m-de","12":"pa_size-s-de","13":"pa_size-xl-de","14":"pa_size-xs-de","16":"first","17":"instock","18":"sale","19":"taxable","20":"shipping-taxable","21":"purchasable","22":"product-type-variable"},"acf":[],"_links":{"self":[{"href":"https:\/\/moto-oprema.com\/de\/wp-json\/wp\/v2\/product\/94510","targetHints":{"allow":["GET"]}}],"collection":[{"href":"https:\/\/moto-oprema.com\/de\/wp-json\/wp\/v2\/product"}],"about":[{"href":"https:\/\/moto-oprema.com\/de\/wp-json\/wp\/v2\/types\/product"}],"replies":[{"embeddable":true,"href":"https:\/\/moto-oprema.com\/de\/wp-json\/wp\/v2\/comments?post=94510"}],"wp:featuredmedia":[{"embeddable":true,"href":"https:\/\/moto-oprema.com\/de\/wp-json\/wp\/v2\/media\/86740"}],"wp:attachment":[{"href":"https:\/\/moto-oprema.com\/de\/wp-json\/wp\/v2\/media?parent=94510"}],"wp:term":[{"taxonomy":"brand","embeddable":true,"href":"https:\/\/moto-oprema.com\/de\/wp-json\/wp\/v2\/brand?post=94510"},{"taxonomy":"gender","embeddable":true,"href":"https:\/\/moto-oprema.com\/de\/wp-json\/wp\/v2\/gender?post=94510"},{"taxonomy":"product_brand","embeddable":true,"href":"https:\/\/moto-oprema.com\/de\/wp-json\/wp\/v2\/product_brand?post=94510"},{"taxonomy":"product_cat","embeddable":true,"href":"https:\/\/moto-oprema.com\/de\/wp-json\/wp\/v2\/product_cat?post=94510"},{"taxonomy":"product_tag","embeddable":true,"href":"https:\/\/moto-oprema.com\/de\/wp-json\/wp\/v2\/product_tag?post=94510"}],"curies":[{"name":"wp","href":"https:\/\/api.w.org\/{rel}","templated":true}]}}