{"id":94497,"date":"2025-05-13T10:04:55","date_gmt":"2025-05-13T10:04:55","guid":{"rendered":"https:\/\/moto-oprema.com\/Artikel\/oneal-mtb-helm-sl1-strike-v-24-schwarz-rot\/"},"modified":"2025-05-13T10:04:55","modified_gmt":"2025-05-13T10:04:55","slug":"oneal-mtb-helm-sl1-strike-v-24-schwarz-rot","status":"publish","type":"product","link":"https:\/\/moto-oprema.com\/de\/Artikel\/oneal-mtb-helm-sl1-strike-v-24-schwarz-rot\/","title":{"rendered":"ONEAL MTB HELM SL1 STRIKE V.24 SCHWARZ ROT"},"content":{"rendered":"<p>Der O&#8217;NEAL SL1 MTB-Helm kombiniert starken Schutz mit leichten Materialien.<br \/>\nWenn es etwas h\u00e4rter wird, m\u00fcssen Sie sich auf Ihre Ausr\u00fcstung verlassen k\u00f6nnen, um optimal gesch\u00fctzt zu sein. O&#8217;NEAL k\u00fcmmert sich um den Rest, damit Sie sich auf die Fahrt konzentrieren k\u00f6nnen. <\/p>\n<p>&#8211; Leichter und gut bel\u00fcfteter Inmold Enduro Integralhelm<br \/>\n&#8211; Maximale K\u00fchlung dank gro\u00dfer Bel\u00fcftungs\u00f6ffnungen und -kan\u00e4le<br \/>\n&#8211; Kompatibel mit Airflaps\u2122<br \/>\n&#8211; Abbrechbare Kunststoffschrauben<br \/>\n&#8211; H\u00f6henverstellbares Oberteil<br \/>\n&#8211; O&#8217;NEAL Fidlock\u00ae Magnetschnalle<br \/>\n&#8211; Gepolstertes, herausnehmbares\/waschbares Komfort-Innenfutter<\/p>\n<p>Entspricht der Sicherheitsnorm EN1078 f\u00fcr Fahrradhelme und dem ASTM Downhill Standard<\/p>\n<p>Gewicht bis Gr\u00f6\u00dfe M 740 Gramm (ab Gr\u00f6\u00dfe L 790 Gramm).<\/p>\n","protected":false},"excerpt":{"rendered":"<p>Der O&#8217;NEAL SL1 MTB-Helm kombiniert starken Schutz mit leichten Materialien. Wenn es etwas h\u00e4rter wird, m\u00fcssen&#8230;<\/p>\n","protected":false},"featured_media":86632,"comment_status":"open","ping_status":"closed","template":"","meta":{"_acf_changed":false},"brand":[2177],"gender":[2173],"product_brand":[],"product_cat":[2075,2203],"product_tag":[],"class_list":{"0":"post-94497","1":"product","2":"type-product","3":"status-publish","4":"has-post-thumbnail","6":"brand-oneal-de","7":"gender-unisex-de","8":"product_cat-mtb-radfahren-ausrustung","9":"product_cat-mtb-helme","10":"pa_size-l-de","11":"pa_size-m-de","12":"pa_size-s-de","13":"pa_size-xl-de","14":"pa_size-xs-de","16":"first","17":"instock","18":"sale","19":"taxable","20":"shipping-taxable","21":"purchasable","22":"product-type-variable"},"acf":[],"_links":{"self":[{"href":"https:\/\/moto-oprema.com\/de\/wp-json\/wp\/v2\/product\/94497","targetHints":{"allow":["GET"]}}],"collection":[{"href":"https:\/\/moto-oprema.com\/de\/wp-json\/wp\/v2\/product"}],"about":[{"href":"https:\/\/moto-oprema.com\/de\/wp-json\/wp\/v2\/types\/product"}],"replies":[{"embeddable":true,"href":"https:\/\/moto-oprema.com\/de\/wp-json\/wp\/v2\/comments?post=94497"}],"wp:featuredmedia":[{"embeddable":true,"href":"https:\/\/moto-oprema.com\/de\/wp-json\/wp\/v2\/media\/86632"}],"wp:attachment":[{"href":"https:\/\/moto-oprema.com\/de\/wp-json\/wp\/v2\/media?parent=94497"}],"wp:term":[{"taxonomy":"brand","embeddable":true,"href":"https:\/\/moto-oprema.com\/de\/wp-json\/wp\/v2\/brand?post=94497"},{"taxonomy":"gender","embeddable":true,"href":"https:\/\/moto-oprema.com\/de\/wp-json\/wp\/v2\/gender?post=94497"},{"taxonomy":"product_brand","embeddable":true,"href":"https:\/\/moto-oprema.com\/de\/wp-json\/wp\/v2\/product_brand?post=94497"},{"taxonomy":"product_cat","embeddable":true,"href":"https:\/\/moto-oprema.com\/de\/wp-json\/wp\/v2\/product_cat?post=94497"},{"taxonomy":"product_tag","embeddable":true,"href":"https:\/\/moto-oprema.com\/de\/wp-json\/wp\/v2\/product_tag?post=94497"}],"curies":[{"name":"wp","href":"https:\/\/api.w.org\/{rel}","templated":true}]}}