{"id":94442,"date":"2025-05-08T08:51:42","date_gmt":"2025-05-08T08:51:42","guid":{"rendered":"https:\/\/moto-oprema.com\/Artikel\/alpinestars-supertech-r10-afhs-01-vizir-dunkel-silber-spiegel\/"},"modified":"2025-05-08T08:51:42","modified_gmt":"2025-05-08T08:51:42","slug":"alpinestars-supertech-r10-afhs-01-vizir-dunkel-silber-spiegel","status":"publish","type":"product","link":"https:\/\/moto-oprema.com\/de\/Artikel\/alpinestars-supertech-r10-afhs-01-vizir-dunkel-silber-spiegel\/","title":{"rendered":"ALPINESTARS SUPERTECH R10 AFHS-01 VIZIR DUNKEL SILBER SPIEGEL"},"content":{"rendered":"<p>Dunkelsilbernes Ersatzvisier f\u00fcr Alpinestars S-R10-Helme, nur f\u00fcr den t\u00e4glichen Gebrauch. Offizielle Alpinestars-Ersatzteile. TECHNISCHE MERKMALE. Das Visier bietet UV-Schutz und ist durch eine Anti-Kratz-Beschichtung auf der Au\u00dfenseite und eine Anti-Beschlag-Beschichtung auf der Innenseite gesch\u00fctzt. Einfach zu wechseln. Die T\u00f6nung des Visiers ist ein dunkles Silber mit einem VLT-Wert (Visible Light Transmittance) von 24-30%, das perfekt f\u00fcr den Einsatz bei sonnigem Wetter geeignet ist und eine elegante \u00c4sthetik bietet. Die get\u00f6nten Gl\u00e4ser wurden f\u00fcr das Tragen am Tag entwickelt und helfen dabei, Sonnenlicht und Blendung w\u00e4hrend des Tages zu reduzieren, die Sicht zu verbessern und die Augen zu entlasten.      <\/p>\n<p>Farbige Visiere sollten niemals in der D\u00e4mmerung, in den fr\u00fchen Morgenstunden oder bei schlechten Lichtverh\u00e4ltnissen getragen werden.<\/p>\n<p>Ersetzen Sie das Visier:<\/p>\n<div style=\"width: 640px;\" class=\"wp-video\"><!--[if lt IE 9]><script>document.createElement('video');<\/script><![endif]-->\n<video class=\"wp-video-shortcode\" id=\"video-94442-1\" width=\"640\" height=\"360\" preload=\"metadata\" controls=\"controls\"><source type=\"video\/mp4\" src=\"https:\/\/moto-oprema.com\/wp-content\/uploads\/2025\/05\/23191321590249e7a6725dec410e1528.HD-1080p-7.2Mbps-29212889.mp4?_=1\" \/><a href=\"https:\/\/moto-oprema.com\/wp-content\/uploads\/2025\/05\/23191321590249e7a6725dec410e1528.HD-1080p-7.2Mbps-29212889.mp4\">https:\/\/moto-oprema.com\/wp-content\/uploads\/2025\/05\/23191321590249e7a6725dec410e1528.HD-1080p-7.2Mbps-29212889.mp4<\/a><\/video><\/div>\n","protected":false},"excerpt":{"rendered":"<p>Dunkelsilbernes Ersatzvisier f\u00fcr Alpinestars S-R10-Helme, nur f\u00fcr den t\u00e4glichen Gebrauch. Offizielle Alpinestars-Ersatzteile. TECHNISCHE MERKMALE. Das Visier&#8230;<\/p>\n","protected":false},"featured_media":85966,"comment_status":"open","ping_status":"closed","template":"","meta":{"_acf_changed":false},"brand":[2111],"gender":[],"product_brand":[],"product_cat":[1357,1360,2183],"product_tag":[],"class_list":{"0":"post-94442","1":"product","2":"type-product","3":"status-publish","4":"has-post-thumbnail","6":"brand-alpinestars-de","7":"product_cat-ausrustung-fur-motorradfahrer","8":"product_cat-helme","9":"product_cat-zubehor-fur-helme","11":"first","12":"instock","13":"taxable","14":"shipping-taxable","15":"purchasable","16":"product-type-simple"},"acf":[],"_links":{"self":[{"href":"https:\/\/moto-oprema.com\/de\/wp-json\/wp\/v2\/product\/94442","targetHints":{"allow":["GET"]}}],"collection":[{"href":"https:\/\/moto-oprema.com\/de\/wp-json\/wp\/v2\/product"}],"about":[{"href":"https:\/\/moto-oprema.com\/de\/wp-json\/wp\/v2\/types\/product"}],"replies":[{"embeddable":true,"href":"https:\/\/moto-oprema.com\/de\/wp-json\/wp\/v2\/comments?post=94442"}],"wp:featuredmedia":[{"embeddable":true,"href":"https:\/\/moto-oprema.com\/de\/wp-json\/wp\/v2\/media\/85966"}],"wp:attachment":[{"href":"https:\/\/moto-oprema.com\/de\/wp-json\/wp\/v2\/media?parent=94442"}],"wp:term":[{"taxonomy":"brand","embeddable":true,"href":"https:\/\/moto-oprema.com\/de\/wp-json\/wp\/v2\/brand?post=94442"},{"taxonomy":"gender","embeddable":true,"href":"https:\/\/moto-oprema.com\/de\/wp-json\/wp\/v2\/gender?post=94442"},{"taxonomy":"product_brand","embeddable":true,"href":"https:\/\/moto-oprema.com\/de\/wp-json\/wp\/v2\/product_brand?post=94442"},{"taxonomy":"product_cat","embeddable":true,"href":"https:\/\/moto-oprema.com\/de\/wp-json\/wp\/v2\/product_cat?post=94442"},{"taxonomy":"product_tag","embeddable":true,"href":"https:\/\/moto-oprema.com\/de\/wp-json\/wp\/v2\/product_tag?post=94442"}],"curies":[{"name":"wp","href":"https:\/\/api.w.org\/{rel}","templated":true}]}}