{"id":94440,"date":"2025-05-08T10:05:54","date_gmt":"2025-05-08T10:05:54","guid":{"rendered":"https:\/\/moto-oprema.com\/Artikel\/sidi-mid-adventure-2-gore-tex-militaer\/"},"modified":"2025-05-08T10:05:54","modified_gmt":"2025-05-08T10:05:54","slug":"sidi-mid-adventure-2-gore-tex-militaer","status":"publish","type":"product","link":"https:\/\/moto-oprema.com\/de\/Artikel\/sidi-mid-adventure-2-gore-tex-militaer\/","title":{"rendered":"SIDI MID ADVENTURE 2 GORE-TEX MILIT\u00c4R"},"content":{"rendered":"<p>Dieser Motorradschuh zeichnet sich durch robuste und bequeme Eigenschaften aus und bietet besten Komfort und Sicherheit bei allen Wetterbedingungen und auf nahezu jedem Terrain. Der Stiefel hat ein Obermaterial aus Kunstleder und Wildleder und eine wasserdichte und atmungsaktive Gore-Tex-Membran. Mit drei Schnallen und Verstellriemen bietet er eine individuelle Passform und einen sicheren Halt. Die Gummisohle sorgt f\u00fcr besseren Halt und das Schienbeinpolster aus Polyurethan bietet zus\u00e4tzlichen Schutz. Der Klettverschluss und das verstellbare Mikroschnallensystem sorgen f\u00fcr einen einfachen und sicheren Verschluss. Der SIDI Mid Adventure 2 verf\u00fcgt au\u00dferdem \u00fcber eine Kunststoffst\u00fctze im Kn\u00f6chelbereich, ein Flex-System f\u00fcr mehr Bewegungsfreiheit und eine Verst\u00e4rkung, um sich zu bewegen. Zus\u00e4tzlicher Komfort wird durch eine Nylonsohle und eine herausnehmbare Ellbogenst\u00fctze geboten. Das hochwertige Material und die zahlreichen Funktionen machen diesen Motorradschuh zu einer guten Wahl f\u00fcr Motorradfahrer.<\/p>\n","protected":false},"excerpt":{"rendered":"<p>Dieser Motorradschuh zeichnet sich durch robuste und bequeme Eigenschaften aus und bietet besten Komfort und Sicherheit&#8230;<\/p>\n","protected":false},"featured_media":86115,"comment_status":"open","ping_status":"closed","template":"","meta":{"_acf_changed":false},"brand":[2201],"gender":[2168],"product_brand":[],"product_cat":[1357,2043,2049],"product_tag":[],"class_list":{"0":"post-94440","1":"product","2":"type-product","3":"status-publish","4":"has-post-thumbnail","6":"brand-sidi-de","7":"gender-moski-de","8":"product_cat-ausrustung-fur-motorradfahrer","9":"product_cat-schuhe","10":"product_cat-touring-schuhe","11":"pa_velikost-skornji-39-de","12":"pa_velikost-skornji-40-de","13":"pa_velikost-skornji-41-de","14":"pa_velikost-skornji-42-de","15":"pa_velikost-skornji-43-de","16":"pa_velikost-skornji-44-de","17":"pa_velikost-skornji-45-de","18":"pa_velikost-skornji-46-de","19":"pa_velikost-skornji-47-de","20":"pa_velikost-skornji-48-de","21":"pa_velikost-skornji-49-de","22":"pa_velikost-skornji-50-de","24":"first","25":"instock","26":"sale","27":"taxable","28":"shipping-taxable","29":"purchasable","30":"product-type-variable"},"acf":[],"_links":{"self":[{"href":"https:\/\/moto-oprema.com\/de\/wp-json\/wp\/v2\/product\/94440","targetHints":{"allow":["GET"]}}],"collection":[{"href":"https:\/\/moto-oprema.com\/de\/wp-json\/wp\/v2\/product"}],"about":[{"href":"https:\/\/moto-oprema.com\/de\/wp-json\/wp\/v2\/types\/product"}],"replies":[{"embeddable":true,"href":"https:\/\/moto-oprema.com\/de\/wp-json\/wp\/v2\/comments?post=94440"}],"wp:featuredmedia":[{"embeddable":true,"href":"https:\/\/moto-oprema.com\/de\/wp-json\/wp\/v2\/media\/86115"}],"wp:attachment":[{"href":"https:\/\/moto-oprema.com\/de\/wp-json\/wp\/v2\/media?parent=94440"}],"wp:term":[{"taxonomy":"brand","embeddable":true,"href":"https:\/\/moto-oprema.com\/de\/wp-json\/wp\/v2\/brand?post=94440"},{"taxonomy":"gender","embeddable":true,"href":"https:\/\/moto-oprema.com\/de\/wp-json\/wp\/v2\/gender?post=94440"},{"taxonomy":"product_brand","embeddable":true,"href":"https:\/\/moto-oprema.com\/de\/wp-json\/wp\/v2\/product_brand?post=94440"},{"taxonomy":"product_cat","embeddable":true,"href":"https:\/\/moto-oprema.com\/de\/wp-json\/wp\/v2\/product_cat?post=94440"},{"taxonomy":"product_tag","embeddable":true,"href":"https:\/\/moto-oprema.com\/de\/wp-json\/wp\/v2\/product_tag?post=94440"}],"curies":[{"name":"wp","href":"https:\/\/api.w.org\/{rel}","templated":true}]}}