{"id":94417,"date":"2025-05-08T09:22:27","date_gmt":"2025-05-08T09:22:27","guid":{"rendered":"https:\/\/moto-oprema.com\/Artikel\/alpinestars-supertech-r10-abreissfoliensatz\/"},"modified":"2025-05-08T09:22:27","modified_gmt":"2025-05-08T09:22:27","slug":"alpinestars-supertech-r10-abreissfoliensatz","status":"publish","type":"product","link":"https:\/\/moto-oprema.com\/de\/Artikel\/alpinestars-supertech-r10-abreissfoliensatz\/","title":{"rendered":"ALPINESTARS SUPERTECH R10 ABREISSFOLIENSATZ"},"content":{"rendered":"<p>3er-Set Ersatzfolien f\u00fcr Alpinestars S-R10 Helme. Offizielle Alpinestars Ersatzteile. <\/p>\n<p>Dieses Kit enth\u00e4lt Abrei\u00dffolien, die speziell f\u00fcr den Supertech R10 Helm entwickelt wurden, um dem Fahrer eine gute Sicht auf der Rennstrecke oder der Stra\u00dfe zu erm\u00f6glichen. Diese Folien werden nach den gleichen hohen Standards wie die Originalprotektoren hergestellt, sind einfach anzubringen und bieten zus\u00e4tzlichen Schutz vor Schmutz. Damit Ihr Helm in bestem Zustand und Ihre Sicht kristallklar bleibt, ist das Alpinestars AFHS-01 Shield Tear Off Set ein unentbehrliches Zubeh\u00f6r.<\/p>\n","protected":false},"excerpt":{"rendered":"<p>3er-Set Ersatzfolien f\u00fcr Alpinestars S-R10 Helme. Offizielle Alpinestars Ersatzteile. Dieses Kit enth\u00e4lt Abrei\u00dffolien, die speziell f\u00fcr&#8230;<\/p>\n","protected":false},"featured_media":85954,"comment_status":"open","ping_status":"closed","template":"","meta":{"_acf_changed":false},"brand":[2111],"gender":[],"product_brand":[],"product_cat":[1357,1360,2183],"product_tag":[],"class_list":{"0":"post-94417","1":"product","2":"type-product","3":"status-publish","4":"has-post-thumbnail","6":"brand-alpinestars-de","7":"product_cat-ausrustung-fur-motorradfahrer","8":"product_cat-helme","9":"product_cat-zubehor-fur-helme","11":"first","12":"instock","13":"taxable","14":"shipping-taxable","15":"purchasable","16":"product-type-simple"},"acf":[],"_links":{"self":[{"href":"https:\/\/moto-oprema.com\/de\/wp-json\/wp\/v2\/product\/94417","targetHints":{"allow":["GET"]}}],"collection":[{"href":"https:\/\/moto-oprema.com\/de\/wp-json\/wp\/v2\/product"}],"about":[{"href":"https:\/\/moto-oprema.com\/de\/wp-json\/wp\/v2\/types\/product"}],"replies":[{"embeddable":true,"href":"https:\/\/moto-oprema.com\/de\/wp-json\/wp\/v2\/comments?post=94417"}],"wp:featuredmedia":[{"embeddable":true,"href":"https:\/\/moto-oprema.com\/de\/wp-json\/wp\/v2\/media\/85954"}],"wp:attachment":[{"href":"https:\/\/moto-oprema.com\/de\/wp-json\/wp\/v2\/media?parent=94417"}],"wp:term":[{"taxonomy":"brand","embeddable":true,"href":"https:\/\/moto-oprema.com\/de\/wp-json\/wp\/v2\/brand?post=94417"},{"taxonomy":"gender","embeddable":true,"href":"https:\/\/moto-oprema.com\/de\/wp-json\/wp\/v2\/gender?post=94417"},{"taxonomy":"product_brand","embeddable":true,"href":"https:\/\/moto-oprema.com\/de\/wp-json\/wp\/v2\/product_brand?post=94417"},{"taxonomy":"product_cat","embeddable":true,"href":"https:\/\/moto-oprema.com\/de\/wp-json\/wp\/v2\/product_cat?post=94417"},{"taxonomy":"product_tag","embeddable":true,"href":"https:\/\/moto-oprema.com\/de\/wp-json\/wp\/v2\/product_tag?post=94417"}],"curies":[{"name":"wp","href":"https:\/\/api.w.org\/{rel}","templated":true}]}}