{"id":94416,"date":"2025-05-07T10:12:04","date_gmt":"2025-05-07T10:12:04","guid":{"rendered":"https:\/\/moto-oprema.com\/Artikel\/agv-k7-helm-taurax-schwarz-rot\/"},"modified":"2025-05-07T10:12:04","modified_gmt":"2025-05-07T10:12:04","slug":"agv-k7-helm-taurax-schwarz-rot","status":"publish","type":"product","link":"https:\/\/moto-oprema.com\/de\/Artikel\/agv-k7-helm-taurax-schwarz-rot\/","title":{"rendered":"AGV K7 HELM TAURAX SCHWARZ ROT"},"content":{"rendered":"<p>AGV K7 Helm<\/p>\n<p>Der K7 verbindet Sport und Touring auf h\u00f6chstem Niveau. Dieser leichte Integralhelm (nur 1450 g) bietet dank seiner Schale aus Verbundfasern, seinem innovativen Design und der Einhaltung der strengen Norm ECE 22-06 maximalen Schutz. Im Windkanal entwickelt, sorgt er bei jeder Fahrt f\u00fcr optimale Stabilit\u00e4t, Luftzirkulation und Komfort. Das kratzfeste Ultravision Visier mit 190 Grad Sichtfeld, die integrierte Sonnenblende und Pinlock\u00ae 120 sorgen f\u00fcr perfekte Sicht. Mit einer hochwertigen Innenausstattung und der Vorbereitung f\u00fcr ein Intercom-System ist der K7 der ideale Begleiter f\u00fcr anspruchsvolle Motorradfahrer.    <\/p>\n<p>Merkmale:<\/p>\n<ul>\n<li>Integrierter aerodynamischer Spoiler<\/li>\n<li>Sch\u00f6ne Polster, austauschbar zwischen allen Gr\u00f6\u00dfen<\/li>\n<li>Wangenknochen aus frischem und flexiblem Ritmo-Stoff<\/li>\n<li>Kopfkissen aus weichem und flexiblem Shalimar-Stoff<\/li>\n<li>DrySpeed mit sofortiger Schwei\u00dfabsorption<\/li>\n<li>Gebogenes Profil zum Schutz des Halses<\/li>\n<li>Eine speziell f\u00fcr Brillentr\u00e4ger entwickelte Passform<\/li>\n<li>\u00dcberlegener Hautkomfort durch Microsense<\/li>\n<li>Herausnehmbares und waschbares Futter<\/li>\n<li>Abnehmbarer Nasenschutz<\/li>\n<li>Abnehmbarer Windschutz<\/li>\n<li>2 hintere und 5 vordere Bel\u00fcftungs\u00f6ffnungen und einstellbare L\u00fcftungsschlitze<\/li>\n<li>Kratzfestes Visier mit 190-Grad-Sichtfeld und Mikro-\u00d6ffnungssystem<\/li>\n<li>Vorbereitet f\u00fcr 120 Pinlock (nicht enthalten)<\/li>\n<li>Eingebaute kratzfeste Sonnenblende, die ohne Werkzeug entfernt werden kann<\/li>\n<li>Mehrstufiger Visiermechanismus<\/li>\n<li>Patentierter Schnellverschlussmechanismus<\/li>\n<li>Patentiertes Visierverriegelungssystem<\/li>\n<\/ul>\n<p>Spezifikationen:<\/p>\n<p>ECE 22-06<br \/>\nFutter aus Verbundfasern<br \/>\n3 Schalengr\u00f6\u00dfen<br \/>\n1.450 g in der ersten Schalengr\u00f6\u00dfe<br \/>\nKompatibilit\u00e4t:<\/p>\n<p>Vorbereitet f\u00fcr das AGV INSYDE Kommunikationssystem<\/p>\n","protected":false},"excerpt":{"rendered":"<p>AGV K7 Helm Der K7 verbindet Sport und Touring auf h\u00f6chstem Niveau. Dieser leichte Integralhelm (nur&#8230;<\/p>\n","protected":false},"featured_media":85835,"comment_status":"open","ping_status":"closed","template":"","meta":{"_acf_changed":false},"brand":[2128],"gender":[2173],"product_brand":[],"product_cat":[1357,1360,1361],"product_tag":[],"class_list":{"0":"post-94416","1":"product","2":"type-product","3":"status-publish","4":"has-post-thumbnail","6":"brand-agv-de","7":"gender-unisex-de","8":"product_cat-ausrustung-fur-motorradfahrer","9":"product_cat-helme","10":"product_cat-integral","11":"pa_size-2xl-de","12":"pa_size-l-de","13":"pa_size-m-de","14":"pa_size-s-de","15":"pa_size-xl-de","16":"pa_size-xs-de","18":"first","19":"instock","20":"sale","21":"taxable","22":"shipping-taxable","23":"purchasable","24":"product-type-variable"},"acf":[],"_links":{"self":[{"href":"https:\/\/moto-oprema.com\/de\/wp-json\/wp\/v2\/product\/94416","targetHints":{"allow":["GET"]}}],"collection":[{"href":"https:\/\/moto-oprema.com\/de\/wp-json\/wp\/v2\/product"}],"about":[{"href":"https:\/\/moto-oprema.com\/de\/wp-json\/wp\/v2\/types\/product"}],"replies":[{"embeddable":true,"href":"https:\/\/moto-oprema.com\/de\/wp-json\/wp\/v2\/comments?post=94416"}],"wp:featuredmedia":[{"embeddable":true,"href":"https:\/\/moto-oprema.com\/de\/wp-json\/wp\/v2\/media\/85835"}],"wp:attachment":[{"href":"https:\/\/moto-oprema.com\/de\/wp-json\/wp\/v2\/media?parent=94416"}],"wp:term":[{"taxonomy":"brand","embeddable":true,"href":"https:\/\/moto-oprema.com\/de\/wp-json\/wp\/v2\/brand?post=94416"},{"taxonomy":"gender","embeddable":true,"href":"https:\/\/moto-oprema.com\/de\/wp-json\/wp\/v2\/gender?post=94416"},{"taxonomy":"product_brand","embeddable":true,"href":"https:\/\/moto-oprema.com\/de\/wp-json\/wp\/v2\/product_brand?post=94416"},{"taxonomy":"product_cat","embeddable":true,"href":"https:\/\/moto-oprema.com\/de\/wp-json\/wp\/v2\/product_cat?post=94416"},{"taxonomy":"product_tag","embeddable":true,"href":"https:\/\/moto-oprema.com\/de\/wp-json\/wp\/v2\/product_tag?post=94416"}],"curies":[{"name":"wp","href":"https:\/\/api.w.org\/{rel}","templated":true}]}}