{"id":94343,"date":"2025-05-06T08:41:00","date_gmt":"2025-05-06T08:41:00","guid":{"rendered":"https:\/\/moto-oprema.com\/Artikel\/spidi-pit-lane-jacke-schwarz\/"},"modified":"2025-05-06T08:41:00","modified_gmt":"2025-05-06T08:41:00","slug":"spidi-pit-lane-jacke-schwarz","status":"publish","type":"product","link":"https:\/\/moto-oprema.com\/de\/Artikel\/spidi-pit-lane-jacke-schwarz\/","title":{"rendered":"SPIDI PIT LANE JACKE SCHWARZ"},"content":{"rendered":"<p>Die SPIDI Pit Lane ist eine leichte und gut bel\u00fcftete Motorradjacke, die Stra\u00dfen\u00e4sthetik mit fortschrittlicher Schutztechnologie kombiniert. Die in Zusammenarbeit mit Drudi Performance entwickelte Jacke hat einen entspannten Schnitt mit einer leicht verl\u00e4ngerten L\u00e4nge, die f\u00fcr Komfort und Bewegungsfreiheit sorgt. <\/p>\n<p>Die Innenstruktur ist vollst\u00e4ndig mit einem feuchtigkeitsableitenden Mesh gef\u00fcttert, das die Atmungsaktivit\u00e4t auch unter anspruchsvollen Bedingungen optimiert. Das Bel\u00fcftungssystem umfasst vier verstellbare Lufteinl\u00e4sse, die strategisch so konzipiert sind, dass der Luftstrom dorthin geleitet wird, wo er am meisten ben\u00f6tigt wird. Die Au\u00dfenh\u00fclle besteht aus WindOut Ripstop, einem technischen Gewebe mit hoher Rei\u00dffestigkeit dank seiner dichten und strapazierf\u00e4higen Webart. Gleichzeitig bietet es winddichte Eigenschaften f\u00fcr mehr W\u00e4rmekomfort.   <\/p>\n<p>Die SPIDI Pit Lane, die nach Klasse A zertifiziert ist, ist mit abnehmbaren Schulter- und Ellbogensch\u00fctzern der Stufe 2 ausgestattet und kann f\u00fcr zus\u00e4tzliche Sicherheit mit den Warrior-Brust- und Warrior-R\u00fcckenprotektoren kombiniert werden. <\/p>\n<p>100% Polyester<\/p>\n<p>&nbsp;<\/p>\n","protected":false},"excerpt":{"rendered":"<p>Die SPIDI Pit Lane ist eine leichte und gut bel\u00fcftete Motorradjacke, die Stra\u00dfen\u00e4sthetik mit fortschrittlicher Schutztechnologie&#8230;<\/p>\n","protected":false},"featured_media":85523,"comment_status":"open","ping_status":"closed","template":"","meta":{"_acf_changed":false},"brand":[2124],"gender":[2168],"product_brand":[],"product_cat":[1357,2045,2048],"product_tag":[],"class_list":{"0":"post-94343","1":"product","2":"type-product","3":"status-publish","4":"has-post-thumbnail","6":"brand-spidi-de","7":"gender-moski-de","8":"product_cat-ausrustung-fur-motorradfahrer","9":"product_cat-jakne-de","10":"product_cat-textil-jacken","11":"pa_size-2xl-de","12":"pa_size-3xl-de","13":"pa_size-l-de","14":"pa_size-m-de","15":"pa_size-s-de","16":"pa_size-xl-de","18":"first","19":"outofstock","20":"sale","21":"taxable","22":"shipping-taxable","23":"purchasable","24":"product-type-variable"},"acf":[],"_links":{"self":[{"href":"https:\/\/moto-oprema.com\/de\/wp-json\/wp\/v2\/product\/94343","targetHints":{"allow":["GET"]}}],"collection":[{"href":"https:\/\/moto-oprema.com\/de\/wp-json\/wp\/v2\/product"}],"about":[{"href":"https:\/\/moto-oprema.com\/de\/wp-json\/wp\/v2\/types\/product"}],"replies":[{"embeddable":true,"href":"https:\/\/moto-oprema.com\/de\/wp-json\/wp\/v2\/comments?post=94343"}],"wp:featuredmedia":[{"embeddable":true,"href":"https:\/\/moto-oprema.com\/de\/wp-json\/wp\/v2\/media\/85523"}],"wp:attachment":[{"href":"https:\/\/moto-oprema.com\/de\/wp-json\/wp\/v2\/media?parent=94343"}],"wp:term":[{"taxonomy":"brand","embeddable":true,"href":"https:\/\/moto-oprema.com\/de\/wp-json\/wp\/v2\/brand?post=94343"},{"taxonomy":"gender","embeddable":true,"href":"https:\/\/moto-oprema.com\/de\/wp-json\/wp\/v2\/gender?post=94343"},{"taxonomy":"product_brand","embeddable":true,"href":"https:\/\/moto-oprema.com\/de\/wp-json\/wp\/v2\/product_brand?post=94343"},{"taxonomy":"product_cat","embeddable":true,"href":"https:\/\/moto-oprema.com\/de\/wp-json\/wp\/v2\/product_cat?post=94343"},{"taxonomy":"product_tag","embeddable":true,"href":"https:\/\/moto-oprema.com\/de\/wp-json\/wp\/v2\/product_tag?post=94343"}],"curies":[{"name":"wp","href":"https:\/\/api.w.org\/{rel}","templated":true}]}}