{"id":94315,"date":"2025-05-05T08:01:32","date_gmt":"2025-05-05T08:01:32","guid":{"rendered":"https:\/\/moto-oprema.com\/Artikel\/spidi-flash-r-evo-handschuhe-schwarz-fluo-gelb\/"},"modified":"2025-05-05T08:01:32","modified_gmt":"2025-05-05T08:01:32","slug":"spidi-flash-r-evo-handschuhe-schwarz-fluo-gelb","status":"publish","type":"product","link":"https:\/\/moto-oprema.com\/de\/Artikel\/spidi-flash-r-evo-handschuhe-schwarz-fluo-gelb\/","title":{"rendered":"SPIDI FLASH-R EVO HANDSCHUHE SCHWARZ FLUO GELB"},"content":{"rendered":"<p>Der Spidi Flas-R Evo ist ein Sommer-Motorradhandschuh f\u00fcr Herren, der mit einem halbstarren Kn\u00f6chelschutz sowie Wildleder und Neopren f\u00fcr h\u00f6here Abriebfestigkeit verst\u00e4rkt ist. Perforierte Mesh-Eins\u00e4tze und ein bel\u00fcfteter Kn\u00f6chelschutz sorgen f\u00fcr maximalen W\u00e4rmekomfort im Sommer. Ein Klettverschluss am Handgelenk vervollst\u00e4ndigt die Ausstattung dieses Handschuhs, der sich sowohl f\u00fcr urbane Umgebungen als auch f\u00fcr mittelfristige Touristentouren eignet. <\/p>\n<p>TECHNISCHE MERKMALE:<\/p>\n<ul>\n<li>Elastischer Stoff.<\/li>\n<li>Neopren Details.<\/li>\n<li>Details aus Mikrofaser.<\/li>\n<li>Elastischer Powertech-Kn\u00f6chel.<\/li>\n<li>Verst\u00e4rkung von der Seite.<\/li>\n<li>Verst\u00e4rkungen auf der Handfl\u00e4che.<\/li>\n<\/ul>\n<p>&nbsp;<\/p>\n","protected":false},"excerpt":{"rendered":"<p>Der Spidi Flas-R Evo ist ein Sommer-Motorradhandschuh f\u00fcr Herren, der mit einem halbstarren Kn\u00f6chelschutz sowie Wildleder&#8230;<\/p>\n","protected":false},"featured_media":84921,"comment_status":"open","ping_status":"closed","template":"","meta":{"_acf_changed":false},"brand":[2124],"gender":[2168],"product_brand":[],"product_cat":[1357,2086,2092],"product_tag":[],"class_list":{"0":"post-94315","1":"product","2":"type-product","3":"status-publish","4":"has-post-thumbnail","6":"brand-spidi-de","7":"gender-moski-de","8":"product_cat-ausrustung-fur-motorradfahrer","9":"product_cat-handschuhe","10":"product_cat-textil-handschuhe","11":"pa_velikost-rokovice-l-de","12":"pa_velikost-rokovice-m-de","13":"pa_velikost-rokovice-s-de","14":"pa_velikost-rokovice-xl-de","15":"pa_velikost-rokovice-xxl-de","16":"pa_velikost-rokovice-xxxl-de","18":"first","19":"instock","20":"taxable","21":"shipping-taxable","22":"purchasable","23":"product-type-variable"},"acf":[],"_links":{"self":[{"href":"https:\/\/moto-oprema.com\/de\/wp-json\/wp\/v2\/product\/94315","targetHints":{"allow":["GET"]}}],"collection":[{"href":"https:\/\/moto-oprema.com\/de\/wp-json\/wp\/v2\/product"}],"about":[{"href":"https:\/\/moto-oprema.com\/de\/wp-json\/wp\/v2\/types\/product"}],"replies":[{"embeddable":true,"href":"https:\/\/moto-oprema.com\/de\/wp-json\/wp\/v2\/comments?post=94315"}],"wp:featuredmedia":[{"embeddable":true,"href":"https:\/\/moto-oprema.com\/de\/wp-json\/wp\/v2\/media\/84921"}],"wp:attachment":[{"href":"https:\/\/moto-oprema.com\/de\/wp-json\/wp\/v2\/media?parent=94315"}],"wp:term":[{"taxonomy":"brand","embeddable":true,"href":"https:\/\/moto-oprema.com\/de\/wp-json\/wp\/v2\/brand?post=94315"},{"taxonomy":"gender","embeddable":true,"href":"https:\/\/moto-oprema.com\/de\/wp-json\/wp\/v2\/gender?post=94315"},{"taxonomy":"product_brand","embeddable":true,"href":"https:\/\/moto-oprema.com\/de\/wp-json\/wp\/v2\/product_brand?post=94315"},{"taxonomy":"product_cat","embeddable":true,"href":"https:\/\/moto-oprema.com\/de\/wp-json\/wp\/v2\/product_cat?post=94315"},{"taxonomy":"product_tag","embeddable":true,"href":"https:\/\/moto-oprema.com\/de\/wp-json\/wp\/v2\/product_tag?post=94315"}],"curies":[{"name":"wp","href":"https:\/\/api.w.org\/{rel}","templated":true}]}}