{"id":94301,"date":"2025-04-25T10:33:54","date_gmt":"2025-04-25T10:33:54","guid":{"rendered":"https:\/\/moto-oprema.com\/Artikel\/spidi-sts-3-herren-handschuhe-schwarz-weiss-blau\/"},"modified":"2025-04-25T10:33:54","modified_gmt":"2025-04-25T10:33:54","slug":"spidi-sts-3-herren-handschuhe-schwarz-weiss-blau","status":"publish","type":"product","link":"https:\/\/moto-oprema.com\/de\/Artikel\/spidi-sts-3-herren-handschuhe-schwarz-weiss-blau\/","title":{"rendered":"SPIDI STS-3 HERREN HANDSCHUHE SCHWARZ WEISS BLAU"},"content":{"rendered":"<p>Spidi STS-3 Motorradhandschuhe f\u00fcr Herren<\/p>\n<p>Die Spidi STS-3 Handschuhe sind die perfekte Erg\u00e4nzung zu Ihrer Sportreiseausr\u00fcstung.<\/p>\n<p>Merkmale:<\/p>\n<ul>\n<li>Das Material wird f\u00fcr mehr Sicherheit vervielf\u00e4ltigt.<\/li>\n<li>Kn\u00f6chelprotektor<\/li>\n<li>Hergestellt aus Ziegenleder<\/li>\n<li>Fingerspitzen sind mit dem Touchscreen kompatibel<\/li>\n<li>Praktischer Klettverschluss an Handgelenk und Manschette f\u00fcr eine optimale Passform<\/li>\n<li>In \u00dcbereinstimmung mit EN13594:2015<\/li>\n<\/ul>\n<p>Zusammensetzung des Rohmaterials: 100% Leder<\/p>\n","protected":false},"excerpt":{"rendered":"<p>Spidi STS-3 Motorradhandschuhe f\u00fcr Herren Die Spidi STS-3 Handschuhe sind die perfekte Erg\u00e4nzung zu Ihrer Sportreiseausr\u00fcstung&#8230;.<\/p>\n","protected":false},"featured_media":84657,"comment_status":"open","ping_status":"closed","template":"","meta":{"_acf_changed":false},"brand":[2124],"gender":[2168],"product_brand":[],"product_cat":[1357,2086,2188],"product_tag":[],"class_list":{"0":"post-94301","1":"product","2":"type-product","3":"status-publish","4":"has-post-thumbnail","6":"brand-spidi-de","7":"gender-moski-de","8":"product_cat-ausrustung-fur-motorradfahrer","9":"product_cat-handschuhe","10":"product_cat-lederhandschuhe","11":"pa_size-l-de","12":"pa_size-m-de","13":"pa_size-s-de","14":"pa_size-xl-de","15":"pa_size-xxl-de","16":"pa_size-xxxl-de","18":"first","19":"instock","20":"sale","21":"taxable","22":"shipping-taxable","23":"purchasable","24":"product-type-variable"},"acf":[],"_links":{"self":[{"href":"https:\/\/moto-oprema.com\/de\/wp-json\/wp\/v2\/product\/94301","targetHints":{"allow":["GET"]}}],"collection":[{"href":"https:\/\/moto-oprema.com\/de\/wp-json\/wp\/v2\/product"}],"about":[{"href":"https:\/\/moto-oprema.com\/de\/wp-json\/wp\/v2\/types\/product"}],"replies":[{"embeddable":true,"href":"https:\/\/moto-oprema.com\/de\/wp-json\/wp\/v2\/comments?post=94301"}],"wp:featuredmedia":[{"embeddable":true,"href":"https:\/\/moto-oprema.com\/de\/wp-json\/wp\/v2\/media\/84657"}],"wp:attachment":[{"href":"https:\/\/moto-oprema.com\/de\/wp-json\/wp\/v2\/media?parent=94301"}],"wp:term":[{"taxonomy":"brand","embeddable":true,"href":"https:\/\/moto-oprema.com\/de\/wp-json\/wp\/v2\/brand?post=94301"},{"taxonomy":"gender","embeddable":true,"href":"https:\/\/moto-oprema.com\/de\/wp-json\/wp\/v2\/gender?post=94301"},{"taxonomy":"product_brand","embeddable":true,"href":"https:\/\/moto-oprema.com\/de\/wp-json\/wp\/v2\/product_brand?post=94301"},{"taxonomy":"product_cat","embeddable":true,"href":"https:\/\/moto-oprema.com\/de\/wp-json\/wp\/v2\/product_cat?post=94301"},{"taxonomy":"product_tag","embeddable":true,"href":"https:\/\/moto-oprema.com\/de\/wp-json\/wp\/v2\/product_tag?post=94301"}],"curies":[{"name":"wp","href":"https:\/\/api.w.org\/{rel}","templated":true}]}}