{"id":94259,"date":"2025-04-25T10:22:18","date_gmt":"2025-04-25T10:22:18","guid":{"rendered":"https:\/\/moto-oprema.com\/Artikel\/spidi-x-gt-handschuhe-schwarz-blau-rot\/"},"modified":"2025-04-25T10:22:18","modified_gmt":"2025-04-25T10:22:18","slug":"spidi-x-gt-handschuhe-schwarz-blau-rot","status":"publish","type":"product","link":"https:\/\/moto-oprema.com\/de\/Artikel\/spidi-x-gt-handschuhe-schwarz-blau-rot\/","title":{"rendered":"SPIDI X-GT HANDSCHUHE SCHWARZ BLAU ROT"},"content":{"rendered":"<p>Die Spidi X-GT Motorradhandschuhe sehen nicht nur schick aus, sondern verf\u00fcgen auch \u00fcber n\u00fctzliche Funktionen. Der Neoprenstoff ist elastisch, bequem und wasserdicht und die Kn\u00f6chelpolster bieten ausreichenden Schutz. Au\u00dferdem haben sie einen Rei\u00dfverschluss f\u00fcr Menschen mit st\u00e4rkeren Handgelenken und erleichtern das Anziehen.  <\/p>\n<p>Merkmale:<\/p>\n<ul>\n<li>Polsterung auf der Handfl\u00e4che<\/li>\n<li>Polsterung auf dem Handr\u00fccken<\/li>\n<li>Polsterung an der Au\u00dfenseite der Handfl\u00e4che<\/li>\n<li>Bel\u00fcftung<\/li>\n<li>Touchscreen-kompatible Fingereins\u00e4tze<\/li>\n<li>Dehnbarkeit in Form eines Akkordeons<\/li>\n<li>Sehr widerstandsf\u00e4hige Velours-Mikrofaser<\/li>\n<li>dehnbarer Stoff\/dehnbar<\/li>\n<li>perforiertes Mesh-Gewebe<\/li>\n<li>Neoprengewebe: elastisch, bequem und wasserdicht<\/li>\n<li>Polyurethan-Schild mit variabler Dichte und Sto\u00dfd\u00e4mpfungsfunktion<br \/>\nSpezifikationen:<\/li>\n<\/ul>\n<p>Ziegenleder in der St\u00e4rke 0,6\/0,8 mm, hohe Passform<br \/>\nDurchschnittsgewicht 0,1 kg<br \/>\nMotorradschutzhandschuhe PSA nach EN 13594:2015 mit Kn\u00f6chelprotektoren der Stufe 1<br \/>\nMotorradschutzkleidung (UE)2016\/454<\/p>\n","protected":false},"excerpt":{"rendered":"<p>Die Spidi X-GT Motorradhandschuhe sehen nicht nur schick aus, sondern verf\u00fcgen auch \u00fcber n\u00fctzliche Funktionen. Der&#8230;<\/p>\n","protected":false},"featured_media":84442,"comment_status":"open","ping_status":"closed","template":"","meta":{"_acf_changed":false},"brand":[2124],"gender":[2168],"product_brand":[],"product_cat":[1357,2086,2188,2092],"product_tag":[],"class_list":{"0":"post-94259","1":"product","2":"type-product","3":"status-publish","4":"has-post-thumbnail","6":"brand-spidi-de","7":"gender-moski-de","8":"product_cat-ausrustung-fur-motorradfahrer","9":"product_cat-handschuhe","10":"product_cat-lederhandschuhe","11":"product_cat-textil-handschuhe","12":"pa_velikost-rokovice-l-de","13":"pa_velikost-rokovice-m-de","14":"pa_velikost-rokovice-s-de","15":"pa_velikost-rokovice-xl-de","16":"pa_velikost-rokovice-xxl-de","17":"pa_velikost-rokovice-xxxl-de","19":"first","20":"instock","21":"sale","22":"taxable","23":"shipping-taxable","24":"purchasable","25":"product-type-variable"},"acf":[],"_links":{"self":[{"href":"https:\/\/moto-oprema.com\/de\/wp-json\/wp\/v2\/product\/94259","targetHints":{"allow":["GET"]}}],"collection":[{"href":"https:\/\/moto-oprema.com\/de\/wp-json\/wp\/v2\/product"}],"about":[{"href":"https:\/\/moto-oprema.com\/de\/wp-json\/wp\/v2\/types\/product"}],"replies":[{"embeddable":true,"href":"https:\/\/moto-oprema.com\/de\/wp-json\/wp\/v2\/comments?post=94259"}],"wp:featuredmedia":[{"embeddable":true,"href":"https:\/\/moto-oprema.com\/de\/wp-json\/wp\/v2\/media\/84442"}],"wp:attachment":[{"href":"https:\/\/moto-oprema.com\/de\/wp-json\/wp\/v2\/media?parent=94259"}],"wp:term":[{"taxonomy":"brand","embeddable":true,"href":"https:\/\/moto-oprema.com\/de\/wp-json\/wp\/v2\/brand?post=94259"},{"taxonomy":"gender","embeddable":true,"href":"https:\/\/moto-oprema.com\/de\/wp-json\/wp\/v2\/gender?post=94259"},{"taxonomy":"product_brand","embeddable":true,"href":"https:\/\/moto-oprema.com\/de\/wp-json\/wp\/v2\/product_brand?post=94259"},{"taxonomy":"product_cat","embeddable":true,"href":"https:\/\/moto-oprema.com\/de\/wp-json\/wp\/v2\/product_cat?post=94259"},{"taxonomy":"product_tag","embeddable":true,"href":"https:\/\/moto-oprema.com\/de\/wp-json\/wp\/v2\/product_tag?post=94259"}],"curies":[{"name":"wp","href":"https:\/\/api.w.org\/{rel}","templated":true}]}}